{"id":158,"date":"2011-07-12T21:34:35","date_gmt":"2011-07-12T19:34:35","guid":{"rendered":"http:\/\/hintz.bplaced.net\/?page_id=158"},"modified":"2011-07-30T21:24:53","modified_gmt":"2011-07-30T19:24:53","slug":"schrotholzkirche","status":"publish","type":"page","link":"http:\/\/hintz.bplaced.net\/de\/fotos\/polen\/gliwice\/schrotholzkirche\/","title":{"rendered":"Schrotholzkirche"},"content":{"rendered":"<p><\/p>\n<h1>Schrotholzkirche<\/h1>\n<div class=\"col w8\"><a class=\"col w2\" href=\"http:\/\/hintz.bplaced.net\/de\/fotos\/polen\/gliwice\/schrotholzkirche\/attachment\/holzkirche\/\" data-src=\"http:\/\/hintz.bplaced.net\/images\/2011\/07\/holzkirche.jpg\" rel=\"lyteshow-\"><figure><img src=\"http:\/\/hintz.bplaced.net\/images\/2011\/07\/holzkirche-140x140.jpg\" width=\"140\" height=\"140\"><figcaption><h1>Schrotholzkirche<\/h1><h2><\/h2><p><\/p><\/figcaption><\/figure><\/a><a class=\"col w2\" href=\"http:\/\/hintz.bplaced.net\/de\/fotos\/polen\/gliwice\/schrotholzkirche\/attachment\/altarraum\/\" data-src=\"http:\/\/hintz.bplaced.net\/images\/2011\/07\/altarraum.jpg\" rel=\"lyteshow-\"><figure><img src=\"http:\/\/hintz.bplaced.net\/images\/2011\/07\/altarraum-140x140.jpg\" width=\"140\" height=\"140\"><figcaption><h1>Altarraum<\/h1><h2><\/h2><p><\/p><\/figcaption><\/figure><\/a><a class=\"col w2\" href=\"http:\/\/hintz.bplaced.net\/de\/fotos\/polen\/gliwice\/schrotholzkirche\/attachment\/papst-2\/\" data-src=\"http:\/\/hintz.bplaced.net\/images\/2011\/07\/papst1.jpg\" rel=\"lyteshow-\"><figure><img src=\"http:\/\/hintz.bplaced.net\/images\/2011\/07\/papst1-140x140.jpg\" width=\"140\" height=\"140\"><figcaption><h1>Papst<\/h1><h2><\/h2><p><\/p><\/figcaption><\/figure><\/a><a class=\"col w2\" href=\"http:\/\/hintz.bplaced.net\/de\/fotos\/polen\/gliwice\/schrotholzkirche\/attachment\/altar-3\/\" data-src=\"http:\/\/hintz.bplaced.net\/images\/2011\/07\/altar2.jpg\" rel=\"lyteshow-\"><figure><img src=\"http:\/\/hintz.bplaced.net\/images\/2011\/07\/altar2-140x140.jpg\" width=\"140\" height=\"140\"><figcaption><h1>Altar<\/h1><h2><\/h2><p><\/p><\/figcaption><\/figure><\/a><a class=\"col w2\" href=\"http:\/\/hintz.bplaced.net\/de\/fotos\/polen\/gliwice\/schrotholzkirche\/attachment\/rechts\/\" data-src=\"http:\/\/hintz.bplaced.net\/images\/2011\/07\/rechts.jpg\" rel=\"lyteshow-\"><figure><img src=\"http:\/\/hintz.bplaced.net\/images\/2011\/07\/rechts-140x140.jpg\" width=\"140\" height=\"140\"><figcaption><h1>Maria<\/h1><h2><\/h2><p><\/p><\/figcaption><\/figure><\/a><a class=\"col w2\" href=\"http:\/\/hintz.bplaced.net\/de\/fotos\/polen\/gliwice\/schrotholzkirche\/attachment\/decke\/\" data-src=\"http:\/\/hintz.bplaced.net\/images\/2011\/07\/decke.jpg\" rel=\"lyteshow-\"><figure><img src=\"http:\/\/hintz.bplaced.net\/images\/2011\/07\/decke-140x140.jpg\" width=\"140\" height=\"140\"><figcaption><h1>Decke<\/h1><h2><\/h2><p><\/p><\/figcaption><\/figure><\/a><a class=\"col w2\" href=\"http:\/\/hintz.bplaced.net\/de\/fotos\/polen\/gliwice\/schrotholzkirche\/attachment\/decke2\/\" data-src=\"http:\/\/hintz.bplaced.net\/images\/2011\/07\/decke2.jpg\" rel=\"lyteshow-\"><figure><img src=\"http:\/\/hintz.bplaced.net\/images\/2011\/07\/decke2-140x140.jpg\" width=\"140\" height=\"140\"><figcaption><h1>Decke<\/h1><h2><\/h2><p><\/p><\/figcaption><\/figure><\/a><a class=\"col w2\" href=\"http:\/\/hintz.bplaced.net\/de\/fotos\/polen\/gliwice\/schrotholzkirche\/attachment\/ecke\/\" data-src=\"http:\/\/hintz.bplaced.net\/images\/2011\/07\/ecke.jpg\" rel=\"lyteshow-\"><figure><img src=\"http:\/\/hintz.bplaced.net\/images\/2011\/07\/ecke-140x140.jpg\" width=\"140\" height=\"140\"><figcaption><h1>Ecke<\/h1><h2><\/h2><p><\/p><\/figcaption><\/figure><\/a><\/div>\n<p><a href=\"http:\/\/www.um.gliwice.pl\/index.php?id=10677\/1\" target=\"_blank\">Ko\u015bci\u00f3\u0142 Rektorski Wniebowzi\u0119cia Naj\u015bwi\u0119tszej Maryi Panny<\/a><\/p>","protected":false},"excerpt":{"rendered":"<p>Schrotholzkirche Ko\u015bci\u00f3\u0142 Rektorski Wniebowzi\u0119cia Naj\u015bwi\u0119tszej Maryi Panny<\/p>\n","protected":false},"author":1,"featured_media":917,"parent":152,"menu_order":3,"comment_status":"open","ping_status":"open","template":"","meta":[],"_links":{"self":[{"href":"http:\/\/hintz.bplaced.net\/de\/wp-json\/wp\/v2\/pages\/158"}],"collection":[{"href":"http:\/\/hintz.bplaced.net\/de\/wp-json\/wp\/v2\/pages"}],"about":[{"href":"http:\/\/hintz.bplaced.net\/de\/wp-json\/wp\/v2\/types\/page"}],"author":[{"embeddable":true,"href":"http:\/\/hintz.bplaced.net\/de\/wp-json\/wp\/v2\/users\/1"}],"replies":[{"embeddable":true,"href":"http:\/\/hintz.bplaced.net\/de\/wp-json\/wp\/v2\/comments?post=158"}],"version-history":[{"count":6,"href":"http:\/\/hintz.bplaced.net\/de\/wp-json\/wp\/v2\/pages\/158\/revisions"}],"predecessor-version":[{"id":2175,"href":"http:\/\/hintz.bplaced.net\/de\/wp-json\/wp\/v2\/pages\/158\/revisions\/2175"}],"up":[{"embeddable":true,"href":"http:\/\/hintz.bplaced.net\/de\/wp-json\/wp\/v2\/pages\/152"}],"wp:featuredmedia":[{"embeddable":true,"href":"http:\/\/hintz.bplaced.net\/de\/wp-json\/wp\/v2\/media\/917"}],"wp:attachment":[{"href":"http:\/\/hintz.bplaced.net\/de\/wp-json\/wp\/v2\/media?parent=158"}],"curies":[{"name":"wp","href":"https:\/\/api.w.org\/{rel}","templated":true}]}}