{"id":160,"date":"2011-07-12T21:34:48","date_gmt":"2011-07-12T19:34:48","guid":{"rendered":"http:\/\/hintz.bplaced.net\/?page_id=160"},"modified":"2011-07-30T21:25:20","modified_gmt":"2011-07-30T19:25:20","slug":"matki","status":"publish","type":"page","link":"http:\/\/hintz.bplaced.net\/de\/fotos\/polen\/gliwice\/matki\/","title":{"rendered":"Matki"},"content":{"rendered":"<p><\/p>\n<h1>Pfarrkirche der Unbefleckten Empf\u00e4ngnis Heiliger Jungfrau Maria Mutter der Kirche<\/h1>\n<div class=\"col w8\"><a class=\"col w2\" href=\"http:\/\/hintz.bplaced.net\/de\/fotos\/polen\/gliwice\/matki\/attachment\/eingang-2\/\" data-src=\"http:\/\/hintz.bplaced.net\/images\/2011\/07\/eingang1.jpg\" rel=\"lyteshow-\"><figure><img src=\"http:\/\/hintz.bplaced.net\/images\/2011\/07\/eingang1-140x140.jpg\" width=\"140\" height=\"140\"><figcaption><h1>Eingang<\/h1><h2><\/h2><p><\/p><\/figcaption><\/figure><\/a><a class=\"col w2\" href=\"http:\/\/hintz.bplaced.net\/de\/fotos\/polen\/gliwice\/matki\/attachment\/hof\/\" data-src=\"http:\/\/hintz.bplaced.net\/images\/2011\/07\/hof.jpg\" rel=\"lyteshow-\"><figure><img src=\"http:\/\/hintz.bplaced.net\/images\/2011\/07\/hof-140x140.jpg\" width=\"140\" height=\"140\"><figcaption><h1>Hof<\/h1><h2><\/h2><p><\/p><\/figcaption><\/figure><\/a><a class=\"col w2\" href=\"http:\/\/hintz.bplaced.net\/de\/fotos\/polen\/gliwice\/matki\/attachment\/saal-2\/\" data-src=\"http:\/\/hintz.bplaced.net\/images\/2011\/07\/saal1.jpg\" rel=\"lyteshow-\"><figure><img src=\"http:\/\/hintz.bplaced.net\/images\/2011\/07\/saal1-140x140.jpg\" width=\"140\" height=\"140\"><figcaption><h1>Saal<\/h1><h2><\/h2><p><\/p><\/figcaption><\/figure><\/a><a class=\"col w2\" href=\"http:\/\/hintz.bplaced.net\/de\/fotos\/polen\/gliwice\/matki\/attachment\/achse\/\" data-src=\"http:\/\/hintz.bplaced.net\/images\/2011\/07\/achse.jpg\" rel=\"lyteshow-\"><figure><img src=\"http:\/\/hintz.bplaced.net\/images\/2011\/07\/achse-140x140.jpg\" width=\"140\" height=\"140\"><figcaption><h1>Achse<\/h1><h2><\/h2><p><\/p><\/figcaption><\/figure><\/a><a class=\"col w2\" href=\"http:\/\/hintz.bplaced.net\/de\/fotos\/polen\/gliwice\/matki\/attachment\/altar-2\/\" data-src=\"http:\/\/hintz.bplaced.net\/images\/2011\/07\/altar1.jpg\" rel=\"lyteshow-\"><figure><img src=\"http:\/\/hintz.bplaced.net\/images\/2011\/07\/altar1-140x140.jpg\" width=\"140\" height=\"140\"><figcaption><h1>Altar<\/h1><h2><\/h2><p><\/p><\/figcaption><\/figure><\/a><a class=\"col w2\" href=\"http:\/\/hintz.bplaced.net\/de\/fotos\/polen\/gliwice\/matki\/attachment\/orgel\/\" data-src=\"http:\/\/hintz.bplaced.net\/images\/2011\/07\/orgel.jpg\" rel=\"lyteshow-\"><figure><img src=\"http:\/\/hintz.bplaced.net\/images\/2011\/07\/orgel-140x140.jpg\" width=\"140\" height=\"140\"><figcaption><h1>Orgel<\/h1><h2><\/h2><p><\/p><\/figcaption><\/figure><\/a><a class=\"col w2\" href=\"http:\/\/hintz.bplaced.net\/de\/fotos\/polen\/gliwice\/matki\/attachment\/nische\/\" data-src=\"http:\/\/hintz.bplaced.net\/images\/2011\/07\/nische.jpg\" rel=\"lyteshow-\"><figure><img src=\"http:\/\/hintz.bplaced.net\/images\/2011\/07\/nische-140x140.jpg\" width=\"140\" height=\"140\"><figcaption><h1>Nische<\/h1><h2><\/h2><p><\/p><\/figcaption><\/figure><\/a><a class=\"col w2\" href=\"http:\/\/hintz.bplaced.net\/de\/fotos\/polen\/gliwice\/matki\/attachment\/glasfenster\/\" data-src=\"http:\/\/hintz.bplaced.net\/images\/2011\/07\/glasfenster.jpg\" rel=\"lyteshow-\"><figure><img src=\"http:\/\/hintz.bplaced.net\/images\/2011\/07\/glasfenster-140x140.jpg\" width=\"140\" height=\"140\"><figcaption><h1>Glasfenster<\/h1><h2><\/h2><p><\/p><\/figcaption><\/figure><\/a><a class=\"col w2\" href=\"http:\/\/hintz.bplaced.net\/de\/fotos\/polen\/gliwice\/matki\/attachment\/glockenturm\/\" data-src=\"http:\/\/hintz.bplaced.net\/images\/2011\/07\/glockenturm.jpg\" rel=\"lyteshow-\"><figure><img src=\"http:\/\/hintz.bplaced.net\/images\/2011\/07\/glockenturm-140x140.jpg\" width=\"140\" height=\"140\"><figcaption><h1>Glockenturm<\/h1><h2><\/h2><p><\/p><\/figcaption><\/figure><\/a><\/div>\n<p><a href=\"http:\/\/www.um.gliwice.pl\/index.php?id=411\/1\" target=\"_blank\">Ko\u015bci\u00f3\u0142 Naj\u015bwi\u0119tszej Maryi Panny Matki Ko\u015bcio\u0142a<\/a><\/p>","protected":false},"excerpt":{"rendered":"<p>Pfarrkirche der Unbefleckten Empf\u00e4ngnis Heiliger Jungfrau Maria Mutter der Kirche Ko\u015bci\u00f3\u0142 Naj\u015bwi\u0119tszej Maryi Panny Matki Ko\u015bcio\u0142a<\/p>\n","protected":false},"author":1,"featured_media":913,"parent":152,"menu_order":4,"comment_status":"open","ping_status":"open","template":"","meta":[],"_links":{"self":[{"href":"http:\/\/hintz.bplaced.net\/de\/wp-json\/wp\/v2\/pages\/160"}],"collection":[{"href":"http:\/\/hintz.bplaced.net\/de\/wp-json\/wp\/v2\/pages"}],"about":[{"href":"http:\/\/hintz.bplaced.net\/de\/wp-json\/wp\/v2\/types\/page"}],"author":[{"embeddable":true,"href":"http:\/\/hintz.bplaced.net\/de\/wp-json\/wp\/v2\/users\/1"}],"replies":[{"embeddable":true,"href":"http:\/\/hintz.bplaced.net\/de\/wp-json\/wp\/v2\/comments?post=160"}],"version-history":[{"count":6,"href":"http:\/\/hintz.bplaced.net\/de\/wp-json\/wp\/v2\/pages\/160\/revisions"}],"predecessor-version":[{"id":2176,"href":"http:\/\/hintz.bplaced.net\/de\/wp-json\/wp\/v2\/pages\/160\/revisions\/2176"}],"up":[{"embeddable":true,"href":"http:\/\/hintz.bplaced.net\/de\/wp-json\/wp\/v2\/pages\/152"}],"wp:featuredmedia":[{"embeddable":true,"href":"http:\/\/hintz.bplaced.net\/de\/wp-json\/wp\/v2\/media\/913"}],"wp:attachment":[{"href":"http:\/\/hintz.bplaced.net\/de\/wp-json\/wp\/v2\/media?parent=160"}],"curies":[{"name":"wp","href":"https:\/\/api.w.org\/{rel}","templated":true}]}}