{"id":1870,"date":"2011-07-16T10:47:11","date_gmt":"2011-07-16T08:47:11","guid":{"rendered":"http:\/\/hintz.bplaced.net\/?page_id=1870"},"modified":"2011-07-31T17:42:26","modified_gmt":"2011-07-31T15:42:26","slug":"corbusierhaus","status":"publish","type":"page","link":"http:\/\/hintz.bplaced.net\/de\/fotos\/staedte\/berlin\/corbusierhaus\/","title":{"rendered":"Corbusierhaus"},"content":{"rendered":"<p><\/p>\n<h1>Das Corbusierhaus in Berlin<\/h1>\n<p><div class=\"col w8\"><a class=\"col w2\" href=\"http:\/\/hintz.bplaced.net\/de\/fotos\/staedte\/berlin\/corbusierhaus\/attachment\/corbusierhaus1\/\" data-src=\"http:\/\/hintz.bplaced.net\/images\/2011\/07\/corbusierhaus1.jpg\" rel=\"lyteshow-\"><figure><img src=\"http:\/\/hintz.bplaced.net\/images\/2011\/07\/corbusierhaus1-140x140.jpg\" width=\"140\" height=\"140\" alt=\"Die Westseite des Corbusierhauses\"><figcaption><h1>Westseite<\/h1><h2>Die Geschichte<\/h2><p>Anl\u00e4sslich der internationalen Bauausstellung Interbau, die vom 6.7.1957 bis 29.09.1957 in Berlin stattfand, wurden zahlreiche renomierte Architekten eingeladen mit einem Entwurf einen Betrag zur Wiederbebauung des im zweiten Weltkrieg stark zerst\u00f6rten Hansaviertel zu verwirklichen.\r\n\r\nLeider entschied man sich nach dem Krieg vielerorts ausgebrannte H\u00e4user dem Erdboden gleich zu machen, anstatt die H\u00e4user, deren Fassaden und Mauern erhalten geblieben waren, zu restaurieren und das Stadtbild zu erhalten.\r\n\r\nLe Corbusier plante in Berlin eine Unit\u00e9 d'Habitation (Wohneinheit), die er in \u00e4hnlicher Weise bereits zuvor in Marseille und Nantes-Rez\u00e9 und sp\u00e4ter in Briey en For\u00eat und Firminy verwirklicht hat. Le Corbusiers Entwurf unterschied sich von den Entw\u00fcrfen der anderen Architekten vor allem in der Gr\u00f6\u00dfe. F\u00fcr ein Geb\u00e4ude dieser Gr\u00f6\u00dfe war im Hansaviertel kein angemesserer Bauplatz vorhanden. So wurde entschieden das Corbusierhaus weit au\u00dferhalb des Hansaviertels gegen\u00fcber des Olympiastadions zu erbauen.\r\n<\/p><\/figcaption><\/figure><\/a><a class=\"col w2\" href=\"http:\/\/hintz.bplaced.net\/de\/fotos\/staedte\/berlin\/corbusierhaus\/attachment\/corbusierhaus2\/\" data-src=\"http:\/\/hintz.bplaced.net\/images\/2011\/07\/corbusierhaus2.jpg\" rel=\"lyteshow-\"><figure><img src=\"http:\/\/hintz.bplaced.net\/images\/2011\/07\/corbusierhaus2-140x140.jpg\" width=\"140\" height=\"140\" alt=\"Das Corbusierhaus von S\u00fcdwesten gesehen\"><figcaption><h1>S\u00fcd-Westseite<\/h1><h2>Die Lage<\/h2><p>Das Corbusierhaus befindet sich in Berlin Charlottenburg, Westend, s\u00fcdlich des Olympiastadions n\u00f6rdlich des Grunewaldes und n\u00f6rdlich von Teufelsberg und Heerstra\u00dfe.<\/p><\/figcaption><\/figure><\/a><a class=\"col w2\" href=\"http:\/\/hintz.bplaced.net\/de\/fotos\/staedte\/berlin\/corbusierhaus\/attachment\/corbusierhaus3\/\" data-src=\"http:\/\/hintz.bplaced.net\/images\/2011\/07\/corbusierhaus3.jpg\" rel=\"lyteshow-\"><figure><img src=\"http:\/\/hintz.bplaced.net\/images\/2011\/07\/corbusierhaus3-140x140.jpg\" width=\"140\" height=\"140\" alt=\"Blick auf das Corbusierhaus von Westen\"><figcaption><h1>Blick \u00fcber das Haus<\/h1><h2>Denkmalschutz<\/h2><p>Das Corbusierhaus steht unter Denkmalschutz. Das bedeutet unter anderem, dass die F\u00e4rbung der bunten Balkone nicht ver\u00e4ndert werden, da sie Teil des Gesamtkonzeptes sind.<\/p><\/figcaption><\/figure><\/a><a class=\"col w2\" href=\"http:\/\/hintz.bplaced.net\/de\/fotos\/staedte\/berlin\/corbusierhaus\/attachment\/corbusierhaus10\/\" data-src=\"http:\/\/hintz.bplaced.net\/images\/2011\/07\/corbusierhaus10.jpg\" rel=\"lyteshow-\"><figure><img src=\"http:\/\/hintz.bplaced.net\/images\/2011\/07\/corbusierhaus10-140x140.jpg\" width=\"140\" height=\"140\" alt=\"Die S\u00fcdseite des Hauses\"><figcaption><h1>S\u00fcdseite<\/h1><h2>Merkmale<\/h2><p>Das Geb\u00e4ude besitzt 17 Wohngeschosse, die \u00fcber sogenanne Innenstra\u00dfen erreichbar sind.\r\nAber nicht in jedem Geschoss befindet sich eine Innenstra\u00dfe.\r\nDie drei Aufz\u00fcge haben nur die Tasten 1 bis 10 und E f\u00fcr das Erdgescho\u00df.\r\nM\u00f6glich wird diese Art der Erschlie\u00dfung durch Maisonette-Wohnungen.\r\nBei einer typischen 2-Zimmerwohnung liegen die R\u00e4ume \u00fcbereinander und sind durch eine in der Wohnung liegende Treppe verbunden.\r\nBei einer typischen 3-Zimmerwohnung reicht die zweite Etage der Wohnung quer durchs die ganze Dicke des Hauses. Dadurch hat man sowohl den Blick nach Osten auf die Stadt als auch nach Westen ins Gr\u00fcne. Bei manchen Maisonette-Wohnungen geht die Treppe nach oben, bei anderen nach unten. Die 1-Zimmer Appartements sind nat\u00fcrlich keine Maisonetten.\r\n\r\nDas erste Geschoss des Geb\u00e4udes beginnt in einer H\u00f6he von 7.20 m. Darunter befinden sich A- und V-f\u00f6rmige Betontr\u00e4ger und Einkaufsm\u00f6glichkeiten im Eingangsbereich.\r\n\r\nDie Geschossh\u00f6he betr\u00e4gt 2.69 m, die sich aus der f\u00fcr solche Bauten von der Berliner Bauordnung vorgeschriebenen Raumh\u00f6he von mindestens 2.50 m ergab. Die Wohnheiten, die Le Corbusier in anderen St\u00e4dten errichtete, haben dagegen nur 2.26 m Raumh\u00f6he.\r\nDie 2.26 m entsprachen der H\u00f6he, an die ein ideal-gro\u00dfer Mensch mit ausgestrecktem Arm heran reicht. F\u00fcr Berlin passte Le Corbusier die Proportionen des Geb\u00e4udeentwurfes an die von 2.26 m auf 2.50 m ge\u00e4nderte Raumh\u00f6he an.<\/p><\/figcaption><\/figure><\/a><a class=\"col w2\" href=\"http:\/\/hintz.bplaced.net\/de\/fotos\/staedte\/berlin\/corbusierhaus\/attachment\/grunewald-2\/\" data-src=\"http:\/\/hintz.bplaced.net\/images\/2011\/07\/Grunewald.jpg\" rel=\"lyteshow-\"><figure><img src=\"http:\/\/hintz.bplaced.net\/images\/2011\/07\/Grunewald-140x140.jpg\" width=\"140\" height=\"140\"><figcaption><h1>Grunewald<\/h1><h2><\/h2><p><\/p><\/figcaption><\/figure><\/a><a class=\"col w2\" href=\"http:\/\/hintz.bplaced.net\/de\/fotos\/staedte\/berlin\/corbusierhaus\/attachment\/corbusierhaus5\/\" data-src=\"http:\/\/hintz.bplaced.net\/images\/2011\/07\/corbusierhaus5.jpg\" rel=\"lyteshow-\"><figure><img src=\"http:\/\/hintz.bplaced.net\/images\/2011\/07\/corbusierhaus5-140x140.jpg\" width=\"140\" height=\"140\"><figcaption><h1>Ostfassade<\/h1><h2><\/h2><p><\/p><\/figcaption><\/figure><\/a><a class=\"col w2\" href=\"http:\/\/hintz.bplaced.net\/de\/fotos\/staedte\/berlin\/corbusierhaus\/attachment\/corbusierhaus6\/\" data-src=\"http:\/\/hintz.bplaced.net\/images\/2011\/07\/corbusierhaus6.jpg\" rel=\"lyteshow-\"><figure><img src=\"http:\/\/hintz.bplaced.net\/images\/2011\/07\/corbusierhaus6-140x140.jpg\" width=\"140\" height=\"140\"><figcaption><h1>Village Vertical<\/h1><h2><\/h2><p><\/p><\/figcaption><\/figure><\/a><a class=\"col w2\" href=\"http:\/\/hintz.bplaced.net\/de\/fotos\/staedte\/berlin\/corbusierhaus\/attachment\/corbusierhaus8\/\" data-src=\"http:\/\/hintz.bplaced.net\/images\/2011\/07\/corbusierhaus8.jpg\" rel=\"lyteshow-\"><figure><img src=\"http:\/\/hintz.bplaced.net\/images\/2011\/07\/corbusierhaus8-140x140.jpg\" width=\"140\" height=\"140\"><figcaption><h1>Westfassade<\/h1><h2><\/h2><p><\/p><\/figcaption><\/figure><\/a><a class=\"col w2\" href=\"http:\/\/hintz.bplaced.net\/de\/fotos\/staedte\/berlin\/corbusierhaus\/attachment\/corbusierhaus4\/\" data-src=\"http:\/\/hintz.bplaced.net\/images\/2011\/07\/corbusierhaus4.jpg\" rel=\"lyteshow-\"><figure><img src=\"http:\/\/hintz.bplaced.net\/images\/2011\/07\/corbusierhaus4-140x140.jpg\" width=\"140\" height=\"140\"><figcaption><h1>Der Mensch<\/h1><h2><\/h2><p><\/p><\/figcaption><\/figure><\/a><a class=\"col w2\" href=\"http:\/\/hintz.bplaced.net\/de\/fotos\/staedte\/berlin\/corbusierhaus\/attachment\/modulor\/\" data-src=\"http:\/\/hintz.bplaced.net\/images\/2011\/07\/modulor.jpg\" rel=\"lyteshow-\"><figure><img src=\"http:\/\/hintz.bplaced.net\/images\/2011\/07\/modulor-140x140.jpg\" width=\"140\" height=\"140\"><figcaption><h1>Der Modulor<\/h1><h2><\/h2><p><\/p><\/figcaption><\/figure><\/a><a class=\"col w2\" href=\"http:\/\/hintz.bplaced.net\/de\/fotos\/staedte\/berlin\/corbusierhaus\/attachment\/corbusierhausnacht\/\" data-src=\"http:\/\/hintz.bplaced.net\/images\/2011\/07\/corbusierhausnacht.jpg\" rel=\"lyteshow-\"><figure><img src=\"http:\/\/hintz.bplaced.net\/images\/2011\/07\/corbusierhausnacht-140x140.jpg\" width=\"140\" height=\"140\"><figcaption><h1>Nacht<\/h1><h2><\/h2><p><\/p><\/figcaption><\/figure><\/a><a class=\"col w2\" href=\"http:\/\/hintz.bplaced.net\/de\/fotos\/staedte\/berlin\/corbusierhaus\/attachment\/corbusierhaus11\/\" data-src=\"http:\/\/hintz.bplaced.net\/images\/2011\/07\/corbusierhaus11.jpg\" rel=\"lyteshow-\"><figure><img src=\"http:\/\/hintz.bplaced.net\/images\/2011\/07\/corbusierhaus11-140x140.jpg\" width=\"140\" height=\"140\"><figcaption><h1>Westseite<\/h1><h2><\/h2><p><\/p><\/figcaption><\/figure><\/a><a class=\"col w2\" href=\"http:\/\/hintz.bplaced.net\/de\/fotos\/staedte\/berlin\/corbusierhaus\/attachment\/corbusierhaus12\/\" data-src=\"http:\/\/hintz.bplaced.net\/images\/2011\/07\/corbusierhaus12.jpg\" rel=\"lyteshow-\"><figure><img src=\"http:\/\/hintz.bplaced.net\/images\/2011\/07\/corbusierhaus12-140x140.jpg\" width=\"140\" height=\"140\"><figcaption><h1>S-Bahn<\/h1><h2><\/h2><p><\/p><\/figcaption><\/figure><\/a><a class=\"col w2\" href=\"http:\/\/hintz.bplaced.net\/de\/fotos\/staedte\/berlin\/corbusierhaus\/attachment\/himmel\/\" data-src=\"http:\/\/hintz.bplaced.net\/images\/2011\/07\/himmel.jpg\" rel=\"lyteshow-\"><figure><img src=\"http:\/\/hintz.bplaced.net\/images\/2011\/07\/himmel-140x140.jpg\" width=\"140\" height=\"140\"><figcaption><h1>Himmel<\/h1><h2><\/h2><p><\/p><\/figcaption><\/figure><\/a><a class=\"col w2\" href=\"http:\/\/hintz.bplaced.net\/de\/fotos\/staedte\/berlin\/corbusierhaus\/attachment\/berlinpanorama\/\" data-src=\"http:\/\/hintz.bplaced.net\/images\/2011\/07\/BerlinPanorama.jpg\" rel=\"lyteshow-\"><figure><img src=\"http:\/\/hintz.bplaced.net\/images\/2011\/07\/BerlinPanorama-140x140.jpg\" width=\"140\" height=\"140\"><figcaption><h1>Berlin-Panorama<\/h1><h2><\/h2><p><\/p><\/figcaption><\/figure><\/a><a class=\"col w2\" href=\"http:\/\/hintz.bplaced.net\/de\/fotos\/staedte\/berlin\/corbusierhaus\/attachment\/schnee-panorama\/\" data-src=\"http:\/\/hintz.bplaced.net\/images\/2011\/07\/Schnee-Panorama.jpg\" rel=\"lyteshow-\"><figure><img src=\"http:\/\/hintz.bplaced.net\/images\/2011\/07\/Schnee-Panorama-140x140.jpg\" width=\"140\" height=\"140\"><figcaption><h1>Winter-Panorama<\/h1><h2><\/h2><p><\/p><\/figcaption><\/figure><\/a><\/div><\/p>","protected":false},"excerpt":{"rendered":"<p>Das Corbusierhaus in Berlin<\/p>\n","protected":false},"author":1,"featured_media":1630,"parent":24,"menu_order":8,"comment_status":"open","ping_status":"open","template":"","meta":[],"_links":{"self":[{"href":"http:\/\/hintz.bplaced.net\/de\/wp-json\/wp\/v2\/pages\/1870"}],"collection":[{"href":"http:\/\/hintz.bplaced.net\/de\/wp-json\/wp\/v2\/pages"}],"about":[{"href":"http:\/\/hintz.bplaced.net\/de\/wp-json\/wp\/v2\/types\/page"}],"author":[{"embeddable":true,"href":"http:\/\/hintz.bplaced.net\/de\/wp-json\/wp\/v2\/users\/1"}],"replies":[{"embeddable":true,"href":"http:\/\/hintz.bplaced.net\/de\/wp-json\/wp\/v2\/comments?post=1870"}],"version-history":[{"count":6,"href":"http:\/\/hintz.bplaced.net\/de\/wp-json\/wp\/v2\/pages\/1870\/revisions"}],"predecessor-version":[{"id":2245,"href":"http:\/\/hintz.bplaced.net\/de\/wp-json\/wp\/v2\/pages\/1870\/revisions\/2245"}],"up":[{"embeddable":true,"href":"http:\/\/hintz.bplaced.net\/de\/wp-json\/wp\/v2\/pages\/24"}],"wp:featuredmedia":[{"embeddable":true,"href":"http:\/\/hintz.bplaced.net\/de\/wp-json\/wp\/v2\/media\/1630"}],"wp:attachment":[{"href":"http:\/\/hintz.bplaced.net\/de\/wp-json\/wp\/v2\/media?parent=1870"}],"curies":[{"name":"wp","href":"https:\/\/api.w.org\/{rel}","templated":true}]}}