{"id":197,"date":"2011-07-13T09:00:49","date_gmt":"2011-07-13T07:00:49","guid":{"rendered":"http:\/\/hintz.bplaced.net\/?page_id=197"},"modified":"2011-10-01T19:20:08","modified_gmt":"2011-10-01T17:20:08","slug":"tranenpalast","status":"publish","type":"page","link":"http:\/\/hintz.bplaced.net\/de\/fotos\/graffiti\/berlin\/figuren\/traenenpalast\/","title":{"rendered":"Tr\u00e4nenpalast"},"content":{"rendered":"<p><\/p>\n<h1>Graffiti-Kunst von\u00a0<a href=\"http:\/\/www.schmuddelrot.de\/\" rel=\"external\">Esher<\/a>\u00a0am Tr\u00e4nenpalast in Berlin<\/h1>\n<div class=\"col w8\"><a class=\"col w2\" href=\"http:\/\/hintz.bplaced.net\/de\/fotos\/graffiti\/berlin\/figuren\/traenenpalast\/attachment\/traenenpalast1\/\" data-src=\"http:\/\/hintz.bplaced.net\/images\/2011\/07\/traenenpalast1.jpg\" rel=\"lyteshow-\"><figure><img src=\"http:\/\/hintz.bplaced.net\/images\/2011\/07\/traenenpalast1-140x140.jpg\" width=\"140\" height=\"140\"><figcaption><h1>Martin Buchholz<\/h1><h2><\/h2><p>Dieses Bild stellt Martin Buchholz dar.<\/p><\/figcaption><\/figure><\/a><a class=\"col w2\" href=\"http:\/\/hintz.bplaced.net\/de\/fotos\/graffiti\/berlin\/figuren\/traenenpalast\/attachment\/traenenpalast2\/\" data-src=\"http:\/\/hintz.bplaced.net\/images\/2011\/07\/traenenpalast2.jpg\" rel=\"lyteshow-\"><figure><img src=\"http:\/\/hintz.bplaced.net\/images\/2011\/07\/traenenpalast2-140x140.jpg\" width=\"140\" height=\"140\"><figcaption><h1>T\u00e4nzerin<\/h1><h2><\/h2><p><\/p><\/figcaption><\/figure><\/a><a class=\"col w2\" href=\"http:\/\/hintz.bplaced.net\/de\/fotos\/graffiti\/berlin\/figuren\/traenenpalast\/attachment\/traenenpalast3\/\" data-src=\"http:\/\/hintz.bplaced.net\/images\/2011\/07\/traenenpalast3.jpg\" rel=\"lyteshow-\"><figure><img src=\"http:\/\/hintz.bplaced.net\/images\/2011\/07\/traenenpalast3-140x140.jpg\" width=\"140\" height=\"140\"><figcaption><h1>M\u00e4nner<\/h1><h2><\/h2><p><\/p><\/figcaption><\/figure><\/a><a class=\"col w2\" href=\"http:\/\/hintz.bplaced.net\/de\/fotos\/graffiti\/berlin\/figuren\/traenenpalast\/attachment\/traenenpalast\/\" data-src=\"http:\/\/hintz.bplaced.net\/images\/2011\/07\/traenenpalast.jpg\" rel=\"lyteshow-\"><figure><img src=\"http:\/\/hintz.bplaced.net\/images\/2011\/07\/traenenpalast-140x140.jpg\" width=\"140\" height=\"140\"><figcaption><h1>Tr\u00e4nenpalast<\/h1><h2><\/h2><p>Tanz, Kultur, Entertainment, Fun<\/p><\/figcaption><\/figure><\/a><a class=\"col w2\" href=\"http:\/\/hintz.bplaced.net\/de\/fotos\/graffiti\/berlin\/figuren\/traenenpalast\/attachment\/traenenpalast4\/\" data-src=\"http:\/\/hintz.bplaced.net\/images\/2011\/07\/traenenpalast4.jpg\" rel=\"lyteshow-\"><figure><img src=\"http:\/\/hintz.bplaced.net\/images\/2011\/07\/traenenpalast4-140x140.jpg\" width=\"140\" height=\"140\"><figcaption><h1>Frau<\/h1><h2><\/h2><p><\/p><\/figcaption><\/figure><\/a><a class=\"col w2\" href=\"http:\/\/hintz.bplaced.net\/de\/fotos\/graffiti\/berlin\/figuren\/traenenpalast\/attachment\/traenenpalast5\/\" data-src=\"http:\/\/hintz.bplaced.net\/images\/2011\/07\/traenenpalast5.jpg\" rel=\"lyteshow-\"><figure><img src=\"http:\/\/hintz.bplaced.net\/images\/2011\/07\/traenenpalast5-140x140.jpg\" width=\"140\" height=\"140\"><figcaption><h1>Georg Kreisler<\/h1><h2><\/h2><p>Dieses Bild stellt Georg Kreisler dar.<\/p><\/figcaption><\/figure><\/a><a class=\"col w2\" href=\"http:\/\/hintz.bplaced.net\/de\/fotos\/graffiti\/berlin\/figuren\/traenenpalast\/attachment\/traenenpalast6\/\" data-src=\"http:\/\/hintz.bplaced.net\/images\/2011\/07\/traenenpalast6.jpg\" rel=\"lyteshow-\"><figure><img src=\"http:\/\/hintz.bplaced.net\/images\/2011\/07\/traenenpalast6-140x140.jpg\" width=\"140\" height=\"140\"><figcaption><h1>Saxophon Frau<\/h1><h2><\/h2><p><\/p><\/figcaption><\/figure><\/a><a class=\"col w2\" href=\"http:\/\/hintz.bplaced.net\/de\/fotos\/graffiti\/berlin\/figuren\/traenenpalast\/attachment\/traenenpalast7\/\" data-src=\"http:\/\/hintz.bplaced.net\/images\/2011\/07\/traenenpalast7.jpg\" rel=\"lyteshow-\"><figure><img src=\"http:\/\/hintz.bplaced.net\/images\/2011\/07\/traenenpalast7-140x140.jpg\" width=\"140\" height=\"140\"><figcaption><h1>Mann<\/h1><h2><\/h2><p><\/p><\/figcaption><\/figure><\/a><a class=\"col w2\" href=\"http:\/\/hintz.bplaced.net\/de\/fotos\/graffiti\/berlin\/figuren\/traenenpalast\/attachment\/traenenpalast8\/\" data-src=\"http:\/\/hintz.bplaced.net\/images\/2011\/07\/traenenpalast8.jpg\" rel=\"lyteshow-\"><figure><img src=\"http:\/\/hintz.bplaced.net\/images\/2011\/07\/traenenpalast8-140x140.jpg\" width=\"140\" height=\"140\"><figcaption><h1>Frau<\/h1><h2><\/h2><p><\/p><\/figcaption><\/figure><\/a><a class=\"col w2\" href=\"http:\/\/hintz.bplaced.net\/de\/fotos\/graffiti\/berlin\/figuren\/traenenpalast\/attachment\/traenenpalast_gisela\/\" data-src=\"http:\/\/hintz.bplaced.net\/images\/2011\/07\/traenenpalast_gisela.jpg\" rel=\"lyteshow-\"><figure><img src=\"http:\/\/hintz.bplaced.net\/images\/2011\/07\/traenenpalast_gisela-140x140.jpg\" width=\"140\" height=\"140\" alt=\"Wenn die beste Freundin\"><figcaption><h1>Freundin<\/h1><h2><\/h2><p>Gisela May\r\nHelen Vita\r\n\r\nWenn die beste Freundin\r\n26.1. - 7.2.1999<\/p><\/figcaption><\/figure><\/a><a class=\"col w2\" href=\"http:\/\/hintz.bplaced.net\/de\/fotos\/graffiti\/berlin\/figuren\/traenenpalast\/attachment\/traenenpalast_logo\/\" data-src=\"http:\/\/hintz.bplaced.net\/images\/2011\/07\/traenenpalast_logo.jpg\" rel=\"lyteshow-\"><figure><img src=\"http:\/\/hintz.bplaced.net\/images\/2011\/07\/traenenpalast_logo-140x140.jpg\" width=\"140\" height=\"140\"><figcaption><h1>Logo<\/h1><h2><\/h2><p><\/p><\/figcaption><\/figure><\/a><\/div>\n<p>Der Tr\u00e4nenpalast am Bahnhof Friedrichstra\u00dfe wurde zuletzt als Veranstaltungsort genutzt und am 31.07.2006 geschlossen.<\/p>\n<p>Der Tr\u00e4nenpalast steht unter Denkmalschutz. Anfang 2007 wurden die hier zu sehenden mit Graffiti bemalten Nebengeb\u00e4ude des Tr\u00e4nenpalastes abgerissen.<\/p>\n<p>Dort ist nun das aus zwei Teilen bestehende B\u00fcrogeb\u00e4ude &#8222;<a href=\"http:\/\/de.wikipedia.org\/wiki\/Spreedreieck\" target=\"_blank\">Spreedreieck<\/a>&#8220; von\u00a0<a href=\"http:\/\/deu.archinform.net\/arch\/20324.htm\" target=\"_blank\">Mark Braun<\/a>\u00a0Architekten entstanden.<\/p>","protected":false},"excerpt":{"rendered":"<p>Graffiti-Kunst von\u00a0Esher\u00a0am Tr\u00e4nenpalast in Berlin Der Tr\u00e4nenpalast am Bahnhof Friedrichstra\u00dfe wurde zuletzt als Veranstaltungsort genutzt und am 31.07.2006 geschlossen. Der Tr\u00e4nenpalast steht unter Denkmalschutz. Anfang 2007 wurden die hier zu sehenden mit Graffiti bemalten Nebengeb\u00e4ude des Tr\u00e4nenpalastes abgerissen. Dort ist nun das aus zwei Teilen bestehende B\u00fcrogeb\u00e4ude &#8222;Spreedreieck&#8220; von\u00a0Mark Braun\u00a0Architekten entstanden.<\/p>\n","protected":false},"author":1,"featured_media":318,"parent":193,"menu_order":3,"comment_status":"open","ping_status":"open","template":"","meta":[],"_links":{"self":[{"href":"http:\/\/hintz.bplaced.net\/de\/wp-json\/wp\/v2\/pages\/197"}],"collection":[{"href":"http:\/\/hintz.bplaced.net\/de\/wp-json\/wp\/v2\/pages"}],"about":[{"href":"http:\/\/hintz.bplaced.net\/de\/wp-json\/wp\/v2\/types\/page"}],"author":[{"embeddable":true,"href":"http:\/\/hintz.bplaced.net\/de\/wp-json\/wp\/v2\/users\/1"}],"replies":[{"embeddable":true,"href":"http:\/\/hintz.bplaced.net\/de\/wp-json\/wp\/v2\/comments?post=197"}],"version-history":[{"count":10,"href":"http:\/\/hintz.bplaced.net\/de\/wp-json\/wp\/v2\/pages\/197\/revisions"}],"predecessor-version":[{"id":2763,"href":"http:\/\/hintz.bplaced.net\/de\/wp-json\/wp\/v2\/pages\/197\/revisions\/2763"}],"up":[{"embeddable":true,"href":"http:\/\/hintz.bplaced.net\/de\/wp-json\/wp\/v2\/pages\/193"}],"wp:featuredmedia":[{"embeddable":true,"href":"http:\/\/hintz.bplaced.net\/de\/wp-json\/wp\/v2\/media\/318"}],"wp:attachment":[{"href":"http:\/\/hintz.bplaced.net\/de\/wp-json\/wp\/v2\/media?parent=197"}],"curies":[{"name":"wp","href":"https:\/\/api.w.org\/{rel}","templated":true}]}}