{"id":203,"date":"2011-07-13T09:00:49","date_gmt":"2011-07-13T07:00:49","guid":{"rendered":"http:\/\/hintz.bplaced.net\/?page_id=203"},"modified":"2011-07-31T19:19:34","modified_gmt":"2011-07-31T17:19:34","slug":"grips-theater","status":"publish","type":"page","link":"http:\/\/hintz.bplaced.net\/de\/fotos\/graffiti\/berlin\/grips-theater\/","title":{"rendered":"Grips Theater"},"content":{"rendered":"<p><\/p>\n<h1>Graffiti am\u00a0<a href=\"http:\/\/www.grips-theater.de\/\" target=\"_blank\">Grips-Theater<\/a>\u00a0in Berlin<\/h1>\n<p><div class=\"col w8\"><a class=\"col w2\" href=\"http:\/\/hintz.bplaced.net\/de\/fotos\/graffiti\/berlin\/grips-theater\/attachment\/gripsbear\/\" data-src=\"http:\/\/hintz.bplaced.net\/images\/2011\/07\/gripsbear.jpg\" rel=\"lyteshow-\"><figure><img src=\"http:\/\/hintz.bplaced.net\/images\/2011\/07\/gripsbear-140x140.jpg\" width=\"140\" height=\"140\" alt=\"B\u00e4r am Grips-Theater\"><figcaption><h1>B\u00e4r<\/h1><h2>Ein Teddyb\u00e4r mit Spraydose und Messer in den H\u00e4nden<\/h2><p>Ein Knopfauge des B\u00e4ren h\u00e4ngt herab und ein Ohr fehlt im ebenfalls.\r\n\r\nIn der oberen Bildh\u00e4lfte wird aus gr\u00fcnen Platinen mit Leiterbahnen und elektronischen Bauteilen das Wort ASOM gebildet. Rechts unter dem B\u00e4ren befindet sich sogar ein Schalter mit den Positionen Off und On.\r\n\r\nRechts unten in der Ecke des Bildes ist ein mit GRIPS beschrifteter Karton gemalt, aus dem die Grips-Symbol-Figur hervor schaut: Ein Kopf bestehend aus Auge und gro\u00dfer Nase.<\/p><\/figcaption><\/figure><\/a><a class=\"col w2\" href=\"http:\/\/hintz.bplaced.net\/de\/fotos\/graffiti\/berlin\/grips-theater\/attachment\/gripsdevil\/\" data-src=\"http:\/\/hintz.bplaced.net\/images\/2011\/07\/gripsdevil.jpg\" rel=\"lyteshow-\"><figure><img src=\"http:\/\/hintz.bplaced.net\/images\/2011\/07\/gripsdevil-140x140.jpg\" width=\"140\" height=\"140\" alt=\"Der Teufel am Grips-Theater\"><figcaption><h1>Teufel<\/h1><h2>Ein kleiner roter Teufel mit Dreizack, H\u00f6rnern einer Spraydose und nacktem Bauch<\/h2><p><\/p><\/figcaption><\/figure><\/a><a class=\"col w2\" href=\"http:\/\/hintz.bplaced.net\/de\/fotos\/graffiti\/berlin\/grips-theater\/attachment\/gripsfish\/\" data-src=\"http:\/\/hintz.bplaced.net\/images\/2011\/07\/gripsfish.jpg\" rel=\"lyteshow-\"><figure><img src=\"http:\/\/hintz.bplaced.net\/images\/2011\/07\/gripsfish-140x140.jpg\" width=\"140\" height=\"140\" alt=\"Fisch am Grips-Theater\"><figcaption><h1>Fisch<\/h1><h2>Ein kleiner Fisch mit gro\u00dfen Augen aus dem Luftblasen hervor sprudeln<\/h2><p>Desa und Dast von der OBS Crew.<\/p><\/figcaption><\/figure><\/a><a class=\"col w2\" href=\"http:\/\/hintz.bplaced.net\/de\/fotos\/graffiti\/berlin\/grips-theater\/attachment\/gripstheater\/\" data-src=\"http:\/\/hintz.bplaced.net\/images\/2011\/07\/gripstheater.jpg\" rel=\"lyteshow-\"><figure><img src=\"http:\/\/hintz.bplaced.net\/images\/2011\/07\/gripstheater-140x140.jpg\" width=\"140\" height=\"140\" alt=\"Das Grips-Theater\"><figcaption><h1>Grips-Theater<\/h1><h2>An dem Geb\u00e4ude steht der Grips-Theater-LKW.<\/h2><p>Das Grips-Theater ist gut von der Berliner Stadtbahn zu erkennen. Zu kurz ist die Zeit, um w\u00e4hrend der Fahrt die ganzen Details der sechs gro\u00dfen Graffiti-Werke in Augenschein nehmen zu k\u00f6nnen, die dort seit 1998 f\u00fcr Abwechslung sorgen.<\/p><\/figcaption><\/figure><\/a><a class=\"col w2\" href=\"http:\/\/hintz.bplaced.net\/de\/fotos\/graffiti\/berlin\/grips-theater\/attachment\/grips_tuer\/\" data-src=\"http:\/\/hintz.bplaced.net\/images\/2011\/07\/grips_tuer.jpg\" rel=\"lyteshow-\"><figure><img src=\"http:\/\/hintz.bplaced.net\/images\/2011\/07\/grips_tuer-140x140.jpg\" width=\"140\" height=\"140\"><figcaption><h1>Raucher<\/h1><h2><\/h2><p><\/p><\/figcaption><\/figure><\/a><a class=\"col w2\" href=\"http:\/\/hintz.bplaced.net\/de\/fotos\/graffiti\/berlin\/grips-theater\/attachment\/grips_stadt_indianer\/\" data-src=\"http:\/\/hintz.bplaced.net\/images\/2011\/07\/grips_stadt_indianer.jpg\" rel=\"lyteshow-\"><figure><img src=\"http:\/\/hintz.bplaced.net\/images\/2011\/07\/grips_stadt_indianer-140x140.jpg\" width=\"140\" height=\"140\"><figcaption><h1>Stadtindianer<\/h1><h2><\/h2><p><\/p><\/figcaption><\/figure><\/a><a class=\"col w2\" href=\"http:\/\/hintz.bplaced.net\/de\/fotos\/graffiti\/berlin\/grips-theater\/attachment\/grips_style\/\" data-src=\"http:\/\/hintz.bplaced.net\/images\/2011\/07\/grips_style.jpg\" rel=\"lyteshow-\"><figure><img src=\"http:\/\/hintz.bplaced.net\/images\/2011\/07\/grips_style-140x140.jpg\" width=\"140\" height=\"140\"><figcaption><h1>Grips<\/h1><h2><\/h2><p><\/p><\/figcaption><\/figure><\/a><a class=\"col w2\" href=\"http:\/\/hintz.bplaced.net\/de\/fotos\/graffiti\/berlin\/grips-theater\/attachment\/grips_fratzen\/\" data-src=\"http:\/\/hintz.bplaced.net\/images\/2011\/07\/grips_fratzen.jpg\" rel=\"lyteshow-\"><figure><img src=\"http:\/\/hintz.bplaced.net\/images\/2011\/07\/grips_fratzen-140x140.jpg\" width=\"140\" height=\"140\"><figcaption><h1>Fratzen<\/h1><h2><\/h2><p><\/p><\/figcaption><\/figure><\/a><a class=\"col w2\" href=\"http:\/\/hintz.bplaced.net\/de\/fotos\/graffiti\/berlin\/grips-theater\/attachment\/xtrick\/\" data-src=\"http:\/\/hintz.bplaced.net\/images\/2011\/07\/xtrick.jpg\" rel=\"lyteshow-\"><figure><img src=\"http:\/\/hintz.bplaced.net\/images\/2011\/07\/xtrick-140x140.jpg\" width=\"140\" height=\"140\"><figcaption><h1>Xtrick<\/h1><h2><\/h2><p><\/p><\/figcaption><\/figure><\/a><a class=\"col w2\" href=\"http:\/\/hintz.bplaced.net\/de\/fotos\/graffiti\/berlin\/grips-theater\/attachment\/oxboe\/\" data-src=\"http:\/\/hintz.bplaced.net\/images\/2011\/07\/oxboe.jpg\" rel=\"lyteshow-\"><figure><img src=\"http:\/\/hintz.bplaced.net\/images\/2011\/07\/oxboe-140x140.jpg\" width=\"140\" height=\"140\"><figcaption><h1>Oxboe<\/h1><h2><\/h2><p><\/p><\/figcaption><\/figure><\/a><a class=\"col w2\" href=\"http:\/\/hintz.bplaced.net\/de\/fotos\/graffiti\/berlin\/grips-theater\/attachment\/kuerbis\/\" data-src=\"http:\/\/hintz.bplaced.net\/images\/2011\/07\/kuerbis.jpg\" rel=\"lyteshow-\"><figure><img src=\"http:\/\/hintz.bplaced.net\/images\/2011\/07\/kuerbis-140x140.jpg\" width=\"140\" height=\"140\" alt=\"Oxboe\"><figcaption><h1>K\u00fcrbis<\/h1><h2>\"Jetzt ist Sense mit K\u00fcrbissig!\"<\/h2><p><\/p><\/figcaption><\/figure><\/a><a class=\"col w2\" href=\"http:\/\/hintz.bplaced.net\/de\/fotos\/graffiti\/berlin\/grips-theater\/attachment\/hase\/\" data-src=\"http:\/\/hintz.bplaced.net\/images\/2011\/07\/hase.jpg\" rel=\"lyteshow-\"><figure><img src=\"http:\/\/hintz.bplaced.net\/images\/2011\/07\/hase-140x140.jpg\" width=\"140\" height=\"140\" alt=\"Oxboe\"><figcaption><h1>Hase<\/h1><h2>Der Toaster-Hase<\/h2><p><\/p><\/figcaption><\/figure><\/a><\/div><\/p>","protected":false},"excerpt":{"rendered":"<p>Graffiti am\u00a0Grips-Theater\u00a0in Berlin<\/p>\n","protected":false},"author":1,"featured_media":539,"parent":187,"menu_order":7,"comment_status":"open","ping_status":"open","template":"","meta":[],"_links":{"self":[{"href":"http:\/\/hintz.bplaced.net\/de\/wp-json\/wp\/v2\/pages\/203"}],"collection":[{"href":"http:\/\/hintz.bplaced.net\/de\/wp-json\/wp\/v2\/pages"}],"about":[{"href":"http:\/\/hintz.bplaced.net\/de\/wp-json\/wp\/v2\/types\/page"}],"author":[{"embeddable":true,"href":"http:\/\/hintz.bplaced.net\/de\/wp-json\/wp\/v2\/users\/1"}],"replies":[{"embeddable":true,"href":"http:\/\/hintz.bplaced.net\/de\/wp-json\/wp\/v2\/comments?post=203"}],"version-history":[{"count":8,"href":"http:\/\/hintz.bplaced.net\/de\/wp-json\/wp\/v2\/pages\/203\/revisions"}],"predecessor-version":[{"id":2256,"href":"http:\/\/hintz.bplaced.net\/de\/wp-json\/wp\/v2\/pages\/203\/revisions\/2256"}],"up":[{"embeddable":true,"href":"http:\/\/hintz.bplaced.net\/de\/wp-json\/wp\/v2\/pages\/187"}],"wp:featuredmedia":[{"embeddable":true,"href":"http:\/\/hintz.bplaced.net\/de\/wp-json\/wp\/v2\/media\/539"}],"wp:attachment":[{"href":"http:\/\/hintz.bplaced.net\/de\/wp-json\/wp\/v2\/media?parent=203"}],"curies":[{"name":"wp","href":"https:\/\/api.w.org\/{rel}","templated":true}]}}