{"id":209,"date":"2011-07-12T22:01:06","date_gmt":"2011-07-12T20:01:06","guid":{"rendered":"http:\/\/hintz.bplaced.net\/?page_id=209"},"modified":"2011-07-30T21:49:53","modified_gmt":"2011-07-30T19:49:53","slug":"east-side","status":"publish","type":"page","link":"http:\/\/hintz.bplaced.net\/de\/fotos\/graffiti\/berlin\/east-side\/","title":{"rendered":"East Side"},"content":{"rendered":"<p><\/p>\n<h1>East Side Gallery<\/h1>\n<p><div class=\"col w8\"><a class=\"col w2\" href=\"http:\/\/hintz.bplaced.net\/de\/fotos\/graffiti\/berlin\/east-side\/attachment\/narenda_kumar_jain\/\" data-src=\"http:\/\/hintz.bplaced.net\/images\/2011\/07\/narenda_kumar_jain.jpg\" rel=\"lyteshow-\"><figure><img src=\"http:\/\/hintz.bplaced.net\/images\/2011\/07\/narenda_kumar_jain-140x140.jpg\" width=\"140\" height=\"140\" alt=\"Sieben Stufen der Erleuchtung\"><figcaption><h1>Narenda Kumar Jain<\/h1><h2>Narenda Kumar Jain<\/h2><p><\/p><\/figcaption><\/figure><\/a><a class=\"col w2\" href=\"http:\/\/hintz.bplaced.net\/de\/fotos\/graffiti\/berlin\/east-side\/attachment\/brandenburger_tor\/\" data-src=\"http:\/\/hintz.bplaced.net\/images\/2011\/07\/brandenburger_tor.jpg\" rel=\"lyteshow-\"><figure><img src=\"http:\/\/hintz.bplaced.net\/images\/2011\/07\/brandenburger_tor-140x140.jpg\" width=\"140\" height=\"140\" alt=\"Brandenburger Tor 1980\"><figcaption><h1>Lake<\/h1><h2>Lake<\/h2><p><\/p><\/figcaption><\/figure><\/a><a class=\"col w2\" href=\"http:\/\/hintz.bplaced.net\/de\/fotos\/graffiti\/berlin\/east-side\/attachment\/lake\/\" data-src=\"http:\/\/hintz.bplaced.net\/images\/2011\/07\/lake.jpg\" rel=\"lyteshow-\"><figure><img src=\"http:\/\/hintz.bplaced.net\/images\/2011\/07\/lake-140x140.jpg\" width=\"140\" height=\"140\"><figcaption><h1>Lake<\/h1><h2><\/h2><p><\/p><\/figcaption><\/figure><\/a><a class=\"col w2\" href=\"http:\/\/hintz.bplaced.net\/de\/fotos\/graffiti\/berlin\/east-side\/attachment\/berlyn\/\" data-src=\"http:\/\/hintz.bplaced.net\/images\/2011\/07\/berlyn.jpg\" rel=\"lyteshow-\"><figure><img src=\"http:\/\/hintz.bplaced.net\/images\/2011\/07\/berlyn-140x140.jpg\" width=\"140\" height=\"140\" alt=\"Berlyn\"><figcaption><h1>Gerhard Lahr<\/h1><h2>Gerhard Lahr<\/h2><p>New York, BerlYn, TokYo<\/p><\/figcaption><\/figure><\/a><a class=\"col w2\" href=\"http:\/\/hintz.bplaced.net\/de\/fotos\/graffiti\/berlin\/east-side\/attachment\/wirsindeinvolk\/\" data-src=\"http:\/\/hintz.bplaced.net\/images\/2011\/07\/wirsindeinvolk.jpg\" rel=\"lyteshow-\"><figure><img src=\"http:\/\/hintz.bplaced.net\/images\/2011\/07\/wirsindeinvolk-140x140.jpg\" width=\"140\" height=\"140\" alt=\"Wir sind ein Volk\"><figcaption><h1>Schamil Gimajew<\/h1><h2>Schamil Gimajew<\/h2><p><\/p><\/figcaption><\/figure><\/a><a class=\"col w2\" href=\"http:\/\/hintz.bplaced.net\/de\/fotos\/graffiti\/berlin\/east-side\/attachment\/roterzwerg\/\" data-src=\"http:\/\/hintz.bplaced.net\/images\/2011\/07\/roterzwerg.jpg\" rel=\"lyteshow-\"><figure><img src=\"http:\/\/hintz.bplaced.net\/images\/2011\/07\/roterzwerg-140x140.jpg\" width=\"140\" height=\"140\"><figcaption><h1>Roter Zwerg<\/h1><h2><\/h2><p><\/p><\/figcaption><\/figure><\/a><a class=\"col w2\" href=\"http:\/\/hintz.bplaced.net\/de\/fotos\/graffiti\/berlin\/east-side\/attachment\/sonic\/\" data-src=\"http:\/\/hintz.bplaced.net\/images\/2011\/07\/sonic.jpg\" rel=\"lyteshow-\"><figure><img src=\"http:\/\/hintz.bplaced.net\/images\/2011\/07\/sonic-140x140.jpg\" width=\"140\" height=\"140\"><figcaption><h1>Sonic<\/h1><h2><\/h2><p><\/p><\/figcaption><\/figure><\/a><a class=\"col w2\" href=\"http:\/\/hintz.bplaced.net\/de\/fotos\/graffiti\/berlin\/east-side\/attachment\/paradies-2\/\" data-src=\"http:\/\/hintz.bplaced.net\/images\/2011\/07\/paradies.jpg\" rel=\"lyteshow-\"><figure><img src=\"http:\/\/hintz.bplaced.net\/images\/2011\/07\/paradies-140x140.jpg\" width=\"140\" height=\"140\"><figcaption><h1>Paradies<\/h1><h2><\/h2><p><\/p><\/figcaption><\/figure><\/a><a class=\"col w2\" href=\"http:\/\/hintz.bplaced.net\/de\/fotos\/graffiti\/berlin\/east-side\/attachment\/andy_weiss\/\" data-src=\"http:\/\/hintz.bplaced.net\/images\/2011\/07\/andy_weiss.jpg\" rel=\"lyteshow-\"><figure><img src=\"http:\/\/hintz.bplaced.net\/images\/2011\/07\/andy_weiss-140x140.jpg\" width=\"140\" height=\"140\" alt=\"Geist-Reise\"><figcaption><h1>Andy Weiss<\/h1><h2>Andy Weiss<\/h2><p><\/p><\/figcaption><\/figure><\/a><a class=\"col w2\" href=\"http:\/\/hintz.bplaced.net\/de\/fotos\/graffiti\/berlin\/east-side\/attachment\/mauerspringer\/\" data-src=\"http:\/\/hintz.bplaced.net\/images\/2011\/07\/mauerspringer.jpg\" rel=\"lyteshow-\"><figure><img src=\"http:\/\/hintz.bplaced.net\/images\/2011\/07\/mauerspringer-140x140.jpg\" width=\"140\" height=\"140\" alt=\"Der Mauerspringer\"><figcaption><h1>Gabriel Heimler<\/h1><h2>Gabriel Heimler<\/h2><p><\/p><\/figcaption><\/figure><\/a><a class=\"col w2\" href=\"http:\/\/hintz.bplaced.net\/de\/fotos\/graffiti\/berlin\/east-side\/attachment\/yvonne_matzat\/\" data-src=\"http:\/\/hintz.bplaced.net\/images\/2011\/07\/yvonne_matzat.jpg\" rel=\"lyteshow-\"><figure><img src=\"http:\/\/hintz.bplaced.net\/images\/2011\/07\/yvonne_matzat-140x140.jpg\" width=\"140\" height=\"140\" alt=\"Berlin bei Nacht\"><figcaption><h1>Yvonne Matzat<\/h1><h2>Yvonne Onischke (Matzat) <\/h2><p><\/p><\/figcaption><\/figure><\/a><a class=\"col w2\" href=\"http:\/\/hintz.bplaced.net\/de\/fotos\/graffiti\/berlin\/east-side\/attachment\/mauern-2\/\" data-src=\"http:\/\/hintz.bplaced.net\/images\/2011\/07\/mauern1.jpg\" rel=\"lyteshow-\"><figure><img src=\"http:\/\/hintz.bplaced.net\/images\/2011\/07\/mauern1-140x140.jpg\" width=\"140\" height=\"140\" alt=\"Es gilt viele Mauern abzubauen\"><figcaption><h1>Bayer, Honemann<\/h1><h2>Ines Bayer & Raik Honemann<\/h2><p><\/p><\/figcaption><\/figure><\/a><a class=\"col w2\" href=\"http:\/\/hintz.bplaced.net\/de\/fotos\/graffiti\/berlin\/east-side\/attachment\/thierry_noir\/\" data-src=\"http:\/\/hintz.bplaced.net\/images\/2011\/07\/thierry_noir.jpg\" rel=\"lyteshow-\"><figure><img src=\"http:\/\/hintz.bplaced.net\/images\/2011\/07\/thierry_noir-140x140.jpg\" width=\"140\" height=\"140\"><figcaption><h1>Thierry Noir<\/h1><h2><\/h2><p><\/p><\/figcaption><\/figure><\/a><a class=\"col w2\" href=\"http:\/\/hintz.bplaced.net\/de\/fotos\/graffiti\/berlin\/east-side\/attachment\/teresa_casanueva\/\" data-src=\"http:\/\/hintz.bplaced.net\/images\/2011\/07\/teresa_casanueva.jpg\" rel=\"lyteshow-\"><figure><img src=\"http:\/\/hintz.bplaced.net\/images\/2011\/07\/teresa_casanueva-140x140.jpg\" width=\"140\" height=\"140\"><figcaption><h1>Teresa Casanueva<\/h1><h2><\/h2><p><\/p><\/figcaption><\/figure><\/a><a class=\"col w2\" href=\"http:\/\/hintz.bplaced.net\/de\/fotos\/graffiti\/berlin\/east-side\/attachment\/stephan_cacciatore\/\" data-src=\"http:\/\/hintz.bplaced.net\/images\/2011\/07\/stephan_cacciatore.jpg\" rel=\"lyteshow-\"><figure><img src=\"http:\/\/hintz.bplaced.net\/images\/2011\/07\/stephan_cacciatore-140x140.jpg\" width=\"140\" height=\"140\" alt=\"La Buerlinica\"><figcaption><h1>Stephan Cacciatore<\/h1><h2>Stephan Cacciatore<\/h2><p><\/p><\/figcaption><\/figure><\/a><a class=\"col w2\" href=\"http:\/\/hintz.bplaced.net\/de\/fotos\/graffiti\/berlin\/east-side\/attachment\/himlen\/\" data-src=\"http:\/\/hintz.bplaced.net\/images\/2011\/07\/himlen.jpg\" rel=\"lyteshow-\"><figure><img src=\"http:\/\/hintz.bplaced.net\/images\/2011\/07\/himlen-140x140.jpg\" width=\"140\" height=\"140\" alt=\"Himlen over Berlin\"><figcaption><h1>Bjerregaard, Haubart<\/h1><h2>Karina Bjerregaard & Lotte Haubart<\/h2><p><a href=\"http:\/\/karinabjerregaard.eu\">Karina Bjerregaard<\/a><\/p><\/figcaption><\/figure><\/a><a class=\"col w2\" href=\"http:\/\/hintz.bplaced.net\/de\/fotos\/graffiti\/berlin\/east-side\/attachment\/touchthewall1\/\" data-src=\"http:\/\/hintz.bplaced.net\/images\/2011\/07\/touchthewall1.jpg\" rel=\"lyteshow-\"><figure><img src=\"http:\/\/hintz.bplaced.net\/images\/2011\/07\/touchthewall1-140x140.jpg\" width=\"140\" height=\"140\" alt=\"Touch The Wall\"><figcaption><h1>Christine K\u00fchn<\/h1><h2>Christine K\u00fchn<\/h2><p>Teil 1 (Blau)<\/p><\/figcaption><\/figure><\/a><a class=\"col w2\" href=\"http:\/\/hintz.bplaced.net\/de\/fotos\/graffiti\/berlin\/east-side\/attachment\/touchthewall2\/\" data-src=\"http:\/\/hintz.bplaced.net\/images\/2011\/07\/touchthewall2.jpg\" rel=\"lyteshow-\"><figure><img src=\"http:\/\/hintz.bplaced.net\/images\/2011\/07\/touchthewall2-140x140.jpg\" width=\"140\" height=\"140\" alt=\"Touch The Wall\"><figcaption><h1>Christine K\u00fchn<\/h1><h2>Christine K\u00fchn<\/h2><p>Teil 2 (Rot)<\/p><\/figcaption><\/figure><\/a><a class=\"col w2\" href=\"http:\/\/hintz.bplaced.net\/de\/fotos\/graffiti\/berlin\/east-side\/attachment\/rodolfo_ricalo\/\" data-src=\"http:\/\/hintz.bplaced.net\/images\/2011\/07\/rodolfo_ricalo.jpg\" rel=\"lyteshow-\"><figure><img src=\"http:\/\/hintz.bplaced.net\/images\/2011\/07\/rodolfo_ricalo-140x140.jpg\" width=\"140\" height=\"140\"><figcaption><h1>Rodolfo Ric\u00e0lo<\/h1><h2><\/h2><p><\/p><\/figcaption><\/figure><\/a><a class=\"col w2\" href=\"http:\/\/hintz.bplaced.net\/de\/fotos\/graffiti\/berlin\/east-side\/attachment\/testthebest\/\" data-src=\"http:\/\/hintz.bplaced.net\/images\/2011\/07\/testthebest.jpg\" rel=\"lyteshow-\"><figure><img src=\"http:\/\/hintz.bplaced.net\/images\/2011\/07\/testthebest-140x140.jpg\" width=\"140\" height=\"140\" alt=\"Test The Best\"><figcaption><h1>Birgit Kinder<\/h1><h2>Birgit Kinder<\/h2><p><\/p><\/figcaption><\/figure><\/a><a class=\"col w2\" href=\"http:\/\/hintz.bplaced.net\/de\/fotos\/graffiti\/berlin\/east-side\/attachment\/peter_russell\/\" data-src=\"http:\/\/hintz.bplaced.net\/images\/2011\/07\/peter_russell.jpg\" rel=\"lyteshow-\"><figure><img src=\"http:\/\/hintz.bplaced.net\/images\/2011\/07\/peter_russell-140x140.jpg\" width=\"140\" height=\"140\" alt=\"Himmel und Sucher\"><figcaption><h1>Peter Russell<\/h1><h2>Peter Russell<\/h2><p><\/p><\/figcaption><\/figure><\/a><a class=\"col w2\" href=\"http:\/\/hintz.bplaced.net\/de\/fotos\/graffiti\/berlin\/east-side\/attachment\/margaret_hunter\/\" data-src=\"http:\/\/hintz.bplaced.net\/images\/2011\/07\/margaret_hunter.jpg\" rel=\"lyteshow-\"><figure><img src=\"http:\/\/hintz.bplaced.net\/images\/2011\/07\/margaret_hunter-140x140.jpg\" width=\"140\" height=\"140\" alt=\"Joint Venture\"><figcaption><h1>Margaret Hunter<\/h1><h2>Margaret Hunter<\/h2><p><\/p><\/figcaption><\/figure><\/a><a class=\"col w2\" href=\"http:\/\/hintz.bplaced.net\/de\/fotos\/graffiti\/berlin\/east-side\/attachment\/sandor_racmolnar\/\" data-src=\"http:\/\/hintz.bplaced.net\/images\/2011\/07\/sandor_racmolnar.jpg\" rel=\"lyteshow-\"><figure><img src=\"http:\/\/hintz.bplaced.net\/images\/2011\/07\/sandor_racmolnar-140x140.jpg\" width=\"140\" height=\"140\" alt=\"Waiting for a new Prometheus\"><figcaption><h1>S\u00e1ndor R\u00e1cmoln\u00e1r<\/h1><h2>S\u00e1ndor R\u00e1cmoln\u00e1r<\/h2><p><\/p><\/figcaption><\/figure><\/a><a class=\"col w2\" href=\"http:\/\/hintz.bplaced.net\/de\/fotos\/graffiti\/berlin\/east-side\/attachment\/imre_gabor\/\" data-src=\"http:\/\/hintz.bplaced.net\/images\/2011\/07\/imre_gabor.jpg\" rel=\"lyteshow-\"><figure><img src=\"http:\/\/hintz.bplaced.net\/images\/2011\/07\/imre_gabor-140x140.jpg\" width=\"140\" height=\"140\"><figcaption><h1>G\u00e1rbor Imre<\/h1><h2><\/h2><p><\/p><\/figcaption><\/figure><\/a><a class=\"col w2\" href=\"http:\/\/hintz.bplaced.net\/de\/fotos\/graffiti\/berlin\/east-side\/attachment\/pal_gerber\/\" data-src=\"http:\/\/hintz.bplaced.net\/images\/2011\/07\/pal_gerber.jpg\" rel=\"lyteshow-\"><figure><img src=\"http:\/\/hintz.bplaced.net\/images\/2011\/07\/pal_gerber-140x140.jpg\" width=\"140\" height=\"140\" alt=\"Sag welche wunderbaren Tr\u00e4ume halten meinen Sinn umfangen\"><figcaption><h1>Pal Gerber<\/h1><h2>Pal Gerber<\/h2><p><\/p><\/figcaption><\/figure><\/a><a class=\"col w2\" href=\"http:\/\/hintz.bplaced.net\/de\/fotos\/graffiti\/berlin\/east-side\/attachment\/gabor_gerhes\/\" data-src=\"http:\/\/hintz.bplaced.net\/images\/2011\/07\/gabor_gerhes.jpg\" rel=\"lyteshow-\"><figure><img src=\"http:\/\/hintz.bplaced.net\/images\/2011\/07\/gabor_gerhes-140x140.jpg\" width=\"140\" height=\"140\"><figcaption><h1>G\u00e1rbor Gerhes<\/h1><h2><\/h2><p><\/p><\/figcaption><\/figure><\/a><a class=\"col w2\" href=\"http:\/\/hintz.bplaced.net\/de\/fotos\/graffiti\/berlin\/east-side\/attachment\/sandor_gyoerffy\/\" data-src=\"http:\/\/hintz.bplaced.net\/images\/2011\/07\/sandor_gyoerffy.jpg\" rel=\"lyteshow-\"><figure><img src=\"http:\/\/hintz.bplaced.net\/images\/2011\/07\/sandor_gyoerffy-140x140.jpg\" width=\"140\" height=\"140\"><figcaption><h1>S\u00e1ndor Gy\u00f6rffy<\/h1><h2><\/h2><p><\/p><\/figcaption><\/figure><\/a><a class=\"col w2\" href=\"http:\/\/hintz.bplaced.net\/de\/fotos\/graffiti\/berlin\/east-side\/attachment\/kani_alavi\/\" data-src=\"http:\/\/hintz.bplaced.net\/images\/2011\/07\/kani_alavi.jpg\" rel=\"lyteshow-\"><figure><img src=\"http:\/\/hintz.bplaced.net\/images\/2011\/07\/kani_alavi-140x140.jpg\" width=\"140\" height=\"140\" alt=\"Es geschah im November\"><figcaption><h1>Kani Alavi<\/h1><h2>Kani Alavi<\/h2><p><\/p><\/figcaption><\/figure><\/a><a class=\"col w2\" href=\"http:\/\/hintz.bplaced.net\/de\/fotos\/graffiti\/berlin\/east-side\/attachment\/jim_avignon\/\" data-src=\"http:\/\/hintz.bplaced.net\/images\/2011\/07\/jim_avignon.jpg\" rel=\"lyteshow-\"><figure><img src=\"http:\/\/hintz.bplaced.net\/images\/2011\/07\/jim_avignon-140x140.jpg\" width=\"140\" height=\"140\" alt=\"Doin it cool for the east side\"><figcaption><h1>Jim Avignon<\/h1><h2>Jim Avignon<\/h2><p><\/p><\/figcaption><\/figure><\/a><a class=\"col w2\" href=\"http:\/\/hintz.bplaced.net\/de\/fotos\/graffiti\/berlin\/east-side\/attachment\/peter_lorenz\/\" data-src=\"http:\/\/hintz.bplaced.net\/images\/2011\/07\/peter_lorenz.jpg\" rel=\"lyteshow-\"><figure><img src=\"http:\/\/hintz.bplaced.net\/images\/2011\/07\/peter_lorenz-140x140.jpg\" width=\"140\" height=\"140\"><figcaption><h1>Peter Lorenz<\/h1><h2>Peter Lorenz<\/h2><p><\/p><\/figcaption><\/figure><\/a><a class=\"col w2\" href=\"http:\/\/hintz.bplaced.net\/de\/fotos\/graffiti\/berlin\/east-side\/attachment\/dieter_wien\/\" data-src=\"http:\/\/hintz.bplaced.net\/images\/2011\/07\/dieter_wien.jpg\" rel=\"lyteshow-\"><figure><img src=\"http:\/\/hintz.bplaced.net\/images\/2011\/07\/dieter_wien-140x140.jpg\" width=\"140\" height=\"140\" alt=\"Der Morgen\"><figcaption><h1>Dieter Wien<\/h1><h2>Dieter Wien<\/h2><p><\/p><\/figcaption><\/figure><\/a><a class=\"col w2\" href=\"http:\/\/hintz.bplaced.net\/de\/fotos\/graffiti\/berlin\/east-side\/attachment\/jacob_koehler\/\" data-src=\"http:\/\/hintz.bplaced.net\/images\/2011\/07\/jacob_koehler.jpg\" rel=\"lyteshow-\"><figure><img src=\"http:\/\/hintz.bplaced.net\/images\/2011\/07\/jacob_koehler-140x140.jpg\" width=\"140\" height=\"140\" alt=\"Lotus\"><figcaption><h1>Jacob K\u00f6hler<\/h1><h2>Jacob K\u00f6hler<\/h2><p><\/p><\/figcaption><\/figure><\/a><a class=\"col w2\" href=\"http:\/\/hintz.bplaced.net\/de\/fotos\/graffiti\/berlin\/east-side\/attachment\/carmen_leidner\/\" data-src=\"http:\/\/hintz.bplaced.net\/images\/2011\/07\/carmen_leidner.jpg\" rel=\"lyteshow-\"><figure><img src=\"http:\/\/hintz.bplaced.net\/images\/2011\/07\/carmen_leidner-140x140.jpg\" width=\"140\" height=\"140\" alt=\"Niemandsland\"><figcaption><h1>Carmen Leidner<\/h1><h2>Carmen Leidner<\/h2><p><\/p><\/figcaption><\/figure><\/a><a class=\"col w2\" href=\"http:\/\/hintz.bplaced.net\/de\/fotos\/graffiti\/berlin\/east-side\/attachment\/huebner_kaemper\/\" data-src=\"http:\/\/hintz.bplaced.net\/images\/2011\/07\/huebner_kaemper.jpg\" rel=\"lyteshow-\"><figure><img src=\"http:\/\/hintz.bplaced.net\/images\/2011\/07\/huebner_kaemper-140x140.jpg\" width=\"140\" height=\"140\" alt=\"Jens H\u00fcbner & Andreas K\u00e4mper\"><figcaption><h1>H\u00fcbner, K\u00e4mper<\/h1><h2><\/h2><p><\/p><\/figcaption><\/figure><\/a><a class=\"col w2\" href=\"http:\/\/hintz.bplaced.net\/de\/fotos\/graffiti\/berlin\/east-side\/attachment\/demuedetod\/\" data-src=\"http:\/\/hintz.bplaced.net\/images\/2011\/07\/demuedetod.jpg\" rel=\"lyteshow-\"><figure><img src=\"http:\/\/hintz.bplaced.net\/images\/2011\/07\/demuedetod-140x140.jpg\" width=\"140\" height=\"140\" alt=\"Der m\u00fcde Tod\"><figcaption><h1>D\u00fcrhager, Hesse<\/h1><h2>Hans-Peter D\u00fcrhager & Ralf Hesse<\/h2><p><\/p><\/figcaption><\/figure><\/a><a class=\"col w2\" href=\"http:\/\/hintz.bplaced.net\/de\/fotos\/graffiti\/berlin\/east-side\/attachment\/jolly_kunjappu\/\" data-src=\"http:\/\/hintz.bplaced.net\/images\/2011\/07\/jolly_kunjappu.jpg\" rel=\"lyteshow-\"><figure><img src=\"http:\/\/hintz.bplaced.net\/images\/2011\/07\/jolly_kunjappu-140x140.jpg\" width=\"140\" height=\"140\" alt=\"Dancing to Freedom\"><figcaption><h1>Jolly Kunjappu<\/h1><h2>Jolly Kunjappu<\/h2><p>\"Keine Kriege mehr. Keine Mauern mehr. Eine vereinte Welt.\"<\/p><\/figcaption><\/figure><\/a><a class=\"col w2\" href=\"http:\/\/hintz.bplaced.net\/de\/fotos\/graffiti\/berlin\/east-side\/attachment\/susanne_kunjappu_jellinek\/\" data-src=\"http:\/\/hintz.bplaced.net\/images\/2011\/07\/susanne_kunjappu_jellinek.jpg\" rel=\"lyteshow-\"><figure><img src=\"http:\/\/hintz.bplaced.net\/images\/2011\/07\/susanne_kunjappu_jellinek-140x140.jpg\" width=\"140\" height=\"140\" alt=\"Lebenslauf\"><figcaption><h1>Susanne Kunjappu-Jellinek<\/h1><h2>Susanne Kunjappu-Jellinek<\/h2><p>Die Kurzgeschichte der Mauer?<\/p><\/figcaption><\/figure><\/a><a class=\"col w2\" href=\"http:\/\/hintz.bplaced.net\/de\/fotos\/graffiti\/berlin\/east-side\/attachment\/mary_mackey\/\" data-src=\"http:\/\/hintz.bplaced.net\/images\/2011\/07\/mary_mackey.jpg\" rel=\"lyteshow-\"><figure><img src=\"http:\/\/hintz.bplaced.net\/images\/2011\/07\/mary_mackey-140x140.jpg\" width=\"140\" height=\"140\" alt=\"Toleranz\"><figcaption><h1>Mary Mackey<\/h1><h2>Mary Mackey<\/h2><p><\/p><\/figcaption><\/figure><\/a><a class=\"col w2\" href=\"http:\/\/hintz.bplaced.net\/de\/fotos\/graffiti\/berlin\/east-side\/attachment\/steglich_jost\/\" data-src=\"http:\/\/hintz.bplaced.net\/images\/2011\/07\/steglich_jost.jpg\" rel=\"lyteshow-\"><figure><img src=\"http:\/\/hintz.bplaced.net\/images\/2011\/07\/steglich_jost-140x140.jpg\" width=\"140\" height=\"140\" alt=\"\"Politik ist die Fortsetzung des Krieges mit anderen Mitteln.\"\"><figcaption><h1>Steglich, Jost<\/h1><h2>Carsten Jost & Ulrike Steglich<\/h2><p><\/p><\/figcaption><\/figure><\/a><a class=\"col w2\" href=\"http:\/\/hintz.bplaced.net\/de\/fotos\/graffiti\/berlin\/east-side\/attachment\/brigida_boettcher\/\" data-src=\"http:\/\/hintz.bplaced.net\/images\/2011\/07\/brigida_boettcher.jpg\" rel=\"lyteshow-\"><figure><img src=\"http:\/\/hintz.bplaced.net\/images\/2011\/07\/brigida_boettcher-140x140.jpg\" width=\"140\" height=\"140\" alt=\"Flora geht\"><figcaption><h1>Brigida B\u00f6ttcher<\/h1><h2>Brigida B\u00f6ttcher<\/h2><p><\/p><\/figcaption><\/figure><\/a><a class=\"col w2\" href=\"http:\/\/hintz.bplaced.net\/de\/fotos\/graffiti\/berlin\/east-side\/attachment\/kiddy_citny\/\" data-src=\"http:\/\/hintz.bplaced.net\/images\/2011\/07\/kiddy_citny.jpg\" rel=\"lyteshow-\"><figure><img src=\"http:\/\/hintz.bplaced.net\/images\/2011\/07\/kiddy_citny-140x140.jpg\" width=\"140\" height=\"140\" alt=\"Ger-mania\"><figcaption><h1>Kiddy Citny<\/h1><h2>Kiddy Citny<\/h2><p><\/p><\/figcaption><\/figure><\/a><a class=\"col w2\" href=\"http:\/\/hintz.bplaced.net\/de\/fotos\/graffiti\/berlin\/east-side\/attachment\/petra_apollo\/\" data-src=\"http:\/\/hintz.bplaced.net\/images\/2011\/07\/petra_apollo.jpg\" rel=\"lyteshow-\"><figure><img src=\"http:\/\/hintz.bplaced.net\/images\/2011\/07\/petra_apollo-140x140.jpg\" width=\"140\" height=\"140\" alt=\"Petra Suntinger & Roland G\u00fctzlaff\"><figcaption><h1>Suntinger, G\u00fctzlaff<\/h1><h2><\/h2><p><\/p><\/figcaption><\/figure><\/a><a class=\"col w2\" href=\"http:\/\/hintz.bplaced.net\/de\/fotos\/graffiti\/berlin\/east-side\/attachment\/andrej_smolak\/\" data-src=\"http:\/\/hintz.bplaced.net\/images\/2011\/07\/andrej_smolak.jpg\" rel=\"lyteshow-\"><figure><img src=\"http:\/\/hintz.bplaced.net\/images\/2011\/07\/andrej_smolak-140x140.jpg\" width=\"140\" height=\"140\"><figcaption><h1>Andrej Smol\u00e1k<\/h1><h2><\/h2><p><\/p><\/figcaption><\/figure><\/a><a class=\"col w2\" href=\"http:\/\/hintz.bplaced.net\/de\/fotos\/graffiti\/berlin\/east-side\/attachment\/lana_kim\/\" data-src=\"http:\/\/hintz.bplaced.net\/images\/2011\/07\/lana_kim.jpg\" rel=\"lyteshow-\"><figure><img src=\"http:\/\/hintz.bplaced.net\/images\/2011\/07\/lana_kim-140x140.jpg\" width=\"140\" height=\"140\" alt=\"Youngran Kim-Hohlfeld (Lana Kim)\"><figcaption><h1>Lana Kim<\/h1><h2><\/h2><p><\/p><\/figcaption><\/figure><\/a><a class=\"col w2\" href=\"http:\/\/hintz.bplaced.net\/de\/fotos\/graffiti\/berlin\/east-side\/attachment\/velmanns\/\" data-src=\"http:\/\/hintz.bplaced.net\/images\/2011\/07\/velmanns.jpg\" rel=\"lyteshow-\"><figure><img src=\"http:\/\/hintz.bplaced.net\/images\/2011\/07\/velmanns-140x140.jpg\" width=\"140\" height=\"140\"><figcaption><h1>Karin Velmanns<\/h1><h2><\/h2><p><\/p><\/figcaption><\/figure><\/a><a class=\"col w2\" href=\"http:\/\/hintz.bplaced.net\/de\/fotos\/graffiti\/berlin\/east-side\/attachment\/fafi\/\" data-src=\"http:\/\/hintz.bplaced.net\/images\/2011\/07\/fafi.jpg\" rel=\"lyteshow-\"><figure><img src=\"http:\/\/hintz.bplaced.net\/images\/2011\/07\/fafi-140x140.jpg\" width=\"140\" height=\"140\"><figcaption><h1>Fafi<\/h1><h2><\/h2><p><\/p><\/figcaption><\/figure><\/a><a class=\"col w2\" href=\"http:\/\/hintz.bplaced.net\/de\/fotos\/graffiti\/berlin\/east-side\/attachment\/kamel_alavi\/\" data-src=\"http:\/\/hintz.bplaced.net\/images\/2011\/07\/kamel_alavi.jpg\" rel=\"lyteshow-\"><figure><img src=\"http:\/\/hintz.bplaced.net\/images\/2011\/07\/kamel_alavi-140x140.jpg\" width=\"140\" height=\"140\"><figcaption><h1>Kamel Alavi<\/h1><h2><\/h2><p><\/p><\/figcaption><\/figure><\/a><a class=\"col w2\" href=\"http:\/\/hintz.bplaced.net\/de\/fotos\/graffiti\/berlin\/east-side\/attachment\/kasra_alavi\/\" data-src=\"http:\/\/hintz.bplaced.net\/images\/2011\/07\/kasra_alavi.jpg\" rel=\"lyteshow-\"><figure><img src=\"http:\/\/hintz.bplaced.net\/images\/2011\/07\/kasra_alavi-140x140.jpg\" width=\"140\" height=\"140\" alt=\"Flucht\"><figcaption><h1>Kasra Alavi<\/h1><h2>Kasra Alavi<\/h2><p><\/p><\/figcaption><\/figure><\/a><a class=\"col w2\" href=\"http:\/\/hintz.bplaced.net\/de\/fotos\/graffiti\/berlin\/east-side\/attachment\/ingeborg_blumenthal\/\" data-src=\"http:\/\/hintz.bplaced.net\/images\/2011\/07\/ingeborg_blumenthal.jpg\" rel=\"lyteshow-\"><figure><img src=\"http:\/\/hintz.bplaced.net\/images\/2011\/07\/ingeborg_blumenthal-140x140.jpg\" width=\"140\" height=\"140\" alt=\"Der Geist ist wie Spuren der V\u00f6gel am Himmel\"><figcaption><h1>Ingeborg Blumenthal<\/h1><h2>Ingeborg Blumenthal<\/h2><p><\/p><\/figcaption><\/figure><\/a><\/div><\/p>","protected":false},"excerpt":{"rendered":"<p>East Side Gallery<\/p>\n","protected":false},"author":1,"featured_media":1377,"parent":187,"menu_order":10,"comment_status":"open","ping_status":"open","template":"","meta":[],"_links":{"self":[{"href":"http:\/\/hintz.bplaced.net\/de\/wp-json\/wp\/v2\/pages\/209"}],"collection":[{"href":"http:\/\/hintz.bplaced.net\/de\/wp-json\/wp\/v2\/pages"}],"about":[{"href":"http:\/\/hintz.bplaced.net\/de\/wp-json\/wp\/v2\/types\/page"}],"author":[{"embeddable":true,"href":"http:\/\/hintz.bplaced.net\/de\/wp-json\/wp\/v2\/users\/1"}],"replies":[{"embeddable":true,"href":"http:\/\/hintz.bplaced.net\/de\/wp-json\/wp\/v2\/comments?post=209"}],"version-history":[{"count":6,"href":"http:\/\/hintz.bplaced.net\/de\/wp-json\/wp\/v2\/pages\/209\/revisions"}],"predecessor-version":[{"id":2213,"href":"http:\/\/hintz.bplaced.net\/de\/wp-json\/wp\/v2\/pages\/209\/revisions\/2213"}],"up":[{"embeddable":true,"href":"http:\/\/hintz.bplaced.net\/de\/wp-json\/wp\/v2\/pages\/187"}],"wp:featuredmedia":[{"embeddable":true,"href":"http:\/\/hintz.bplaced.net\/de\/wp-json\/wp\/v2\/media\/1377"}],"wp:attachment":[{"href":"http:\/\/hintz.bplaced.net\/de\/wp-json\/wp\/v2\/media?parent=209"}],"curies":[{"name":"wp","href":"https:\/\/api.w.org\/{rel}","templated":true}]}}