{"id":217,"date":"2011-07-12T22:01:05","date_gmt":"2011-07-12T20:01:05","guid":{"rendered":"http:\/\/hintz.bplaced.net\/?page_id=217"},"modified":"2011-07-30T21:54:17","modified_gmt":"2011-07-30T19:54:17","slug":"bracknell","status":"publish","type":"page","link":"http:\/\/hintz.bplaced.net\/de\/fotos\/graffiti\/bracknell\/bracknell\/","title":{"rendered":"Bracknell"},"content":{"rendered":"<p><\/p>\n<h1>Stadtansichten von Bracknell in 22 Bildern<\/h1>\n<p><div class=\"col w8\"><a class=\"col w2\" href=\"http:\/\/hintz.bplaced.net\/de\/fotos\/graffiti\/bracknell\/bracknell\/attachment\/bracknell1\/\" data-src=\"http:\/\/hintz.bplaced.net\/images\/2011\/07\/bracknell1.jpg\" rel=\"lyteshow-\"><figure><img src=\"http:\/\/hintz.bplaced.net\/images\/2011\/07\/bracknell1-140x140.jpg\" width=\"140\" height=\"140\" alt=\"Bracknell\"><figcaption><h1>Denkmal<\/h1><h2>Ein Denkmal im Zentrum von Bracknell<\/h2><p><\/p><\/figcaption><\/figure><\/a><a class=\"col w2\" href=\"http:\/\/hintz.bplaced.net\/de\/fotos\/graffiti\/bracknell\/bracknell\/attachment\/bracknell2\/\" data-src=\"http:\/\/hintz.bplaced.net\/images\/2011\/07\/bracknell2.jpg\" rel=\"lyteshow-\"><figure><img src=\"http:\/\/hintz.bplaced.net\/images\/2011\/07\/bracknell2-140x140.jpg\" width=\"140\" height=\"140\" alt=\"Bracknell\"><figcaption><h1>Springbrunnen<\/h1><h2>Ein Springbrunnen auf dem Charles Square im Zentrum von Bracknell<\/h2><p><\/p><\/figcaption><\/figure><\/a><a class=\"col w2\" href=\"http:\/\/hintz.bplaced.net\/de\/fotos\/graffiti\/bracknell\/bracknell\/attachment\/bracknell3\/\" data-src=\"http:\/\/hintz.bplaced.net\/images\/2011\/07\/bracknell3.jpg\" rel=\"lyteshow-\"><figure><img src=\"http:\/\/hintz.bplaced.net\/images\/2011\/07\/bracknell3-140x140.jpg\" width=\"140\" height=\"140\" alt=\"Bracknell\"><figcaption><h1>Park<\/h1><h2>Ein Park im Zentrum von Bracknell<\/h2><p><\/p><\/figcaption><\/figure><\/a><a class=\"col w2\" href=\"http:\/\/hintz.bplaced.net\/de\/fotos\/graffiti\/bracknell\/bracknell\/attachment\/bracknell4\/\" data-src=\"http:\/\/hintz.bplaced.net\/images\/2011\/07\/bracknell4.jpg\" rel=\"lyteshow-\"><figure><img src=\"http:\/\/hintz.bplaced.net\/images\/2011\/07\/bracknell4-140x140.jpg\" width=\"140\" height=\"140\" alt=\"Bracknell\"><figcaption><h1>Gabelung<\/h1><h2>Weg-Gabelung in einer Unterf\u00fchrung unter einem Kreisverkehr in Bracknell deren W\u00e4nde mit gesch\u00f6nten Stadtansichten bemalt sind<\/h2><p><\/p><\/figcaption><\/figure><\/a><a class=\"col w2\" href=\"http:\/\/hintz.bplaced.net\/de\/fotos\/graffiti\/bracknell\/bracknell\/attachment\/bracknell5\/\" data-src=\"http:\/\/hintz.bplaced.net\/images\/2011\/07\/bracknell5.jpg\" rel=\"lyteshow-\"><figure><img src=\"http:\/\/hintz.bplaced.net\/images\/2011\/07\/bracknell5-140x140.jpg\" width=\"140\" height=\"140\" alt=\"Bracknell\"><figcaption><h1>Donuts<\/h1><h2>Eine Donuts-Bude im Zentrum von Bracknell<\/h2><p><\/p><\/figcaption><\/figure><\/a><a class=\"col w2\" href=\"http:\/\/hintz.bplaced.net\/de\/fotos\/graffiti\/bracknell\/bracknell\/attachment\/bracknell6\/\" data-src=\"http:\/\/hintz.bplaced.net\/images\/2011\/07\/bracknell6.jpg\" rel=\"lyteshow-\"><figure><img src=\"http:\/\/hintz.bplaced.net\/images\/2011\/07\/bracknell6-140x140.jpg\" width=\"140\" height=\"140\" alt=\"Bracknell\"><figcaption><h1>L\u00e4den<\/h1><h2>Zweigeschossige Ladenreihen am unteren Ende des Zentrums von Bracknell mit Blick in Richtung Markt und 3M-Hochhaus<\/h2><p><\/p><\/figcaption><\/figure><\/a><a class=\"col w2\" href=\"http:\/\/hintz.bplaced.net\/de\/fotos\/graffiti\/bracknell\/bracknell\/attachment\/bracknell7\/\" data-src=\"http:\/\/hintz.bplaced.net\/images\/2011\/07\/bracknell7.jpg\" rel=\"lyteshow-\"><figure><img src=\"http:\/\/hintz.bplaced.net\/images\/2011\/07\/bracknell7-140x140.jpg\" width=\"140\" height=\"140\" alt=\"Bracknell\"><figcaption><h1>Unterf\u00fchrung<\/h1><h2>Blick aus Richtung Markthalle in Richtung einer Unterf\u00fchrung<\/h2><p>Neben der Unterf\u00fchrung sind auf gelben Grund B\u00e4ume in T\u00f6pfen aufgemalt.<\/p><\/figcaption><\/figure><\/a><a class=\"col w2\" href=\"http:\/\/hintz.bplaced.net\/de\/fotos\/graffiti\/bracknell\/bracknell\/attachment\/bracknell8\/\" data-src=\"http:\/\/hintz.bplaced.net\/images\/2011\/07\/bracknell8.jpg\" rel=\"lyteshow-\"><figure><img src=\"http:\/\/hintz.bplaced.net\/images\/2011\/07\/bracknell8-140x140.jpg\" width=\"140\" height=\"140\" alt=\"Bracknell\"><figcaption><h1>Herbstwald<\/h1><h2>Herbstwald<\/h2><p><\/p><\/figcaption><\/figure><\/a><a class=\"col w2\" href=\"http:\/\/hintz.bplaced.net\/de\/fotos\/graffiti\/bracknell\/bracknell\/attachment\/bracknell9\/\" data-src=\"http:\/\/hintz.bplaced.net\/images\/2011\/07\/bracknell9.jpg\" rel=\"lyteshow-\"><figure><img src=\"http:\/\/hintz.bplaced.net\/images\/2011\/07\/bracknell9-140x140.jpg\" width=\"140\" height=\"140\" alt=\"Bracknell\"><figcaption><h1>See<\/h1><h2>See<\/h2><p><\/p><\/figcaption><\/figure><\/a><a class=\"col w2\" href=\"http:\/\/hintz.bplaced.net\/de\/fotos\/graffiti\/bracknell\/bracknell\/attachment\/bracknell10\/\" data-src=\"http:\/\/hintz.bplaced.net\/images\/2011\/07\/bracknell10.jpg\" rel=\"lyteshow-\"><figure><img src=\"http:\/\/hintz.bplaced.net\/images\/2011\/07\/bracknell10-140x140.jpg\" width=\"140\" height=\"140\" alt=\"Bracknell\"><figcaption><h1>Landhaus<\/h1><h2>Landhaus<\/h2><p><\/p><\/figcaption><\/figure><\/a><a class=\"col w2\" href=\"http:\/\/hintz.bplaced.net\/de\/fotos\/graffiti\/bracknell\/bracknell\/attachment\/bracknell11\/\" data-src=\"http:\/\/hintz.bplaced.net\/images\/2011\/07\/bracknell11.jpg\" rel=\"lyteshow-\"><figure><img src=\"http:\/\/hintz.bplaced.net\/images\/2011\/07\/bracknell11-140x140.jpg\" width=\"140\" height=\"140\" alt=\"Bracknell\"><figcaption><h1>Kreisverkehr<\/h1><h2>Kreisverkehr mit Unterf\u00fchrungen f\u00fcr Fu\u00dfg\u00e4nger<\/h2><p><\/p><\/figcaption><\/figure><\/a><a class=\"col w2\" href=\"http:\/\/hintz.bplaced.net\/de\/fotos\/graffiti\/bracknell\/bracknell\/attachment\/bracknell12\/\" data-src=\"http:\/\/hintz.bplaced.net\/images\/2011\/07\/bracknell12.jpg\" rel=\"lyteshow-\"><figure><img src=\"http:\/\/hintz.bplaced.net\/images\/2011\/07\/bracknell12-140x140.jpg\" width=\"140\" height=\"140\" alt=\"Bracknell\"><figcaption><h1>Hochhaus<\/h1><h2>Hochhaus<\/h2><p><\/p><\/figcaption><\/figure><\/a><a class=\"col w2\" href=\"http:\/\/hintz.bplaced.net\/de\/fotos\/graffiti\/bracknell\/bracknell\/attachment\/bracknell13\/\" data-src=\"http:\/\/hintz.bplaced.net\/images\/2011\/07\/bracknell13.jpg\" rel=\"lyteshow-\"><figure><img src=\"http:\/\/hintz.bplaced.net\/images\/2011\/07\/bracknell13-140x140.jpg\" width=\"140\" height=\"140\" alt=\"Bracknell\"><figcaption><h1>Regenbogen<\/h1><h2>Regenbogen<\/h2><p><\/p><\/figcaption><\/figure><\/a><a class=\"col w2\" href=\"http:\/\/hintz.bplaced.net\/de\/fotos\/graffiti\/bracknell\/bracknell\/attachment\/bracknell14\/\" data-src=\"http:\/\/hintz.bplaced.net\/images\/2011\/07\/bracknell14.jpg\" rel=\"lyteshow-\"><figure><img src=\"http:\/\/hintz.bplaced.net\/images\/2011\/07\/bracknell14-140x140.jpg\" width=\"140\" height=\"140\" alt=\"Bracknell\"><figcaption><h1>Gabelung<\/h1><h2>Gabelung<\/h2><p><\/p><\/figcaption><\/figure><\/a><a class=\"col w2\" href=\"http:\/\/hintz.bplaced.net\/de\/fotos\/graffiti\/bracknell\/bracknell\/attachment\/bracknell15\/\" data-src=\"http:\/\/hintz.bplaced.net\/images\/2011\/07\/bracknell15.jpg\" rel=\"lyteshow-\"><figure><img src=\"http:\/\/hintz.bplaced.net\/images\/2011\/07\/bracknell15-140x140.jpg\" width=\"140\" height=\"140\" alt=\"Bracknell\"><figcaption><h1>3M-Hochhaus<\/h1><h2>Das 3M-Hochhaus<\/h2><p><\/p><\/figcaption><\/figure><\/a><a class=\"col w2\" href=\"http:\/\/hintz.bplaced.net\/de\/fotos\/graffiti\/bracknell\/bracknell\/attachment\/bracknell16\/\" data-src=\"http:\/\/hintz.bplaced.net\/images\/2011\/07\/bracknell16.jpg\" rel=\"lyteshow-\"><figure><img src=\"http:\/\/hintz.bplaced.net\/images\/2011\/07\/bracknell16-140x140.jpg\" width=\"140\" height=\"140\" alt=\"Bracknell\"><figcaption><h1>B\u00fcrogeb\u00e4ude<\/h1><h2>B\u00fcrogeb\u00e4ude<\/h2><p><\/p><\/figcaption><\/figure><\/a><a class=\"col w2\" href=\"http:\/\/hintz.bplaced.net\/de\/fotos\/graffiti\/bracknell\/bracknell\/attachment\/bracknell17\/\" data-src=\"http:\/\/hintz.bplaced.net\/images\/2011\/07\/bracknell17.jpg\" rel=\"lyteshow-\"><figure><img src=\"http:\/\/hintz.bplaced.net\/images\/2011\/07\/bracknell17-140x140.jpg\" width=\"140\" height=\"140\" alt=\"Bracknell\"><figcaption><h1>Pub<\/h1><h2>Das hohe Bahnhofsgeb\u00e4ude und davor ein paar der wenigen alten Geb\u00e4ude in Bracknell<\/h2><p><\/p><\/figcaption><\/figure><\/a><a class=\"col w2\" href=\"http:\/\/hintz.bplaced.net\/de\/fotos\/graffiti\/bracknell\/bracknell\/attachment\/bracknell18\/\" data-src=\"http:\/\/hintz.bplaced.net\/images\/2011\/07\/bracknell18.jpg\" rel=\"lyteshow-\"><figure><img src=\"http:\/\/hintz.bplaced.net\/images\/2011\/07\/bracknell18-140x140.jpg\" width=\"140\" height=\"140\" alt=\"Bracknell\"><figcaption><h1>Busstation<\/h1><h2>Zentrale Busstation und Princess Square Parkhaus<\/h2><p><\/p><\/figcaption><\/figure><\/a><a class=\"col w2\" href=\"http:\/\/hintz.bplaced.net\/de\/fotos\/graffiti\/bracknell\/bracknell\/attachment\/bracknell19\/\" data-src=\"http:\/\/hintz.bplaced.net\/images\/2011\/07\/bracknell19.jpg\" rel=\"lyteshow-\"><figure><img src=\"http:\/\/hintz.bplaced.net\/images\/2011\/07\/bracknell19-140x140.jpg\" width=\"140\" height=\"140\" alt=\"Bracknell\"><figcaption><h1>Kirche<\/h1><h2>Kirche bei Schnee<\/h2><p><\/p><\/figcaption><\/figure><\/a><a class=\"col w2\" href=\"http:\/\/hintz.bplaced.net\/de\/fotos\/graffiti\/bracknell\/bracknell\/attachment\/bracknell20\/\" data-src=\"http:\/\/hintz.bplaced.net\/images\/2011\/07\/bracknell20.jpg\" rel=\"lyteshow-\"><figure><img src=\"http:\/\/hintz.bplaced.net\/images\/2011\/07\/bracknell20-140x140.jpg\" width=\"140\" height=\"140\" alt=\"Bracknell\"><figcaption><h1>Winter<\/h1><h2>Winter in Bracknell<\/h2><p><\/p><\/figcaption><\/figure><\/a><a class=\"col w2\" href=\"http:\/\/hintz.bplaced.net\/de\/fotos\/graffiti\/bracknell\/bracknell\/attachment\/bracknell21\/\" data-src=\"http:\/\/hintz.bplaced.net\/images\/2011\/07\/bracknell21.jpg\" rel=\"lyteshow-\"><figure><img src=\"http:\/\/hintz.bplaced.net\/images\/2011\/07\/bracknell21-140x140.jpg\" width=\"140\" height=\"140\" alt=\"Bracknell\"><figcaption><h1>Weihnachten<\/h1><h2>Einkaufszentrum Princess Square zu Weihnachten<\/h2><p><\/p><\/figcaption><\/figure><\/a><a class=\"col w2\" href=\"http:\/\/hintz.bplaced.net\/de\/fotos\/graffiti\/bracknell\/bracknell\/attachment\/bracknell22\/\" data-src=\"http:\/\/hintz.bplaced.net\/images\/2011\/07\/bracknell22.jpg\" rel=\"lyteshow-\"><figure><img src=\"http:\/\/hintz.bplaced.net\/images\/2011\/07\/bracknell22-140x140.jpg\" width=\"140\" height=\"140\" alt=\"Bracknell\"><figcaption><h1>Unterf\u00fchrung<\/h1><h2>Fu\u00dfg\u00e4ngerunterf\u00fchrung<\/h2><p><\/p><\/figcaption><\/figure><\/a><\/div><\/p>","protected":false},"excerpt":{"rendered":"<p>Stadtansichten von Bracknell in 22 Bildern<\/p>\n","protected":false},"author":1,"featured_media":629,"parent":213,"menu_order":2,"comment_status":"open","ping_status":"open","template":"","meta":[],"_links":{"self":[{"href":"http:\/\/hintz.bplaced.net\/de\/wp-json\/wp\/v2\/pages\/217"}],"collection":[{"href":"http:\/\/hintz.bplaced.net\/de\/wp-json\/wp\/v2\/pages"}],"about":[{"href":"http:\/\/hintz.bplaced.net\/de\/wp-json\/wp\/v2\/types\/page"}],"author":[{"embeddable":true,"href":"http:\/\/hintz.bplaced.net\/de\/wp-json\/wp\/v2\/users\/1"}],"replies":[{"embeddable":true,"href":"http:\/\/hintz.bplaced.net\/de\/wp-json\/wp\/v2\/comments?post=217"}],"version-history":[{"count":6,"href":"http:\/\/hintz.bplaced.net\/de\/wp-json\/wp\/v2\/pages\/217\/revisions"}],"predecessor-version":[{"id":2219,"href":"http:\/\/hintz.bplaced.net\/de\/wp-json\/wp\/v2\/pages\/217\/revisions\/2219"}],"up":[{"embeddable":true,"href":"http:\/\/hintz.bplaced.net\/de\/wp-json\/wp\/v2\/pages\/213"}],"wp:featuredmedia":[{"embeddable":true,"href":"http:\/\/hintz.bplaced.net\/de\/wp-json\/wp\/v2\/media\/629"}],"wp:attachment":[{"href":"http:\/\/hintz.bplaced.net\/de\/wp-json\/wp\/v2\/media?parent=217"}],"curies":[{"name":"wp","href":"https:\/\/api.w.org\/{rel}","templated":true}]}}