{"id":2322,"date":"2011-08-07T10:33:24","date_gmt":"2011-08-07T08:33:24","guid":{"rendered":"http:\/\/hintz.bplaced.net\/?page_id=2322"},"modified":"2011-10-01T19:08:18","modified_gmt":"2011-10-01T17:08:18","slug":"maennermen","status":"publish","type":"page","link":"http:\/\/hintz.bplaced.net\/de\/fotos\/graffiti\/berlin\/graco\/maenner\/","title":{"rendered":"M\u00e4nner"},"content":{"rendered":"<p><\/p>\n<h1>M\u00e4nner<\/h1>\n<div class=\"col w8\"><a class=\"col w2\" href=\"http:\/\/hintz.bplaced.net\/de\/fotos\/graffiti\/berlin\/graco\/maenner\/attachment\/glatze\/\" data-src=\"http:\/\/hintz.bplaced.net\/images\/2011\/07\/glatze.jpg\" rel=\"lyteshow-\"><figure><img src=\"http:\/\/hintz.bplaced.net\/images\/2011\/07\/glatze-140x140.jpg\" width=\"140\" height=\"140\"><figcaption><h1>Glatzkopf<\/h1><h2>Ein Herr mit Glatze und schmalen Augen<\/h2><p><\/p><\/figcaption><\/figure><\/a><a class=\"col w2\" href=\"http:\/\/hintz.bplaced.net\/de\/fotos\/graffiti\/berlin\/graco\/maenner\/attachment\/oldfashion\/\" data-src=\"http:\/\/hintz.bplaced.net\/images\/2011\/07\/oldfashion.jpg\" rel=\"lyteshow-\"><figure><img src=\"http:\/\/hintz.bplaced.net\/images\/2011\/07\/oldfashion-140x140.jpg\" width=\"140\" height=\"140\"><figcaption><h1>Nostalgie<\/h1><h2>Eine altmodisch wirkende Darstellung eines Herrn mit Brille und Schnauzbart<\/h2><p><\/p><\/figcaption><\/figure><\/a><a class=\"col w2\" href=\"http:\/\/hintz.bplaced.net\/de\/fotos\/graffiti\/berlin\/graco\/maenner\/attachment\/jungermann\/\" data-src=\"http:\/\/hintz.bplaced.net\/images\/2011\/07\/jungermann.jpg\" rel=\"lyteshow-\"><figure><img src=\"http:\/\/hintz.bplaced.net\/images\/2011\/07\/jungermann-140x140.jpg\" width=\"140\" height=\"140\"><figcaption><h1>Junger Mann<\/h1><h2>Ein zufrieden blickender junger Mann mit nach hinten gek\u00e4mmten langem Haar<\/h2><p><\/p><\/figcaption><\/figure><\/a><a class=\"col w2\" href=\"http:\/\/hintz.bplaced.net\/de\/fotos\/graffiti\/berlin\/graco\/maenner\/attachment\/tshirt_mann\/\" data-src=\"http:\/\/hintz.bplaced.net\/images\/2011\/07\/tshirt_mann.jpg\" rel=\"lyteshow-\"><figure><img src=\"http:\/\/hintz.bplaced.net\/images\/2011\/07\/tshirt_mann-140x140.jpg\" width=\"140\" height=\"140\"><figcaption><h1>Junger Mann<\/h1><h2>Ein junger Mann mit T-Shirt und einem breiten L\u00e4cheln<\/h2><p><\/p><\/figcaption><\/figure><\/a><a class=\"col w2\" href=\"http:\/\/hintz.bplaced.net\/de\/fotos\/graffiti\/berlin\/graco\/maenner\/attachment\/herr\/\" data-src=\"http:\/\/hintz.bplaced.net\/images\/2011\/07\/herr.jpg\" rel=\"lyteshow-\"><figure><img src=\"http:\/\/hintz.bplaced.net\/images\/2011\/07\/herr-140x140.jpg\" width=\"140\" height=\"140\"><figcaption><h1>Herr<\/h1><h2><\/h2><p><\/p><\/figcaption><\/figure><\/a><a class=\"col w2\" href=\"http:\/\/hintz.bplaced.net\/de\/fotos\/graffiti\/berlin\/graco\/maenner\/attachment\/kerl\/\" data-src=\"http:\/\/hintz.bplaced.net\/images\/2011\/07\/kerl.jpg\" rel=\"lyteshow-\"><figure><img src=\"http:\/\/hintz.bplaced.net\/images\/2011\/07\/kerl-140x140.jpg\" width=\"140\" height=\"140\"><figcaption><h1>Kerl<\/h1><h2>Ein junger Mann mit schmalen Augen, die Z\u00e4hne zeigend und einem B\u00e4rtchen<\/h2><p><\/p><\/figcaption><\/figure><\/a><a class=\"col w2\" href=\"http:\/\/hintz.bplaced.net\/de\/fotos\/graffiti\/berlin\/graco\/maenner\/attachment\/kappe_mann\/\" data-src=\"http:\/\/hintz.bplaced.net\/images\/2011\/07\/kappe_mann.jpg\" rel=\"lyteshow-\"><figure><img src=\"http:\/\/hintz.bplaced.net\/images\/2011\/07\/kappe_mann-140x140.jpg\" width=\"140\" height=\"140\"><figcaption><h1>Mann<\/h1><h2>Ein Mann mit einer Kappe auf dem Kopf<\/h2><p><\/p><\/figcaption><\/figure><\/a><a class=\"col w2\" href=\"http:\/\/hintz.bplaced.net\/de\/fotos\/graffiti\/berlin\/graco\/maenner\/attachment\/bart\/\" data-src=\"http:\/\/hintz.bplaced.net\/images\/2011\/07\/bart.jpg\" rel=\"lyteshow-\"><figure><img src=\"http:\/\/hintz.bplaced.net\/images\/2011\/07\/bart-140x140.jpg\" width=\"140\" height=\"140\"><figcaption><h1>Bart<\/h1><h2>Ein Mann mit Bart<\/h2><p><\/p><\/figcaption><\/figure><\/a><a class=\"col w2\" href=\"http:\/\/hintz.bplaced.net\/de\/fotos\/graffiti\/berlin\/graco\/maenner\/attachment\/mann_brille\/\" data-src=\"http:\/\/hintz.bplaced.net\/images\/2011\/07\/mann_brille.jpg\" rel=\"lyteshow-\"><figure><img src=\"http:\/\/hintz.bplaced.net\/images\/2011\/07\/mann_brille-140x140.jpg\" width=\"140\" height=\"140\"><figcaption><h1>Brillentr\u00e4ger<\/h1><h2>Ein Mann mit Brille<\/h2><p><\/p><\/figcaption><\/figure><\/a><a class=\"col w2\" href=\"http:\/\/hintz.bplaced.net\/de\/fotos\/graffiti\/berlin\/graco\/maenner\/attachment\/eskimo\/\" data-src=\"http:\/\/hintz.bplaced.net\/images\/2011\/07\/eskimo.jpg\" rel=\"lyteshow-\"><figure><img src=\"http:\/\/hintz.bplaced.net\/images\/2011\/07\/eskimo-140x140.jpg\" width=\"140\" height=\"140\"><figcaption><h1>Eskimo<\/h1><h2><\/h2><p><\/p><\/figcaption><\/figure><\/a><a class=\"col w2\" href=\"http:\/\/hintz.bplaced.net\/de\/fotos\/graffiti\/berlin\/graco\/maenner\/attachment\/schluesselbein\/\" data-src=\"http:\/\/hintz.bplaced.net\/images\/2011\/07\/schluesselbein.jpg\" rel=\"lyteshow-\"><figure><img src=\"http:\/\/hintz.bplaced.net\/images\/2011\/07\/schluesselbein-140x140.jpg\" width=\"140\" height=\"140\"><figcaption><h1>Mann<\/h1><h2>Ein junger Mann<\/h2><p><\/p><\/figcaption><\/figure><\/a><a class=\"col w2\" href=\"http:\/\/hintz.bplaced.net\/de\/fotos\/graffiti\/berlin\/graco\/maenner\/attachment\/greis\/\" data-src=\"http:\/\/hintz.bplaced.net\/images\/2011\/07\/greis.jpg\" rel=\"lyteshow-\"><figure><img src=\"http:\/\/hintz.bplaced.net\/images\/2011\/07\/greis-140x140.jpg\" width=\"140\" height=\"140\"><figcaption><h1>Greis<\/h1><h2>Ein Mann im Greisenalter<\/h2><p><\/p><\/figcaption><\/figure><\/a><a class=\"col w2\" href=\"http:\/\/hintz.bplaced.net\/de\/fotos\/graffiti\/berlin\/graco\/maenner\/attachment\/stirnband\/\" data-src=\"http:\/\/hintz.bplaced.net\/images\/2011\/07\/stirnband.jpg\" rel=\"lyteshow-\"><figure><img src=\"http:\/\/hintz.bplaced.net\/images\/2011\/07\/stirnband-140x140.jpg\" width=\"140\" height=\"140\"><figcaption><h1>Stirnband<\/h1><h2>Ein junger Mann mit Stirnband und Schn\u00e4uzer<\/h2><p><\/p><\/figcaption><\/figure><\/a><a class=\"col w2\" href=\"http:\/\/hintz.bplaced.net\/de\/fotos\/graffiti\/berlin\/graco\/maenner\/attachment\/strohhut\/\" data-src=\"http:\/\/hintz.bplaced.net\/images\/2011\/07\/strohhut.jpg\" rel=\"lyteshow-\"><figure><img src=\"http:\/\/hintz.bplaced.net\/images\/2011\/07\/strohhut-140x140.jpg\" width=\"140\" height=\"140\"><figcaption><h1>Strohhut<\/h1><h2>Ein Mann mit etwas Bart und einem Strohhut<\/h2><p><\/p><\/figcaption><\/figure><\/a><a class=\"col w2\" href=\"http:\/\/hintz.bplaced.net\/de\/fotos\/graffiti\/berlin\/graco\/maenner\/attachment\/blaumann\/\" data-src=\"http:\/\/hintz.bplaced.net\/images\/2011\/07\/blaumann.jpg\" rel=\"lyteshow-\"><figure><img src=\"http:\/\/hintz.bplaced.net\/images\/2011\/07\/blaumann-140x140.jpg\" width=\"140\" height=\"140\"><figcaption><h1>Blaumann<\/h1><h2><\/h2><p><\/p><\/figcaption><\/figure><\/a><a class=\"col w2\" href=\"http:\/\/hintz.bplaced.net\/de\/fotos\/graffiti\/berlin\/graco\/maenner\/attachment\/maxim\/\" data-src=\"http:\/\/hintz.bplaced.net\/images\/2011\/07\/maxim.jpg\" rel=\"lyteshow-\"><figure><img src=\"http:\/\/hintz.bplaced.net\/images\/2011\/07\/maxim-140x140.jpg\" width=\"140\" height=\"140\"><figcaption><h1>Maxim<\/h1><h2>Rest in Peace<\/h2><p><\/p><\/figcaption><\/figure><\/a><a class=\"col w2\" href=\"http:\/\/hintz.bplaced.net\/de\/fotos\/graffiti\/berlin\/graco\/maenner\/attachment\/turban\/\" data-src=\"http:\/\/hintz.bplaced.net\/images\/2011\/07\/turban.jpg\" rel=\"lyteshow-\"><figure><img src=\"http:\/\/hintz.bplaced.net\/images\/2011\/07\/turban-140x140.jpg\" width=\"140\" height=\"140\"><figcaption><h1>Turban<\/h1><h2><\/h2><p><\/p><\/figcaption><\/figure><\/a><\/div>\n<p>Die letzten drei Bilder existierten noch nicht im Jahr 2000 und wurden erst sp\u00e4ter erg\u00e4nzt.<\/p>","protected":false},"excerpt":{"rendered":"<p>M\u00e4nner Die letzten drei Bilder existierten noch nicht im Jahr 2000 und wurden erst sp\u00e4ter erg\u00e4nzt.<\/p>\n","protected":false},"author":1,"featured_media":1182,"parent":205,"menu_order":6,"comment_status":"open","ping_status":"open","template":"","meta":[],"_links":{"self":[{"href":"http:\/\/hintz.bplaced.net\/de\/wp-json\/wp\/v2\/pages\/2322"}],"collection":[{"href":"http:\/\/hintz.bplaced.net\/de\/wp-json\/wp\/v2\/pages"}],"about":[{"href":"http:\/\/hintz.bplaced.net\/de\/wp-json\/wp\/v2\/types\/page"}],"author":[{"embeddable":true,"href":"http:\/\/hintz.bplaced.net\/de\/wp-json\/wp\/v2\/users\/1"}],"replies":[{"embeddable":true,"href":"http:\/\/hintz.bplaced.net\/de\/wp-json\/wp\/v2\/comments?post=2322"}],"version-history":[{"count":7,"href":"http:\/\/hintz.bplaced.net\/de\/wp-json\/wp\/v2\/pages\/2322\/revisions"}],"predecessor-version":[{"id":2753,"href":"http:\/\/hintz.bplaced.net\/de\/wp-json\/wp\/v2\/pages\/2322\/revisions\/2753"}],"up":[{"embeddable":true,"href":"http:\/\/hintz.bplaced.net\/de\/wp-json\/wp\/v2\/pages\/205"}],"wp:featuredmedia":[{"embeddable":true,"href":"http:\/\/hintz.bplaced.net\/de\/wp-json\/wp\/v2\/media\/1182"}],"wp:attachment":[{"href":"http:\/\/hintz.bplaced.net\/de\/wp-json\/wp\/v2\/media?parent=2322"}],"curies":[{"name":"wp","href":"https:\/\/api.w.org\/{rel}","templated":true}]}}