{"id":247,"date":"2011-07-12T21:59:09","date_gmt":"2011-07-12T19:59:09","guid":{"rendered":"http:\/\/hintz.bplaced.net\/?page_id=247"},"modified":"2011-07-30T21:53:36","modified_gmt":"2011-07-30T19:53:36","slug":"malerei","status":"publish","type":"page","link":"http:\/\/hintz.bplaced.net\/de\/fotos\/graffiti\/bracknell\/malerei\/","title":{"rendered":"Malerei"},"content":{"rendered":"<p><\/p>\n<h1>Gem\u00e4lde Galerie<\/h1>\n<p><div class=\"col w8\"><a class=\"col w2\" href=\"http:\/\/hintz.bplaced.net\/de\/fotos\/graffiti\/bracknell\/malerei\/attachment\/painting1\/\" data-src=\"http:\/\/hintz.bplaced.net\/images\/2011\/07\/painting1.jpg\" rel=\"lyteshow-\"><figure><img src=\"http:\/\/hintz.bplaced.net\/images\/2011\/07\/painting1-140x140.jpg\" width=\"140\" height=\"140\"><figcaption><h1>Rembrandt van Rijn<\/h1><h2>Rembrandt: Selbstportr\u00e4t, 1634<\/h2><p><\/p><\/figcaption><\/figure><\/a><a class=\"col w2\" href=\"http:\/\/hintz.bplaced.net\/de\/fotos\/graffiti\/bracknell\/malerei\/attachment\/painting2\/\" data-src=\"http:\/\/hintz.bplaced.net\/images\/2011\/07\/painting2.jpg\" rel=\"lyteshow-\"><figure><img src=\"http:\/\/hintz.bplaced.net\/images\/2011\/07\/painting2-140x140.jpg\" width=\"140\" height=\"140\"><figcaption><h1>Paul Gauguin<\/h1><h2>Paul Gauguin : Tahitische Frauen am Strand, 1891.<\/h2><p>Dieses Bild zeigt zwei Maohifrauen auf der S\u00fcdseeinsel Tahiti, die Paul Gauguin in den Jahren 1891 bis 1893 zum ersten mal besuchte. W\u00e4hrend linke Frau ein traditionelles, luftiges Umschlagtuch (p\u0101reu) um die H\u00fcften tr\u00e4gt, ist die andere Frau mit einem f\u00fcr das dortige Klima ungeeigneten, hoch geschlossenen, rosafarbenen, langen Kleid bekleidet.<\/p><\/figcaption><\/figure><\/a><a class=\"col w2\" href=\"http:\/\/hintz.bplaced.net\/de\/fotos\/graffiti\/bracknell\/malerei\/attachment\/painting3\/\" data-src=\"http:\/\/hintz.bplaced.net\/images\/2011\/07\/painting3.jpg\" rel=\"lyteshow-\"><figure><img src=\"http:\/\/hintz.bplaced.net\/images\/2011\/07\/painting3-140x140.jpg\" width=\"140\" height=\"140\"><figcaption><h1>Berthe Morisot<\/h1><h2>Berthe Morisot : Die Wiege<\/h2><p>Dieses Bild von Berthe Morisot zeigt ihre Schwester Edma an der Wiege mit deren 1871 geborenen Tochter Blanche.<\/p><\/figcaption><\/figure><\/a><a class=\"col w2\" href=\"http:\/\/hintz.bplaced.net\/de\/fotos\/graffiti\/bracknell\/malerei\/attachment\/painting4\/\" data-src=\"http:\/\/hintz.bplaced.net\/images\/2011\/07\/painting4.jpg\" rel=\"lyteshow-\"><figure><img src=\"http:\/\/hintz.bplaced.net\/images\/2011\/07\/painting4-140x140.jpg\" width=\"140\" height=\"140\"><figcaption><h1>Dame<\/h1><h2>Gem\u00e4lde<\/h2><p><\/p><\/figcaption><\/figure><\/a><a class=\"col w2\" href=\"http:\/\/hintz.bplaced.net\/de\/fotos\/graffiti\/bracknell\/malerei\/attachment\/painting5\/\" data-src=\"http:\/\/hintz.bplaced.net\/images\/2011\/07\/painting5.jpg\" rel=\"lyteshow-\"><figure><img src=\"http:\/\/hintz.bplaced.net\/images\/2011\/07\/painting5-140x140.jpg\" width=\"140\" height=\"140\"><figcaption><h1>Besucherin<\/h1><h2>Eine gemalte Besucherin Gem\u00e4lde betrachtend<\/h2><p><\/p><\/figcaption><\/figure><\/a><a class=\"col w2\" href=\"http:\/\/hintz.bplaced.net\/de\/fotos\/graffiti\/bracknell\/malerei\/attachment\/painting6\/\" data-src=\"http:\/\/hintz.bplaced.net\/images\/2011\/07\/painting6.jpg\" rel=\"lyteshow-\"><figure><img src=\"http:\/\/hintz.bplaced.net\/images\/2011\/07\/painting6-140x140.jpg\" width=\"140\" height=\"140\"><figcaption><h1>Jan Vermeer<\/h1><h2>Jan Vermeer: Die Gitarrenspielerin, 1672<\/h2><p>Das auf die Wand gemalte Gem\u00e4lde zeigt ein junges M\u00e4dchen mit einer Guitarre vor einem anderen gemalten Bild.<\/p><\/figcaption><\/figure><\/a><a class=\"col w2\" href=\"http:\/\/hintz.bplaced.net\/de\/fotos\/graffiti\/bracknell\/malerei\/attachment\/painting7\/\" data-src=\"http:\/\/hintz.bplaced.net\/images\/2011\/07\/painting7.jpg\" rel=\"lyteshow-\"><figure><img src=\"http:\/\/hintz.bplaced.net\/images\/2011\/07\/painting7-140x140.jpg\" width=\"140\" height=\"140\"><figcaption><h1>W\u00e4chter<\/h1><h2>Ein Museumsw\u00e4chter sitzt auf einem Stuhl vor einem Gem\u00e4lde.<\/h2><p>Das Gem\u00e4lde stellt eine Frau in einem \u00e4rmellosen Kleid mit Halskette und eine Vase mit Blumen sowie Fr\u00fcchte dar.\r\n\r\nDer Museumsw\u00e4chter tr\u00e4gt eine blaue Uniform, ein wei\u00dfes Hemd, eine rote Krawatte und rote Socken in schwarzen gl\u00e4nzenden Schuhen. Er sitzt seitlich auf dem Stuhl. Sein rechter Arm liegt auf der R\u00fcckenlehne. In der Hand h\u00e4lt er seine M\u00fctze.<\/p><\/figcaption><\/figure><\/a><a class=\"col w2\" href=\"http:\/\/hintz.bplaced.net\/de\/fotos\/graffiti\/bracknell\/malerei\/attachment\/painting8\/\" data-src=\"http:\/\/hintz.bplaced.net\/images\/2011\/07\/painting8.jpg\" rel=\"lyteshow-\"><figure><img src=\"http:\/\/hintz.bplaced.net\/images\/2011\/07\/painting8-140x140.jpg\" width=\"140\" height=\"140\"><figcaption><h1>Henri E. Matisse<\/h1><h2>Henri E. Matisse : Goldfisch, 1911<\/h2><p>Ein Glas mit vier Goldfischen auf einem runden Tisch an dem ein Stuhl steht. Auf dem Tisch liegen Fr\u00fcchte. Der Tisch ist umgeben von bl\u00fchenden Pflanzen.<\/p><\/figcaption><\/figure><\/a><a class=\"col w2\" href=\"http:\/\/hintz.bplaced.net\/de\/fotos\/graffiti\/bracknell\/malerei\/attachment\/painting9\/\" data-src=\"http:\/\/hintz.bplaced.net\/images\/2011\/07\/painting9.jpg\" rel=\"lyteshow-\"><figure><img src=\"http:\/\/hintz.bplaced.net\/images\/2011\/07\/painting9-140x140.jpg\" width=\"140\" height=\"140\"><figcaption><h1>Frauen<\/h1><h2>Neben dem Bild mit Goldfischen stehen zwei Frauen.<\/h2><p><\/p><\/figcaption><\/figure><\/a><a class=\"col w2\" href=\"http:\/\/hintz.bplaced.net\/de\/fotos\/graffiti\/bracknell\/malerei\/attachment\/painting10\/\" data-src=\"http:\/\/hintz.bplaced.net\/images\/2011\/07\/painting10.jpg\" rel=\"lyteshow-\"><figure><img src=\"http:\/\/hintz.bplaced.net\/images\/2011\/07\/painting10-140x140.jpg\" width=\"140\" height=\"140\"><figcaption><h1>Furt<\/h1><h2>Pferd und Wagen fahren durch einen Flu\u00df.<\/h2><p><\/p><\/figcaption><\/figure><\/a><a class=\"col w2\" href=\"http:\/\/hintz.bplaced.net\/de\/fotos\/graffiti\/bracknell\/malerei\/attachment\/painting11\/\" data-src=\"http:\/\/hintz.bplaced.net\/images\/2011\/07\/painting11.jpg\" rel=\"lyteshow-\"><figure><img src=\"http:\/\/hintz.bplaced.net\/images\/2011\/07\/painting11-140x140.jpg\" width=\"140\" height=\"140\"><figcaption><h1>Claude Monet<\/h1><h2>Claude Monet : Wilder Mohn<\/h2><p>Mohnblumen auf einer Wiese, \u00fcber die eine Dame mit Sonnenschirm und Hut geht.<\/p><\/figcaption><\/figure><\/a><a class=\"col w2\" href=\"http:\/\/hintz.bplaced.net\/de\/fotos\/graffiti\/bracknell\/malerei\/attachment\/painting13\/\" data-src=\"http:\/\/hintz.bplaced.net\/images\/2011\/07\/painting13.jpg\" rel=\"lyteshow-\"><figure><img src=\"http:\/\/hintz.bplaced.net\/images\/2011\/07\/painting13-140x140.jpg\" width=\"140\" height=\"140\"><figcaption><h1>M\u00e4dchen<\/h1><h2>Zwei M\u00e4dchen stehen zwischen Bildern von Monet und Renoir.<\/h2><p><\/p><\/figcaption><\/figure><\/a><a class=\"col w2\" href=\"http:\/\/hintz.bplaced.net\/de\/fotos\/graffiti\/bracknell\/malerei\/attachment\/painting12\/\" data-src=\"http:\/\/hintz.bplaced.net\/images\/2011\/07\/painting12.jpg\" rel=\"lyteshow-\"><figure><img src=\"http:\/\/hintz.bplaced.net\/images\/2011\/07\/painting12-140x140.jpg\" width=\"140\" height=\"140\"><figcaption><h1>Renoir<\/h1><h2>Pierre Auguste Renoir : Die Box<\/h2><p><\/p><\/figcaption><\/figure><\/a><a class=\"col w2\" href=\"http:\/\/hintz.bplaced.net\/de\/fotos\/graffiti\/bracknell\/malerei\/attachment\/painting14\/\" data-src=\"http:\/\/hintz.bplaced.net\/images\/2011\/07\/painting14.jpg\" rel=\"lyteshow-\"><figure><img src=\"http:\/\/hintz.bplaced.net\/images\/2011\/07\/painting14-140x140.jpg\" width=\"140\" height=\"140\"><figcaption><h1>Eduoard Manet<\/h1><h2>Eduoard Manet : Eine Bar bei den Folies-Bergeres, 1881<\/h2><p><\/p><\/figcaption><\/figure><\/a><a class=\"col w2\" href=\"http:\/\/hintz.bplaced.net\/de\/fotos\/graffiti\/bracknell\/malerei\/attachment\/painting15\/\" data-src=\"http:\/\/hintz.bplaced.net\/images\/2011\/07\/painting15.jpg\" rel=\"lyteshow-\"><figure><img src=\"http:\/\/hintz.bplaced.net\/images\/2011\/07\/painting15-140x140.jpg\" width=\"140\" height=\"140\"><figcaption><h1>Paar<\/h1><h2>Eine junge Frau und ein junger Mann stehen neben einem Bild.<\/h2><p><\/p><\/figcaption><\/figure><\/a><\/div><\/p>","protected":false},"excerpt":{"rendered":"<p>Gem\u00e4lde Galerie<\/p>\n","protected":false},"author":1,"featured_media":420,"parent":213,"menu_order":3,"comment_status":"open","ping_status":"open","template":"","meta":[],"_links":{"self":[{"href":"http:\/\/hintz.bplaced.net\/de\/wp-json\/wp\/v2\/pages\/247"}],"collection":[{"href":"http:\/\/hintz.bplaced.net\/de\/wp-json\/wp\/v2\/pages"}],"about":[{"href":"http:\/\/hintz.bplaced.net\/de\/wp-json\/wp\/v2\/types\/page"}],"author":[{"embeddable":true,"href":"http:\/\/hintz.bplaced.net\/de\/wp-json\/wp\/v2\/users\/1"}],"replies":[{"embeddable":true,"href":"http:\/\/hintz.bplaced.net\/de\/wp-json\/wp\/v2\/comments?post=247"}],"version-history":[{"count":5,"href":"http:\/\/hintz.bplaced.net\/de\/wp-json\/wp\/v2\/pages\/247\/revisions"}],"predecessor-version":[{"id":2218,"href":"http:\/\/hintz.bplaced.net\/de\/wp-json\/wp\/v2\/pages\/247\/revisions\/2218"}],"up":[{"embeddable":true,"href":"http:\/\/hintz.bplaced.net\/de\/wp-json\/wp\/v2\/pages\/213"}],"wp:featuredmedia":[{"embeddable":true,"href":"http:\/\/hintz.bplaced.net\/de\/wp-json\/wp\/v2\/media\/420"}],"wp:attachment":[{"href":"http:\/\/hintz.bplaced.net\/de\/wp-json\/wp\/v2\/media?parent=247"}],"curies":[{"name":"wp","href":"https:\/\/api.w.org\/{rel}","templated":true}]}}