{"id":2765,"date":"2011-10-03T17:40:35","date_gmt":"2011-10-03T15:40:35","guid":{"rendered":"http:\/\/hintz.bplaced.net\/?page_id=2765"},"modified":"2011-10-07T13:49:38","modified_gmt":"2011-10-07T11:49:38","slug":"rummelsburg","status":"publish","type":"page","link":"http:\/\/hintz.bplaced.net\/de\/fotos\/graffiti\/berlin\/rummelsburg\/","title":{"rendered":"Rummelsburg"},"content":{"rendered":"<p><\/p>\n<h1>Graffiti in Berlin Rummelsburg<\/h1>\n<div class=\"col w8\"><a class=\"col w2\" href=\"http:\/\/hintz.bplaced.net\/de\/fotos\/graffiti\/berlin\/rummelsburg\/attachment\/amy\/\" data-src=\"http:\/\/hintz.bplaced.net\/images\/2011\/10\/AMY.jpg\" rel=\"lyteshow-\"><figure><img src=\"http:\/\/hintz.bplaced.net\/images\/2011\/10\/AMY-140x140.jpg\" width=\"140\" height=\"140\"><figcaption><h1>AMY<\/h1><h2><\/h2><p><\/p><\/figcaption><\/figure><\/a><a class=\"col w2\" href=\"http:\/\/hintz.bplaced.net\/de\/fotos\/graffiti\/berlin\/rummelsburg\/attachment\/gfa\/\" data-src=\"http:\/\/hintz.bplaced.net\/images\/2011\/10\/GFA.jpg\" rel=\"lyteshow-\"><figure><img src=\"http:\/\/hintz.bplaced.net\/images\/2011\/10\/GFA-140x140.jpg\" width=\"140\" height=\"140\"><figcaption><h1>GFA<\/h1><h2><\/h2><p><\/p><\/figcaption><\/figure><\/a><a class=\"col w2\" href=\"http:\/\/hintz.bplaced.net\/de\/fotos\/graffiti\/berlin\/rummelsburg\/attachment\/papagei\/\" data-src=\"http:\/\/hintz.bplaced.net\/images\/2011\/10\/Papagei.jpg\" rel=\"lyteshow-\"><figure><img src=\"http:\/\/hintz.bplaced.net\/images\/2011\/10\/Papagei-140x140.jpg\" width=\"140\" height=\"140\"><figcaption><h1>Papagei<\/h1><h2><\/h2><p><\/p><\/figcaption><\/figure><\/a><a class=\"col w2\" href=\"http:\/\/hintz.bplaced.net\/de\/fotos\/graffiti\/berlin\/rummelsburg\/attachment\/natural-rules\/\" data-src=\"http:\/\/hintz.bplaced.net\/images\/2011\/10\/Natural-Rules.jpg\" rel=\"lyteshow-\"><figure><img src=\"http:\/\/hintz.bplaced.net\/images\/2011\/10\/Natural-Rules-140x140.jpg\" width=\"140\" height=\"140\"><figcaption><h1>Natural Rules<\/h1><h2><\/h2><p><\/p><\/figcaption><\/figure><\/a><a class=\"col w2\" href=\"http:\/\/hintz.bplaced.net\/de\/fotos\/graffiti\/berlin\/rummelsburg\/attachment\/monkey-2\/\" data-src=\"http:\/\/hintz.bplaced.net\/images\/2011\/10\/\u00c4ffchen.jpg\" rel=\"lyteshow-\"><figure><img src=\"http:\/\/hintz.bplaced.net\/images\/2011\/10\/\u00c4ffchen-140x140.jpg\" width=\"140\" height=\"140\"><figcaption><h1>\u00c4\u0084ffchen<\/h1><h2><\/h2><p><\/p><\/figcaption><\/figure><\/a><a class=\"col w2\" href=\"http:\/\/hintz.bplaced.net\/de\/fotos\/graffiti\/berlin\/rummelsburg\/attachment\/nomad\/\" data-src=\"http:\/\/hintz.bplaced.net\/images\/2011\/10\/Nomad.jpg\" rel=\"lyteshow-\"><figure><img src=\"http:\/\/hintz.bplaced.net\/images\/2011\/10\/Nomad-140x140.jpg\" width=\"140\" height=\"140\"><figcaption><h1>Nomad<\/h1><h2><\/h2><p><\/p><\/figcaption><\/figure><\/a><a class=\"col w2\" href=\"http:\/\/hintz.bplaced.net\/de\/fotos\/graffiti\/berlin\/rummelsburg\/attachment\/dbs\/\" data-src=\"http:\/\/hintz.bplaced.net\/images\/2011\/10\/DBS.jpg\" rel=\"lyteshow-\"><figure><img src=\"http:\/\/hintz.bplaced.net\/images\/2011\/10\/DBS-140x140.jpg\" width=\"140\" height=\"140\"><figcaption><h1>DBS<\/h1><h2><\/h2><p><\/p><\/figcaption><\/figure><\/a><a class=\"col w2\" href=\"http:\/\/hintz.bplaced.net\/de\/fotos\/graffiti\/berlin\/rummelsburg\/attachment\/poet\/\" data-src=\"http:\/\/hintz.bplaced.net\/images\/2011\/10\/Poet.jpg\" rel=\"lyteshow-\"><figure><img src=\"http:\/\/hintz.bplaced.net\/images\/2011\/10\/Poet-140x140.jpg\" width=\"140\" height=\"140\"><figcaption><h1>Poet<\/h1><h2><\/h2><p><\/p><\/figcaption><\/figure><\/a><a class=\"col w2\" href=\"http:\/\/hintz.bplaced.net\/de\/fotos\/graffiti\/berlin\/rummelsburg\/attachment\/blau-gra%c2%bcn\/\" data-src=\"http:\/\/hintz.bplaced.net\/images\/2011\/10\/Blau-Gr\u00fcn.jpg\" rel=\"lyteshow-\"><figure><img src=\"http:\/\/hintz.bplaced.net\/images\/2011\/10\/Blau-Gr\u00fcn-140x140.jpg\" width=\"140\" height=\"140\"><figcaption><h1>Blau Gr\u00fcn<\/h1><h2><\/h2><p><\/p><\/figcaption><\/figure><\/a><a class=\"col w2\" href=\"http:\/\/hintz.bplaced.net\/de\/fotos\/graffiti\/berlin\/rummelsburg\/attachment\/gesichter\/\" data-src=\"http:\/\/hintz.bplaced.net\/images\/2011\/10\/Gesichter.jpg\" rel=\"lyteshow-\"><figure><img src=\"http:\/\/hintz.bplaced.net\/images\/2011\/10\/Gesichter-140x140.jpg\" width=\"140\" height=\"140\"><figcaption><h1>Gesichter<\/h1><h2><\/h2><p><\/p><\/figcaption><\/figure><\/a><a class=\"col w2\" href=\"http:\/\/hintz.bplaced.net\/de\/fotos\/graffiti\/berlin\/rummelsburg\/attachment\/pyramide-2\/\" data-src=\"http:\/\/hintz.bplaced.net\/images\/2011\/10\/Pyramide.jpg\" rel=\"lyteshow-\"><figure><img src=\"http:\/\/hintz.bplaced.net\/images\/2011\/10\/Pyramide-140x140.jpg\" width=\"140\" height=\"140\"><figcaption><h1>Pyramide<\/h1><h2><\/h2><p><\/p><\/figcaption><\/figure><\/a><a class=\"col w2\" href=\"http:\/\/hintz.bplaced.net\/de\/fotos\/graffiti\/berlin\/rummelsburg\/attachment\/bunt-2\/\" data-src=\"http:\/\/hintz.bplaced.net\/images\/2011\/10\/Bunt.jpg\" rel=\"lyteshow-\"><figure><img src=\"http:\/\/hintz.bplaced.net\/images\/2011\/10\/Bunt-140x140.jpg\" width=\"140\" height=\"140\"><figcaption><h1>Bunt<\/h1><h2><\/h2><p><\/p><\/figcaption><\/figure><\/a><a class=\"col w2\" href=\"http:\/\/hintz.bplaced.net\/de\/fotos\/graffiti\/berlin\/rummelsburg\/attachment\/gra%c2%bcn-orange-pink\/\" data-src=\"http:\/\/hintz.bplaced.net\/images\/2011\/10\/Gr\u00fcn-Orange-Pink.jpg\" rel=\"lyteshow-\"><figure><img src=\"http:\/\/hintz.bplaced.net\/images\/2011\/10\/Gr\u00fcn-Orange-Pink-140x140.jpg\" width=\"140\" height=\"140\"><figcaption><h1>Gr\u00fcn, Orange, Pink<\/h1><h2><\/h2><p><\/p><\/figcaption><\/figure><\/a><a class=\"col w2\" href=\"http:\/\/hintz.bplaced.net\/de\/fotos\/graffiti\/berlin\/rummelsburg\/attachment\/friedhof\/\" data-src=\"http:\/\/hintz.bplaced.net\/images\/2011\/10\/Friedhof.jpg\" rel=\"lyteshow-\"><figure><img src=\"http:\/\/hintz.bplaced.net\/images\/2011\/10\/Friedhof-140x140.jpg\" width=\"140\" height=\"140\"><figcaption><h1>Friedhof<\/h1><h2><\/h2><p><\/p><\/figcaption><\/figure><\/a><a class=\"col w2\" href=\"http:\/\/hintz.bplaced.net\/de\/fotos\/graffiti\/berlin\/rummelsburg\/attachment\/peaceful-evolution\/\" data-src=\"http:\/\/hintz.bplaced.net\/images\/2011\/10\/Peaceful-Evolution.jpg\" rel=\"lyteshow-\"><figure><img src=\"http:\/\/hintz.bplaced.net\/images\/2011\/10\/Peaceful-Evolution-140x140.jpg\" width=\"140\" height=\"140\"><figcaption><h1>Peaceful Evolution<\/h1><h2><\/h2><p><\/p><\/figcaption><\/figure><\/a><a class=\"col w2\" href=\"http:\/\/hintz.bplaced.net\/de\/fotos\/graffiti\/berlin\/rummelsburg\/attachment\/good-styles\/\" data-src=\"http:\/\/hintz.bplaced.net\/images\/2011\/10\/Good-Styles.jpg\" rel=\"lyteshow-\"><figure><img src=\"http:\/\/hintz.bplaced.net\/images\/2011\/10\/Good-Styles-140x140.jpg\" width=\"140\" height=\"140\" alt=\"They got the good Styles \u2026 I love it \u2026\"><figcaption><h1>Good Styles<\/h1><h2>Rothaarige in rotem Kleid<\/h2><p>MODE2, AMOK, \"CMD\"<\/p><\/figcaption><\/figure><\/a><\/div>\n<p>Diese Bilder von Anfang Oktober 2011 sind alle Teil einer gro\u00dfen Wand. Die letzten beiden Werke befinden sich auf der R\u00fcckseite der Wand. Der restliche Teil der R\u00fcckseite, war zum Zeitpunkt der Fotos noch nicht fertig.  <\/p>","protected":false},"excerpt":{"rendered":"<p>Graffiti in Berlin Rummelsburg Diese Bilder von Anfang Oktober 2011 sind alle Teil einer gro\u00dfen Wand. Die letzten beiden Werke befinden sich auf der R\u00fcckseite der Wand. Der restliche Teil der R\u00fcckseite, war zum Zeitpunkt der Fotos noch nicht fertig.<\/p>\n","protected":false},"author":1,"featured_media":2779,"parent":187,"menu_order":1,"comment_status":"open","ping_status":"open","template":"","meta":[],"_links":{"self":[{"href":"http:\/\/hintz.bplaced.net\/de\/wp-json\/wp\/v2\/pages\/2765"}],"collection":[{"href":"http:\/\/hintz.bplaced.net\/de\/wp-json\/wp\/v2\/pages"}],"about":[{"href":"http:\/\/hintz.bplaced.net\/de\/wp-json\/wp\/v2\/types\/page"}],"author":[{"embeddable":true,"href":"http:\/\/hintz.bplaced.net\/de\/wp-json\/wp\/v2\/users\/1"}],"replies":[{"embeddable":true,"href":"http:\/\/hintz.bplaced.net\/de\/wp-json\/wp\/v2\/comments?post=2765"}],"version-history":[{"count":7,"href":"http:\/\/hintz.bplaced.net\/de\/wp-json\/wp\/v2\/pages\/2765\/revisions"}],"predecessor-version":[{"id":2809,"href":"http:\/\/hintz.bplaced.net\/de\/wp-json\/wp\/v2\/pages\/2765\/revisions\/2809"}],"up":[{"embeddable":true,"href":"http:\/\/hintz.bplaced.net\/de\/wp-json\/wp\/v2\/pages\/187"}],"wp:featuredmedia":[{"embeddable":true,"href":"http:\/\/hintz.bplaced.net\/de\/wp-json\/wp\/v2\/media\/2779"}],"wp:attachment":[{"href":"http:\/\/hintz.bplaced.net\/de\/wp-json\/wp\/v2\/media?parent=2765"}],"curies":[{"name":"wp","href":"https:\/\/api.w.org\/{rel}","templated":true}]}}