{"id":41,"date":"2011-07-11T21:20:34","date_gmt":"2011-07-11T19:20:34","guid":{"rendered":"http:\/\/hintz.bplaced.net\/?page_id=41"},"modified":"2011-08-07T23:40:51","modified_gmt":"2011-08-07T21:40:51","slug":"nacht","status":"publish","type":"page","link":"http:\/\/hintz.bplaced.net\/de\/fotos\/staedte\/berlin\/nacht\/","title":{"rendered":"Nacht"},"content":{"rendered":"<p><\/p>\n<h1>Berlin bei Nacht<\/h1>\n<p><div class=\"col w8\"><a class=\"col w2\" href=\"http:\/\/hintz.bplaced.net\/de\/fotos\/staedte\/berlin\/nacht\/attachment\/brandenburger-tor-2\/\" data-src=\"http:\/\/hintz.bplaced.net\/images\/2011\/07\/Brandenburger-Tor.jpg\" rel=\"lyteshow-\"><figure><img src=\"http:\/\/hintz.bplaced.net\/images\/2011\/07\/Brandenburger-Tor-140x140.jpg\" width=\"140\" height=\"140\"><figcaption><h1>Brandenburger Tor<\/h1><h2><\/h2><p><\/p><\/figcaption><\/figure><\/a><a class=\"col w2\" href=\"http:\/\/hintz.bplaced.net\/de\/fotos\/staedte\/berlin\/nacht\/attachment\/quadriga-2\/\" data-src=\"http:\/\/hintz.bplaced.net\/images\/2011\/07\/Quadriga.jpg\" rel=\"lyteshow-\"><figure><img src=\"http:\/\/hintz.bplaced.net\/images\/2011\/07\/Quadriga-140x140.jpg\" width=\"140\" height=\"140\"><figcaption><h1>Quadriga<\/h1><h2><\/h2><p><\/p><\/figcaption><\/figure><\/a><a class=\"col w2\" href=\"http:\/\/hintz.bplaced.net\/de\/fotos\/staedte\/berlin\/nacht\/attachment\/hauptbahnhof-3\/\" data-src=\"http:\/\/hintz.bplaced.net\/images\/2011\/07\/Hauptbahnhof.jpg\" rel=\"lyteshow-\"><figure><img src=\"http:\/\/hintz.bplaced.net\/images\/2011\/07\/Hauptbahnhof-140x140.jpg\" width=\"140\" height=\"140\"><figcaption><h1>Hauptbahnhof<\/h1><h2><\/h2><p><\/p><\/figcaption><\/figure><\/a><a class=\"col w2\" href=\"http:\/\/hintz.bplaced.net\/de\/fotos\/staedte\/berlin\/nacht\/attachment\/hauptbahnhof-2\/\" data-src=\"http:\/\/hintz.bplaced.net\/images\/2011\/07\/Hauptbahnhof-3.jpg\" rel=\"lyteshow-\"><figure><img src=\"http:\/\/hintz.bplaced.net\/images\/2011\/07\/Hauptbahnhof-3-140x140.jpg\" width=\"140\" height=\"140\"><figcaption><h1>Hauptbahnhof<\/h1><h2><\/h2><p><\/p><\/figcaption><\/figure><\/a><a class=\"col w2\" href=\"http:\/\/hintz.bplaced.net\/de\/fotos\/staedte\/berlin\/nacht\/attachment\/hauptbahnhof\/\" data-src=\"http:\/\/hintz.bplaced.net\/images\/2011\/07\/Hauptbahnhof-2.jpg\" rel=\"lyteshow-\"><figure><img src=\"http:\/\/hintz.bplaced.net\/images\/2011\/07\/Hauptbahnhof-2-140x140.jpg\" width=\"140\" height=\"140\"><figcaption><h1>Hauptbahnhof<\/h1><h2><\/h2><p><\/p><\/figcaption><\/figure><\/a><a class=\"col w2\" href=\"http:\/\/hintz.bplaced.net\/de\/fotos\/staedte\/berlin\/nacht\/attachment\/hauptbahnhof-4\/\" data-src=\"http:\/\/hintz.bplaced.net\/images\/2011\/07\/Hauptbahnhof-4.jpg\" rel=\"lyteshow-\"><figure><img src=\"http:\/\/hintz.bplaced.net\/images\/2011\/07\/Hauptbahnhof-4-140x140.jpg\" width=\"140\" height=\"140\"><figcaption><h1>Hauptbahnhof<\/h1><h2><\/h2><p>Gr\u00fcne Laser<\/p><\/figcaption><\/figure><\/a><a class=\"col w2\" href=\"http:\/\/hintz.bplaced.net\/de\/fotos\/staedte\/berlin\/nacht\/attachment\/amerikanische-botschaft\/\" data-src=\"http:\/\/hintz.bplaced.net\/images\/2011\/07\/Amerikanische-Botschaft.jpg\" rel=\"lyteshow-\"><figure><img src=\"http:\/\/hintz.bplaced.net\/images\/2011\/07\/Amerikanische-Botschaft-140x140.jpg\" width=\"140\" height=\"140\"><figcaption><h1>Amerikanische Botschaft<\/h1><h2><\/h2><p><\/p><\/figcaption><\/figure><\/a><a class=\"col w2\" href=\"http:\/\/hintz.bplaced.net\/de\/fotos\/staedte\/berlin\/nacht\/attachment\/hamburger-bahnhof\/\" data-src=\"http:\/\/hintz.bplaced.net\/images\/2011\/07\/Hamburger-Bahnhof-2.jpg\" rel=\"lyteshow-\"><figure><img src=\"http:\/\/hintz.bplaced.net\/images\/2011\/07\/Hamburger-Bahnhof-2-140x140.jpg\" width=\"140\" height=\"140\"><figcaption><h1>Hamburger Bahnhof<\/h1><h2><\/h2><p><\/p><\/figcaption><\/figure><\/a><a class=\"col w2\" href=\"http:\/\/hintz.bplaced.net\/de\/fotos\/staedte\/berlin\/nacht\/attachment\/hamburger-bahnhof-2\/\" data-src=\"http:\/\/hintz.bplaced.net\/images\/2011\/07\/Hamburger-Bahnhof.jpg\" rel=\"lyteshow-\"><figure><img src=\"http:\/\/hintz.bplaced.net\/images\/2011\/07\/Hamburger-Bahnhof-140x140.jpg\" width=\"140\" height=\"140\"><figcaption><h1>Hamburger Bahnhof<\/h1><h2><\/h2><p><\/p><\/figcaption><\/figure><\/a><a class=\"col w2\" href=\"http:\/\/hintz.bplaced.net\/de\/fotos\/staedte\/berlin\/nacht\/attachment\/alexa\/\" data-src=\"http:\/\/hintz.bplaced.net\/images\/2011\/07\/Alexa.jpg\" rel=\"lyteshow-\"><figure><img src=\"http:\/\/hintz.bplaced.net\/images\/2011\/07\/Alexa-140x140.jpg\" width=\"140\" height=\"140\"><figcaption><h1>Alexa<\/h1><h2><\/h2><p><\/p><\/figcaption><\/figure><\/a><a class=\"col w2\" href=\"http:\/\/hintz.bplaced.net\/de\/fotos\/staedte\/berlin\/nacht\/attachment\/c-base\/\" data-src=\"http:\/\/hintz.bplaced.net\/images\/2011\/07\/C-Base.jpg\" rel=\"lyteshow-\"><figure><img src=\"http:\/\/hintz.bplaced.net\/images\/2011\/07\/C-Base-140x140.jpg\" width=\"140\" height=\"140\"><figcaption><h1>C-Base<\/h1><h2><\/h2><p><\/p><\/figcaption><\/figure><\/a><a class=\"col w2\" href=\"http:\/\/hintz.bplaced.net\/de\/fotos\/staedte\/berlin\/nacht\/attachment\/schiff-2\/\" data-src=\"http:\/\/hintz.bplaced.net\/images\/2011\/07\/Schiff.jpg\" rel=\"lyteshow-\"><figure><img src=\"http:\/\/hintz.bplaced.net\/images\/2011\/07\/Schiff-140x140.jpg\" width=\"140\" height=\"140\"><figcaption><h1>Schiff<\/h1><h2><\/h2><p><\/p><\/figcaption><\/figure><\/a><a class=\"col w2\" href=\"http:\/\/hintz.bplaced.net\/de\/fotos\/staedte\/berlin\/nacht\/attachment\/gedaechtniskirche\/\" data-src=\"http:\/\/hintz.bplaced.net\/images\/2011\/07\/Gedaechtniskirche.jpg\" rel=\"lyteshow-\"><figure><img src=\"http:\/\/hintz.bplaced.net\/images\/2011\/07\/Gedaechtniskirche-140x140.jpg\" width=\"140\" height=\"140\"><figcaption><h1>Weihnachten in Berlin<\/h1><h2>Das Bild zeigt die Kaiser-Wilhelm-Ged\u00e4chtniskirche in Berlin.<\/h2><p>Links davon ist das als stilisierter Weihnachtsbaum verzierte Europacenter.<\/p><\/figcaption><\/figure><\/a><a class=\"col w2\" href=\"http:\/\/hintz.bplaced.net\/de\/fotos\/staedte\/berlin\/nacht\/attachment\/feuerwerk_koepenick\/\" data-src=\"http:\/\/hintz.bplaced.net\/images\/2011\/07\/feuerwerk_koepenick.jpg\" rel=\"lyteshow-\"><figure><img src=\"http:\/\/hintz.bplaced.net\/images\/2011\/07\/feuerwerk_koepenick-140x140.jpg\" width=\"140\" height=\"140\"><figcaption><h1>Feuerwerk in K\u00f6penick<\/h1><h2>Das Bild zeigt das Feuerwerk bei dem Fest \"K\u00f6penicker Sommer\" im Jahre 2004.<\/h2><p><\/p><\/figcaption><\/figure><\/a><a class=\"col w2\" href=\"http:\/\/hintz.bplaced.net\/de\/fotos\/staedte\/berlin\/nacht\/attachment\/spree\/\" data-src=\"http:\/\/hintz.bplaced.net\/images\/2011\/07\/spree.jpg\" rel=\"lyteshow-\"><figure><img src=\"http:\/\/hintz.bplaced.net\/images\/2011\/07\/spree-140x140.jpg\" width=\"140\" height=\"140\"><figcaption><h1>Spree<\/h1><h2>Molecule Man von Jonathan Borofsky<\/h2><p>Links im Bild sind drei aus verschiedenen Richtungen aufeinander zugehende Figuren zu sehen, die zusammen eine Einheit bilden. Dies ist die 30 Meter hohe und und 45 Tonnen schwere Gro\u00dfskulpur namens Molecule Man des amerikanischen K\u00fcnstlers Jonathan Borofsky, die seit Mai 1999 in der Spree zu sehen ist. Die Skulptur besteht aus Aluminium mit lauter verschieden gro\u00dfe runden L\u00f6chern. Die L\u00f6cher reduzieren das Gewicht und den Windwiderstand. Der K\u00fcnstler erinnert daran, \"dass sowohl der Mensch als auch die Molek\u00fcle in einer Welt der Wahrscheinlichkeit existieren und dass Ziel aller kreativen und geistigen Traditionen ist, Ganzheit und Einheit innerhalb der Welt zu finden.\".<\/p><\/figcaption><\/figure><\/a><a class=\"col w2\" href=\"http:\/\/hintz.bplaced.net\/de\/fotos\/staedte\/berlin\/nacht\/attachment\/riesenrad-2\/\" data-src=\"http:\/\/hintz.bplaced.net\/images\/2011\/07\/riesenrad1.jpg\" rel=\"lyteshow-\"><figure><img src=\"http:\/\/hintz.bplaced.net\/images\/2011\/07\/riesenrad1-140x140.jpg\" width=\"140\" height=\"140\"><figcaption><h1>Riesenrad<\/h1><h2><\/h2><p><\/p><\/figcaption><\/figure><\/a><a class=\"col w2\" href=\"http:\/\/hintz.bplaced.net\/de\/fotos\/staedte\/berlin\/nacht\/attachment\/abendstimmung\/\" data-src=\"http:\/\/hintz.bplaced.net\/images\/2011\/07\/abendstimmung.jpg\" rel=\"lyteshow-\"><figure><img src=\"http:\/\/hintz.bplaced.net\/images\/2011\/07\/abendstimmung-140x140.jpg\" width=\"140\" height=\"140\"><figcaption><h1>Abendstimmung<\/h1><h2><\/h2><p><\/p><\/figcaption><\/figure><\/a><a class=\"col w2\" href=\"http:\/\/hintz.bplaced.net\/de\/fotos\/staedte\/berlin\/nacht\/attachment\/charlottenburg-2\/\" data-src=\"http:\/\/hintz.bplaced.net\/images\/2011\/07\/charlottenburg5.jpg\" rel=\"lyteshow-\"><figure><img src=\"http:\/\/hintz.bplaced.net\/images\/2011\/07\/charlottenburg5-140x140.jpg\" width=\"140\" height=\"140\"><figcaption><h1>Schloss Charlottenburg<\/h1><h2><\/h2><p><\/p><\/figcaption><\/figure><\/a><a class=\"col w2\" href=\"http:\/\/hintz.bplaced.net\/de\/fotos\/staedte\/berlin\/nacht\/attachment\/potsdamerplatz\/\" data-src=\"http:\/\/hintz.bplaced.net\/images\/2011\/07\/potsdamerplatz.jpg\" rel=\"lyteshow-\"><figure><img src=\"http:\/\/hintz.bplaced.net\/images\/2011\/07\/potsdamerplatz-140x140.jpg\" width=\"140\" height=\"140\"><figcaption><h1>Potsdamer Platz<\/h1><h2>Das Dach des Sony Centers<\/h2><p><\/p><\/figcaption><\/figure><\/a><a class=\"col w2\" href=\"http:\/\/hintz.bplaced.net\/de\/fotos\/staedte\/berlin\/nacht\/attachment\/jostybar\/\" data-src=\"http:\/\/hintz.bplaced.net\/images\/2011\/07\/jostybar.jpg\" rel=\"lyteshow-\"><figure><img src=\"http:\/\/hintz.bplaced.net\/images\/2011\/07\/jostybar-140x140.jpg\" width=\"140\" height=\"140\"><figcaption><h1>Potsdamer Platz<\/h1><h2><\/h2><p><\/p><\/figcaption><\/figure><\/a><a class=\"col w2\" href=\"http:\/\/hintz.bplaced.net\/de\/fotos\/staedte\/berlin\/nacht\/attachment\/flaschen-2\/\" data-src=\"http:\/\/hintz.bplaced.net\/images\/2011\/07\/flaschen1.jpg\" rel=\"lyteshow-\"><figure><img src=\"http:\/\/hintz.bplaced.net\/images\/2011\/07\/flaschen1-140x140.jpg\" width=\"140\" height=\"140\"><figcaption><h1>Bar<\/h1><h2><\/h2><p><\/p><\/figcaption><\/figure><\/a><a class=\"col w2\" href=\"http:\/\/hintz.bplaced.net\/de\/fotos\/staedte\/berlin\/nacht\/attachment\/quadriga\/\" data-src=\"http:\/\/hintz.bplaced.net\/images\/2011\/07\/quadriga.jpg\" rel=\"lyteshow-\"><figure><img src=\"http:\/\/hintz.bplaced.net\/images\/2011\/07\/quadriga-140x140.jpg\" width=\"140\" height=\"140\"><figcaption><h1>Quadriga<\/h1><h2>Die Quadriga auf dem Brandenburger Tor<\/h2><p><\/p><\/figcaption><\/figure><\/a><a class=\"col w2\" href=\"http:\/\/hintz.bplaced.net\/de\/fotos\/staedte\/berlin\/nacht\/attachment\/tauenzin\/\" data-src=\"http:\/\/hintz.bplaced.net\/images\/2011\/07\/tauenzin.jpg\" rel=\"lyteshow-\"><figure><img src=\"http:\/\/hintz.bplaced.net\/images\/2011\/07\/tauenzin-140x140.jpg\" width=\"140\" height=\"140\"><figcaption><h1>Tauentzienstra\u00dfe<\/h1><h2>Blick von der weihnachtlich beleuchteten Tauentzienstra\u00dfe auf die Kaiser-Wilhelm-Ged\u00e4chtniskirche<\/h2><p><\/p><\/figcaption><\/figure><\/a><a class=\"col w2\" href=\"http:\/\/hintz.bplaced.net\/de\/fotos\/staedte\/berlin\/nacht\/attachment\/rosen-2\/\" data-src=\"http:\/\/hintz.bplaced.net\/images\/2011\/07\/rosen.jpg\" rel=\"lyteshow-\"><figure><img src=\"http:\/\/hintz.bplaced.net\/images\/2011\/07\/rosen-140x140.jpg\" width=\"140\" height=\"140\"><figcaption><h1>Rosen<\/h1><h2><\/h2><p><\/p><\/figcaption><\/figure><\/a><a class=\"col w2\" href=\"http:\/\/hintz.bplaced.net\/de\/fotos\/staedte\/berlin\/nacht\/attachment\/fussball\/\" data-src=\"http:\/\/hintz.bplaced.net\/images\/2011\/07\/fussball.jpg\" rel=\"lyteshow-\"><figure><img src=\"http:\/\/hintz.bplaced.net\/images\/2011\/07\/fussball-140x140.jpg\" width=\"140\" height=\"140\"><figcaption><h1>Fu\u00dfball<\/h1><h2>Ein begehbarer Fu\u00dfball vor dem Brandenburger Tor<\/h2><p><\/p><\/figcaption><\/figure><\/a><a class=\"col w2\" href=\"http:\/\/hintz.bplaced.net\/de\/fotos\/staedte\/berlin\/nacht\/attachment\/brandenburgertor1\/\" data-src=\"http:\/\/hintz.bplaced.net\/images\/2011\/07\/brandenburgertor1.jpg\" rel=\"lyteshow-\"><figure><img src=\"http:\/\/hintz.bplaced.net\/images\/2011\/07\/brandenburgertor1-140x140.jpg\" width=\"140\" height=\"140\"><figcaption><h1>Brandenburger Tor<\/h1><h2><\/h2><p><\/p><\/figcaption><\/figure><\/a><a class=\"col w2\" href=\"http:\/\/hintz.bplaced.net\/de\/fotos\/staedte\/berlin\/nacht\/attachment\/brandenburgertor-2\/\" data-src=\"http:\/\/hintz.bplaced.net\/images\/2011\/07\/brandenburgertor2.jpg\" rel=\"lyteshow-\"><figure><img src=\"http:\/\/hintz.bplaced.net\/images\/2011\/07\/brandenburgertor2-140x140.jpg\" width=\"140\" height=\"140\"><figcaption><h1>Brandenburger Tor<\/h1><h2>Der Berliner Fernsehturm und das Brandenburger Tor bei Nacht<\/h2><p><\/p><\/figcaption><\/figure><\/a><a class=\"col w2\" href=\"http:\/\/hintz.bplaced.net\/de\/fotos\/staedte\/berlin\/nacht\/attachment\/bcc\/\" data-src=\"http:\/\/hintz.bplaced.net\/images\/2011\/07\/bcc.jpg\" rel=\"lyteshow-\"><figure><img src=\"http:\/\/hintz.bplaced.net\/images\/2011\/07\/bcc-140x140.jpg\" width=\"140\" height=\"140\"><figcaption><h1>Berliner Congress Center<\/h1><h2>BCC<\/h2><p><\/p><\/figcaption><\/figure><\/a><a class=\"col w2\" href=\"http:\/\/hintz.bplaced.net\/de\/fotos\/staedte\/berlin\/nacht\/attachment\/kollonaden\/\" data-src=\"http:\/\/hintz.bplaced.net\/images\/2011\/07\/kollonaden.jpg\" rel=\"lyteshow-\"><figure><img src=\"http:\/\/hintz.bplaced.net\/images\/2011\/07\/kollonaden-140x140.jpg\" width=\"140\" height=\"140\"><figcaption><h1>Kolonaden<\/h1><h2>Kolonaden an der Alten Nationalgalerie<\/h2><p><\/p><\/figcaption><\/figure><\/a><a class=\"col w2\" href=\"http:\/\/hintz.bplaced.net\/de\/fotos\/staedte\/berlin\/nacht\/attachment\/kommandatur\/\" data-src=\"http:\/\/hintz.bplaced.net\/images\/2011\/07\/kommandatur.jpg\" rel=\"lyteshow-\"><figure><img src=\"http:\/\/hintz.bplaced.net\/images\/2011\/07\/kommandatur-140x140.jpg\" width=\"140\" height=\"140\" alt=\"Die Kommandantur - Unter den Linden 1\"><figcaption><h1>Kommandantur<\/h1><h2>Rekonstruktion der ehemaligen Berliner Stadtkommandantur<\/h2><p>Im zweiten Weltkrieg wurde auch das ehemalige Kommandantenhaus besch\u00e4digt. Nach dem Krieg wurde im Jahre 1949 mit dem Abriss des Geb\u00e4udes begonnen. Dadurch wurde Platz f\u00fcr das DDR-Au\u00dfenministerium geschaffen.\r\n\r\nIm Jahre 2001 wurde dann mit dem Neubau der Kommandantur begonnen und im November 2003 fertig gestellt.\r\n\r\nDie Rekonstruktion der Kommandantur erfolgte nicht nach historischen Pl\u00e4nen, sondern auf Grundlage von historischen Fotografien und aktuellen arch\u00e4ologischen Grabungen.<\/p><\/figcaption><\/figure><\/a><a class=\"col w2\" href=\"http:\/\/hintz.bplaced.net\/de\/fotos\/staedte\/berlin\/nacht\/attachment\/mondnacht\/\" data-src=\"http:\/\/hintz.bplaced.net\/images\/2011\/07\/mondnacht.jpg\" rel=\"lyteshow-\"><figure><img src=\"http:\/\/hintz.bplaced.net\/images\/2011\/07\/mondnacht-140x140.jpg\" width=\"140\" height=\"140\"><figcaption><h1>Mondlicht<\/h1><h2><\/h2><p><\/p><\/figcaption><\/figure><\/a><a class=\"col w2\" href=\"http:\/\/hintz.bplaced.net\/de\/fotos\/staedte\/berlin\/nacht\/attachment\/museum2\/\" data-src=\"http:\/\/hintz.bplaced.net\/images\/2011\/07\/museum2.jpg\" rel=\"lyteshow-\"><figure><img src=\"http:\/\/hintz.bplaced.net\/images\/2011\/07\/museum2-140x140.jpg\" width=\"140\" height=\"140\"><figcaption><h1>Alte Nationalgalerie<\/h1><h2><\/h2><p><\/p><\/figcaption><\/figure><\/a><a class=\"col w2\" href=\"http:\/\/hintz.bplaced.net\/de\/fotos\/staedte\/berlin\/nacht\/attachment\/museum\/\" data-src=\"http:\/\/hintz.bplaced.net\/images\/2011\/07\/museum.jpg\" rel=\"lyteshow-\"><figure><img src=\"http:\/\/hintz.bplaced.net\/images\/2011\/07\/museum-140x140.jpg\" width=\"140\" height=\"140\"><figcaption><h1>Alte Nationalgalerie<\/h1><h2><\/h2><p><\/p><\/figcaption><\/figure><\/a><a class=\"col w2\" href=\"http:\/\/hintz.bplaced.net\/de\/fotos\/staedte\/berlin\/nacht\/attachment\/oberbaumbruecke\/\" data-src=\"http:\/\/hintz.bplaced.net\/images\/2011\/07\/oberbaumbruecke.jpg\" rel=\"lyteshow-\"><figure><img src=\"http:\/\/hintz.bplaced.net\/images\/2011\/07\/oberbaumbruecke-140x140.jpg\" width=\"140\" height=\"140\"><figcaption><h1>Oberbaumbr\u00fccke<\/h1><h2><\/h2><p>Dies ist keine Burg. Es ist einfach nur eine Br\u00fccke \u00fcber die Spree in Berlin. Die Br\u00fccke verbindet die Bezirke Kreuzberg und Friedrichshain. \u00dcber die Br\u00fccke f\u00fchrt eine Stra\u00dfe und die U-Bahnlinie U2.<\/p><\/figcaption><\/figure><\/a><a class=\"col w2\" href=\"http:\/\/hintz.bplaced.net\/de\/fotos\/staedte\/berlin\/nacht\/attachment\/universal\/\" data-src=\"http:\/\/hintz.bplaced.net\/images\/2011\/07\/universal.jpg\" rel=\"lyteshow-\"><figure><img src=\"http:\/\/hintz.bplaced.net\/images\/2011\/07\/universal-140x140.jpg\" width=\"140\" height=\"140\"><figcaption><h1>Universal<\/h1><h2><\/h2><p><\/p><\/figcaption><\/figure><\/a><a class=\"col w2\" href=\"http:\/\/hintz.bplaced.net\/de\/fotos\/staedte\/berlin\/nacht\/attachment\/spree1\/\" data-src=\"http:\/\/hintz.bplaced.net\/images\/2011\/07\/spree1.jpg\" rel=\"lyteshow-\"><figure><img src=\"http:\/\/hintz.bplaced.net\/images\/2011\/07\/spree1-140x140.jpg\" width=\"140\" height=\"140\"><figcaption><h1>Spree<\/h1><h2><\/h2><p><\/p><\/figcaption><\/figure><\/a><a class=\"col w2\" href=\"http:\/\/hintz.bplaced.net\/de\/fotos\/staedte\/berlin\/nacht\/attachment\/wendeltreppe1\/\" data-src=\"http:\/\/hintz.bplaced.net\/images\/2011\/07\/wendeltreppe1.jpg\" rel=\"lyteshow-\"><figure><img src=\"http:\/\/hintz.bplaced.net\/images\/2011\/07\/wendeltreppe1-140x140.jpg\" width=\"140\" height=\"140\"><figcaption><h1>Wendeltreppe<\/h1><h2>BCC<\/h2><p><\/p><\/figcaption><\/figure><\/a><a class=\"col w2\" href=\"http:\/\/hintz.bplaced.net\/de\/fotos\/staedte\/berlin\/nacht\/attachment\/charlottenburg4\/\" data-src=\"http:\/\/hintz.bplaced.net\/images\/2011\/07\/charlottenburg4.jpg\" rel=\"lyteshow-\"><figure><img src=\"http:\/\/hintz.bplaced.net\/images\/2011\/07\/charlottenburg4-140x140.jpg\" width=\"140\" height=\"140\"><figcaption><h1>Schloss Charlottenburg<\/h1><h2>300 Jahre Schloss Charlottenburg<\/h2><p><\/p><\/figcaption><\/figure><\/a><a class=\"col w2\" href=\"http:\/\/hintz.bplaced.net\/de\/fotos\/staedte\/berlin\/nacht\/attachment\/charlottenburg3\/\" data-src=\"http:\/\/hintz.bplaced.net\/images\/2011\/07\/charlottenburg3.jpg\" rel=\"lyteshow-\"><figure><img src=\"http:\/\/hintz.bplaced.net\/images\/2011\/07\/charlottenburg3-140x140.jpg\" width=\"140\" height=\"140\"><figcaption><h1>Schloss Charlottenburg<\/h1><h2>300 Jahre Schloss Charlottenburg<\/h2><p><\/p><\/figcaption><\/figure><\/a><a class=\"col w2\" href=\"http:\/\/hintz.bplaced.net\/de\/fotos\/staedte\/berlin\/nacht\/attachment\/charlottenburg2\/\" data-src=\"http:\/\/hintz.bplaced.net\/images\/2011\/07\/charlottenburg2.jpg\" rel=\"lyteshow-\"><figure><img src=\"http:\/\/hintz.bplaced.net\/images\/2011\/07\/charlottenburg2-140x140.jpg\" width=\"140\" height=\"140\"><figcaption><h1>Schloss Charlottenburg<\/h1><h2>300 Jahre Schloss Charlottenburg<\/h2><p><\/p><\/figcaption><\/figure><\/a><a class=\"col w2\" href=\"http:\/\/hintz.bplaced.net\/de\/fotos\/staedte\/berlin\/nacht\/attachment\/charlottenburg1\/\" data-src=\"http:\/\/hintz.bplaced.net\/images\/2011\/07\/charlottenburg1.jpg\" rel=\"lyteshow-\"><figure><img src=\"http:\/\/hintz.bplaced.net\/images\/2011\/07\/charlottenburg1-140x140.jpg\" width=\"140\" height=\"140\"><figcaption><h1>Schloss Charlottenburg<\/h1><h2>300 Jahre Schloss Charlottenburg<\/h2><p><\/p><\/figcaption><\/figure><\/a><a class=\"col w2\" href=\"http:\/\/hintz.bplaced.net\/de\/fotos\/staedte\/berlin\/nacht\/attachment\/charlottenburg\/\" data-src=\"http:\/\/hintz.bplaced.net\/images\/2011\/07\/charlottenburg.jpg\" rel=\"lyteshow-\"><figure><img src=\"http:\/\/hintz.bplaced.net\/images\/2011\/07\/charlottenburg-140x140.jpg\" width=\"140\" height=\"140\"><figcaption><h1>Schloss Charlottenburg<\/h1><h2>300 Jahre Schloss Charlottenburg<\/h2><p><\/p><\/figcaption><\/figure><\/a><a class=\"col w2\" href=\"http:\/\/hintz.bplaced.net\/de\/fotos\/staedte\/berlin\/nacht\/attachment\/rotes_rathaus\/\" data-src=\"http:\/\/hintz.bplaced.net\/images\/2011\/07\/rotes_rathaus.jpg\" rel=\"lyteshow-\"><figure><img src=\"http:\/\/hintz.bplaced.net\/images\/2011\/07\/rotes_rathaus-140x140.jpg\" width=\"140\" height=\"140\"><figcaption><h1>Rotes Rathaus<\/h1><h2><\/h2><p><\/p><\/figcaption><\/figure><\/a><a class=\"col w2\" href=\"http:\/\/hintz.bplaced.net\/de\/fotos\/staedte\/berlin\/nacht\/attachment\/hof-2\/\" data-src=\"http:\/\/hintz.bplaced.net\/images\/2011\/07\/hof1.jpg\" rel=\"lyteshow-\"><figure><img src=\"http:\/\/hintz.bplaced.net\/images\/2011\/07\/hof1-140x140.jpg\" width=\"140\" height=\"140\"><figcaption><h1>Hinterhof<\/h1><h2><\/h2><p><\/p><\/figcaption><\/figure><\/a><a class=\"col w2\" href=\"http:\/\/hintz.bplaced.net\/de\/fotos\/staedte\/berlin\/nacht\/attachment\/festival_of_lights\/\" data-src=\"http:\/\/hintz.bplaced.net\/images\/2011\/07\/festival_of_lights.jpg\" rel=\"lyteshow-\"><figure><img src=\"http:\/\/hintz.bplaced.net\/images\/2011\/07\/festival_of_lights-140x140.jpg\" width=\"140\" height=\"140\"><figcaption><h1>Festival of Lights &#8211; Fernsehturm<\/h1><h2><\/h2><p><\/p><\/figcaption><\/figure><\/a><a class=\"col w2\" href=\"http:\/\/hintz.bplaced.net\/de\/fotos\/staedte\/berlin\/nacht\/attachment\/riesenrad2\/\" data-src=\"http:\/\/hintz.bplaced.net\/images\/2011\/07\/riesenrad2.jpg\" rel=\"lyteshow-\"><figure><img src=\"http:\/\/hintz.bplaced.net\/images\/2011\/07\/riesenrad2-140x140.jpg\" width=\"140\" height=\"140\"><figcaption><h1>Riesenrad<\/h1><h2><\/h2><p><\/p><\/figcaption><\/figure><\/a><\/div><\/p>","protected":false},"excerpt":{"rendered":"<p>Berlin bei Nacht<\/p>\n","protected":false},"author":1,"featured_media":1677,"parent":24,"menu_order":1,"comment_status":"open","ping_status":"closed","template":"","meta":[],"_links":{"self":[{"href":"http:\/\/hintz.bplaced.net\/de\/wp-json\/wp\/v2\/pages\/41"}],"collection":[{"href":"http:\/\/hintz.bplaced.net\/de\/wp-json\/wp\/v2\/pages"}],"about":[{"href":"http:\/\/hintz.bplaced.net\/de\/wp-json\/wp\/v2\/types\/page"}],"author":[{"embeddable":true,"href":"http:\/\/hintz.bplaced.net\/de\/wp-json\/wp\/v2\/users\/1"}],"replies":[{"embeddable":true,"href":"http:\/\/hintz.bplaced.net\/de\/wp-json\/wp\/v2\/comments?post=41"}],"version-history":[{"count":9,"href":"http:\/\/hintz.bplaced.net\/de\/wp-json\/wp\/v2\/pages\/41\/revisions"}],"predecessor-version":[{"id":2366,"href":"http:\/\/hintz.bplaced.net\/de\/wp-json\/wp\/v2\/pages\/41\/revisions\/2366"}],"up":[{"embeddable":true,"href":"http:\/\/hintz.bplaced.net\/de\/wp-json\/wp\/v2\/pages\/24"}],"wp:featuredmedia":[{"embeddable":true,"href":"http:\/\/hintz.bplaced.net\/de\/wp-json\/wp\/v2\/media\/1677"}],"wp:attachment":[{"href":"http:\/\/hintz.bplaced.net\/de\/wp-json\/wp\/v2\/media?parent=41"}],"curies":[{"name":"wp","href":"https:\/\/api.w.org\/{rel}","templated":true}]}}