{"id":46,"date":"2011-07-11T21:33:26","date_gmt":"2011-07-11T19:33:26","guid":{"rendered":"http:\/\/hintz.bplaced.net\/?page_id=46"},"modified":"2011-10-06T23:11:14","modified_gmt":"2011-10-06T21:11:14","slug":"stadion","status":"publish","type":"page","link":"http:\/\/hintz.bplaced.net\/de\/fotos\/staedte\/berlin\/stadion\/","title":{"rendered":"Stadion"},"content":{"rendered":"<p><\/p>\n<h1>Die Umgebung des Olympiastadions<\/h1>\n<div class=\"col w8\"><a class=\"col w2\" href=\"http:\/\/hintz.bplaced.net\/de\/fotos\/staedte\/berlin\/stadion\/attachment\/maifeld\/\" data-src=\"http:\/\/hintz.bplaced.net\/images\/2011\/07\/Maifeld.jpg\" rel=\"lyteshow-\"><figure><img src=\"http:\/\/hintz.bplaced.net\/images\/2011\/07\/Maifeld-140x140.jpg\" width=\"140\" height=\"140\"><figcaption><h1>Maifeld<\/h1><h2>Panoramablick auf das Maifeld am Olympiastadion<\/h2><p>Das Maifeld ist eine gro\u00dfe Rasenfl\u00e4che. Das Maifeld liegt in unmittelbarer N\u00e4he des Olympiastadions und wird ebenfalls f\u00fcr Sport genutzt.\r\n\r\nDas Zentrum des Bildes zeigt das Olympiastadion. Rechts davon ist das Corbusierhaus, das nach seinem Erbauer dem Architekten Le Corbusier benannt wurde.<\/p><\/figcaption><\/figure><\/a><a class=\"col w2\" href=\"http:\/\/hintz.bplaced.net\/de\/fotos\/staedte\/berlin\/stadion\/attachment\/olympiastadion\/\" data-src=\"http:\/\/hintz.bplaced.net\/images\/2011\/07\/Olympiastadion.jpg\" rel=\"lyteshow-\"><figure><img src=\"http:\/\/hintz.bplaced.net\/images\/2011\/07\/Olympiastadion-140x140.jpg\" width=\"140\" height=\"140\"><figcaption><h1>Olympiastadion<\/h1><h2>Das Spielfeld des Olympiastadions in Berlin<\/h2><p>Blick in das Olympiastadion und auf das gegen\u00fcberliegende Marathontor und den hinter dem Maifeld stehenden Glockenturm.<\/p><\/figcaption><\/figure><\/a><a class=\"col w2\" href=\"http:\/\/hintz.bplaced.net\/de\/fotos\/staedte\/berlin\/stadion\/attachment\/olympiastadion_anzeigetafel\/\" data-src=\"http:\/\/hintz.bplaced.net\/images\/2011\/07\/Olympiastadion_Anzeigetafel.jpg\" rel=\"lyteshow-\"><figure><img src=\"http:\/\/hintz.bplaced.net\/images\/2011\/07\/Olympiastadion_Anzeigetafel-140x140.jpg\" width=\"140\" height=\"140\"><figcaption><h1>Anzeigetafel<\/h1><h2>Die Anzeigetafel des Olympiastadions in Berlin<\/h2><p><\/p><\/figcaption><\/figure><\/a><a class=\"col w2\" href=\"http:\/\/hintz.bplaced.net\/de\/fotos\/staedte\/berlin\/stadion\/attachment\/waldbuehne\/\" data-src=\"http:\/\/hintz.bplaced.net\/images\/2011\/07\/Waldbuehne.jpg\" rel=\"lyteshow-\"><figure><img src=\"http:\/\/hintz.bplaced.net\/images\/2011\/07\/Waldbuehne-140x140.jpg\" width=\"140\" height=\"140\" alt=\"Die Waldb\u00fchne in Berlin The Waldb\u00fchne in Berlin\"><figcaption><h1>Waldb\u00fchne<\/h1><h2>Die Waldb\u00fchne, viel Wald und im Hintergrund Berlin Spandau.<\/h2><p>Die Waldb\u00fchne liegt in einen Tal in der N\u00e4he des Olympiastadions versteckt hinter Maifeld und Glockenturm. In der Waldb\u00fchne werden unter anderem Open-Air Pop- und Klassikkonzerte veranstaltet.<\/p><\/figcaption><\/figure><\/a><a class=\"col w2\" href=\"http:\/\/hintz.bplaced.net\/de\/fotos\/staedte\/berlin\/stadion\/attachment\/olympia_stadion\/\" data-src=\"http:\/\/hintz.bplaced.net\/images\/2011\/07\/olympia_stadion.jpg\" rel=\"lyteshow-\"><figure><img src=\"http:\/\/hintz.bplaced.net\/images\/2011\/07\/olympia_stadion-140x140.jpg\" width=\"140\" height=\"140\"><figcaption><h1>Olympiastadion<\/h1><h2>Das frisch renovierte Olympiastadion in Berlin<\/h2><p><\/p><\/figcaption><\/figure><\/a><a class=\"col w2\" href=\"http:\/\/hintz.bplaced.net\/de\/fotos\/staedte\/berlin\/stadion\/attachment\/olympia_bad\/\" data-src=\"http:\/\/hintz.bplaced.net\/images\/2011\/07\/olympia_bad.jpg\" rel=\"lyteshow-\"><figure><img src=\"http:\/\/hintz.bplaced.net\/images\/2011\/07\/olympia_bad-140x140.jpg\" width=\"140\" height=\"140\"><figcaption><h1>Olympiabad<\/h1><h2>Schwimmstadion hinter dem Olympiastadion<\/h2><p>Oktober, 23 Uhr<\/p><\/figcaption><\/figure><\/a><a class=\"col w2\" href=\"http:\/\/hintz.bplaced.net\/de\/fotos\/staedte\/berlin\/stadion\/attachment\/maifeld-2\/\" data-src=\"http:\/\/hintz.bplaced.net\/images\/2011\/07\/maifeld1.jpg\" rel=\"lyteshow-\"><figure><img src=\"http:\/\/hintz.bplaced.net\/images\/2011\/07\/maifeld1-140x140.jpg\" width=\"140\" height=\"140\"><figcaption><h1>Maifeld<\/h1><h2>Maifeld mit Glockenturm<\/h2><p><\/p><\/figcaption><\/figure><\/a><a class=\"col w2\" href=\"http:\/\/hintz.bplaced.net\/de\/fotos\/staedte\/berlin\/stadion\/attachment\/ring_of_fire\/\" data-src=\"http:\/\/hintz.bplaced.net\/images\/2011\/07\/ring_of_fire.jpg\" rel=\"lyteshow-\"><figure><img src=\"http:\/\/hintz.bplaced.net\/images\/2011\/07\/ring_of_fire-140x140.jpg\" width=\"140\" height=\"140\"><figcaption><h1>Ring of Fire<\/h1><h2><\/h2><p><\/p><\/figcaption><\/figure><\/a><a class=\"col w2\" href=\"http:\/\/hintz.bplaced.net\/de\/fotos\/staedte\/berlin\/stadion\/attachment\/ringoffire\/\" data-src=\"http:\/\/hintz.bplaced.net\/images\/2011\/07\/ringoffire.jpg\" rel=\"lyteshow-\"><figure><img src=\"http:\/\/hintz.bplaced.net\/images\/2011\/07\/ringoffire-140x140.jpg\" width=\"140\" height=\"140\"><figcaption><h1>Ring of Fire<\/h1><h2><\/h2><p><\/p><\/figcaption><\/figure><\/a><a class=\"col w2\" href=\"http:\/\/hintz.bplaced.net\/de\/fotos\/staedte\/berlin\/stadion\/attachment\/vip_eingang\/\" data-src=\"http:\/\/hintz.bplaced.net\/images\/2011\/07\/vip_eingang.jpg\" rel=\"lyteshow-\"><figure><img src=\"http:\/\/hintz.bplaced.net\/images\/2011\/07\/vip_eingang-140x140.jpg\" width=\"140\" height=\"140\"><figcaption><h1>S\u00e4ulengang<\/h1><h2><\/h2><p><\/p><\/figcaption><\/figure><\/a><a class=\"col w2\" href=\"http:\/\/hintz.bplaced.net\/de\/fotos\/staedte\/berlin\/stadion\/attachment\/dach\/\" data-src=\"http:\/\/hintz.bplaced.net\/images\/2011\/07\/dach.jpg\" rel=\"lyteshow-\"><figure><img src=\"http:\/\/hintz.bplaced.net\/images\/2011\/07\/dach-140x140.jpg\" width=\"140\" height=\"140\"><figcaption><h1>Dach<\/h1><h2><\/h2><p><\/p><\/figcaption><\/figure><\/a><a class=\"col w2\" href=\"http:\/\/hintz.bplaced.net\/de\/fotos\/staedte\/berlin\/stadion\/attachment\/traeger\/\" data-src=\"http:\/\/hintz.bplaced.net\/images\/2011\/07\/traeger.jpg\" rel=\"lyteshow-\"><figure><img src=\"http:\/\/hintz.bplaced.net\/images\/2011\/07\/traeger-140x140.jpg\" width=\"140\" height=\"140\"><figcaption><h1>Tr\u00e4ger<\/h1><h2><\/h2><p><\/p><\/figcaption><\/figure><\/a><\/div>\n<p>Ansichten des Olympiastadions in Berlin.<br \/>\n<\/p>","protected":false},"excerpt":{"rendered":"<p>Die Umgebung des Olympiastadions Ansichten des Olympiastadions in Berlin.<\/p>\n","protected":false},"author":1,"featured_media":1643,"parent":24,"menu_order":2,"comment_status":"open","ping_status":"open","template":"","meta":[],"_links":{"self":[{"href":"http:\/\/hintz.bplaced.net\/de\/wp-json\/wp\/v2\/pages\/46"}],"collection":[{"href":"http:\/\/hintz.bplaced.net\/de\/wp-json\/wp\/v2\/pages"}],"about":[{"href":"http:\/\/hintz.bplaced.net\/de\/wp-json\/wp\/v2\/types\/page"}],"author":[{"embeddable":true,"href":"http:\/\/hintz.bplaced.net\/de\/wp-json\/wp\/v2\/users\/1"}],"replies":[{"embeddable":true,"href":"http:\/\/hintz.bplaced.net\/de\/wp-json\/wp\/v2\/comments?post=46"}],"version-history":[{"count":11,"href":"http:\/\/hintz.bplaced.net\/de\/wp-json\/wp\/v2\/pages\/46\/revisions"}],"predecessor-version":[{"id":2802,"href":"http:\/\/hintz.bplaced.net\/de\/wp-json\/wp\/v2\/pages\/46\/revisions\/2802"}],"up":[{"embeddable":true,"href":"http:\/\/hintz.bplaced.net\/de\/wp-json\/wp\/v2\/pages\/24"}],"wp:featuredmedia":[{"embeddable":true,"href":"http:\/\/hintz.bplaced.net\/de\/wp-json\/wp\/v2\/media\/1643"}],"wp:attachment":[{"href":"http:\/\/hintz.bplaced.net\/de\/wp-json\/wp\/v2\/media?parent=46"}],"curies":[{"name":"wp","href":"https:\/\/api.w.org\/{rel}","templated":true}]}}