{"id":48,"date":"2011-07-11T21:35:17","date_gmt":"2011-07-11T19:35:17","guid":{"rendered":"http:\/\/hintz.bplaced.net\/?page_id=48"},"modified":"2011-07-30T21:12:18","modified_gmt":"2011-07-30T19:12:18","slug":"reichstag","status":"publish","type":"page","link":"http:\/\/hintz.bplaced.net\/de\/fotos\/staedte\/berlin\/reichstag\/","title":{"rendered":"Reichstag"},"content":{"rendered":"<p><\/p>\n<h1>Fotos vom Berliner Reichstag<\/h1>\n<p><div class=\"col w8\"><a class=\"col w2\" href=\"http:\/\/hintz.bplaced.net\/de\/fotos\/staedte\/berlin\/reichstag\/attachment\/reichstag-2\/\" data-src=\"http:\/\/hintz.bplaced.net\/images\/2011\/07\/reichstag.jpg\" rel=\"lyteshow-\"><figure><img src=\"http:\/\/hintz.bplaced.net\/images\/2011\/07\/reichstag-140x140.jpg\" width=\"140\" height=\"140\"><figcaption><h1>Reichstag<\/h1><h2><\/h2><p><\/p><\/figcaption><\/figure><\/a><a class=\"col w2\" href=\"http:\/\/hintz.bplaced.net\/de\/fotos\/staedte\/berlin\/reichstag\/attachment\/reichstagweihnacht\/\" data-src=\"http:\/\/hintz.bplaced.net\/images\/2011\/07\/reichstagweihnacht.jpg\" rel=\"lyteshow-\"><figure><img src=\"http:\/\/hintz.bplaced.net\/images\/2011\/07\/reichstagweihnacht-140x140.jpg\" width=\"140\" height=\"140\"><figcaption><h1>Nacht<\/h1><h2>Das Reichstagsgeb\u00e4ude bei Nacht<\/h2><p>Rechts vom Reichstag ist ein Weihnachtsbaum aufgestellt.<\/p><\/figcaption><\/figure><\/a><a class=\"col w2\" href=\"http:\/\/hintz.bplaced.net\/de\/fotos\/staedte\/berlin\/reichstag\/attachment\/plenarsaal\/\" data-src=\"http:\/\/hintz.bplaced.net\/images\/2011\/07\/Plenarsaal.jpg\" rel=\"lyteshow-\"><figure><img src=\"http:\/\/hintz.bplaced.net\/images\/2011\/07\/Plenarsaal-140x140.jpg\" width=\"140\" height=\"140\" alt=\"Der Plenarsaal des Reichstags\"><figcaption><h1>Plenarsaal<\/h1><h2>Im gro\u00dfen Saal des Reichstags tagt der<br> Deutsche Bundestag<\/h2><p>Das Innere des historischen Reichstag wurde v\u00f6llig umgestaltet und durch Bauteile aus Beton und Glas ersetzt. Schmucklose S\u00e4ulen tragen eine ringf\u00f6rmige Betonkonstruktion. Zu sehen sind die Sitze der Abgeordneten, das Rednerpult, die Bundesflagge in den Farben Schwarz-Rot-Gold und der Bundesadler vor einer gro\u00dfen rechteckigen Glasfront.\r\n<br><br>\r\nDie Harmonie des Saales wird durch herabh\u00e4ngende Lautsprecher gest\u00f6rt.<\/p><\/figcaption><\/figure><\/a><a class=\"col w2\" href=\"http:\/\/hintz.bplaced.net\/de\/fotos\/staedte\/berlin\/reichstag\/attachment\/plenarsaal2\/\" data-src=\"http:\/\/hintz.bplaced.net\/images\/2011\/07\/Plenarsaal2.jpg\" rel=\"lyteshow-\"><figure><img src=\"http:\/\/hintz.bplaced.net\/images\/2011\/07\/Plenarsaal2-140x140.jpg\" width=\"140\" height=\"140\" alt=\"Der Plenarsaal des Reichstags in Berlin\"><figcaption><h1>Der Plenarsaal des Reichstags<\/h1><h2>Blick von oben in den Plenarsaal<\/h2><p>Vor dem Rednerpult befindet sich vier Pl\u00e4tze f\u00fcr Stenographen. Hinter dem Pult befindet sich etwas erh\u00f6ht ein abgegrenzter Bereich f\u00fcr den Sitzungsdienst und Vorstand. Links davon sind die Sitze der Bundesregierung und rechts die Sitze des Bundesrates.<\/p><\/figcaption><\/figure><\/a><a class=\"col w2\" href=\"http:\/\/hintz.bplaced.net\/de\/fotos\/staedte\/berlin\/reichstag\/attachment\/reichstagkuppel1\/\" data-src=\"http:\/\/hintz.bplaced.net\/images\/2011\/07\/ReichstagKuppel1.jpg\" rel=\"lyteshow-\"><figure><img src=\"http:\/\/hintz.bplaced.net\/images\/2011\/07\/ReichstagKuppel1-140x140.jpg\" width=\"140\" height=\"140\"><figcaption><h1>Kuppel<\/h1><h2>Das Innere der Glaskuppel des<br>Berliner Reichstages<\/h2><p>Ansichten aus verschiedenen Winkeln auf den Spiegeltrichter der Reichstagskuppel.<\/p><\/figcaption><\/figure><\/a><a class=\"col w2\" href=\"http:\/\/hintz.bplaced.net\/de\/fotos\/staedte\/berlin\/reichstag\/attachment\/reichstagkuppel2\/\" data-src=\"http:\/\/hintz.bplaced.net\/images\/2011\/07\/ReichstagKuppel2.jpg\" rel=\"lyteshow-\"><figure><img src=\"http:\/\/hintz.bplaced.net\/images\/2011\/07\/ReichstagKuppel2-140x140.jpg\" width=\"140\" height=\"140\"><figcaption><h1>Kuppel<\/h1><h2>Das Innere der Glaskuppel des<br>Berliner Reichstages<\/h2><p>Das Innere der Reichstagkuppel besteht aus zwei ineinander gewundenen spiralf\u00f6rmigen Aus- bzw. Abg\u00e4ngen, die oben auf einer Plattform enden in deren Zentrum eine runde Sitzbank steht.<\/p><\/figcaption><\/figure><\/a><a class=\"col w2\" href=\"http:\/\/hintz.bplaced.net\/de\/fotos\/staedte\/berlin\/reichstag\/attachment\/reichstagkuppel3\/\" data-src=\"http:\/\/hintz.bplaced.net\/images\/2011\/07\/ReichstagKuppel3.jpg\" rel=\"lyteshow-\"><figure><img src=\"http:\/\/hintz.bplaced.net\/images\/2011\/07\/ReichstagKuppel3-140x140.jpg\" width=\"140\" height=\"140\"><figcaption><h1>Kuppel<\/h1><h2>Das Innere der Glaskuppel des<br>Berliner Reichstages<\/h2><p>Von der oberen Plattform aus hat man einen freien Blick zum Himmel.<\/p><\/figcaption><\/figure><\/a><a class=\"col w2\" href=\"http:\/\/hintz.bplaced.net\/de\/fotos\/staedte\/berlin\/reichstag\/attachment\/reichstagkuppel4\/\" data-src=\"http:\/\/hintz.bplaced.net\/images\/2011\/07\/ReichstagKuppel4.jpg\" rel=\"lyteshow-\"><figure><img src=\"http:\/\/hintz.bplaced.net\/images\/2011\/07\/ReichstagKuppel4-140x140.jpg\" width=\"140\" height=\"140\"><figcaption><h1>Kuppel<\/h1><h2>Das Innere der Glaskuppel des<br>Berliner Reichstages<\/h2><p>Unterhalb der Plattform befindet sich ein trichterf\u00f6rmiger K\u00f6rper, der zum einen als Kamin zur Entl\u00fcftung des darunterliegenden Plenarsaales dient und zum anderen zu dessen Beleuchtung.<\/p><\/figcaption><\/figure><\/a><a class=\"col w2\" href=\"http:\/\/hintz.bplaced.net\/de\/fotos\/staedte\/berlin\/reichstag\/attachment\/reichstagkuppel5\/\" data-src=\"http:\/\/hintz.bplaced.net\/images\/2011\/07\/ReichstagKuppel5.jpg\" rel=\"lyteshow-\"><figure><img src=\"http:\/\/hintz.bplaced.net\/images\/2011\/07\/ReichstagKuppel5-140x140.jpg\" width=\"140\" height=\"140\"><figcaption><h1>Kuppel<\/h1><h2>Das Innere der Glaskuppel des<br>Berliner Reichstages<\/h2><p>Das in der Kuppel aufgefangene Sonnenlicht wird durch 360 ebene Spiegel nach unten in den Saal umgelenkt.<\/p><\/figcaption><\/figure><\/a><a class=\"col w2\" href=\"http:\/\/hintz.bplaced.net\/de\/fotos\/staedte\/berlin\/reichstag\/attachment\/reichstagkuppel6\/\" data-src=\"http:\/\/hintz.bplaced.net\/images\/2011\/07\/ReichstagKuppel6.jpg\" rel=\"lyteshow-\"><figure><img src=\"http:\/\/hintz.bplaced.net\/images\/2011\/07\/ReichstagKuppel6-140x140.jpg\" width=\"140\" height=\"140\"><figcaption><h1>Trichterspitze<\/h1><h2>Blick aus dem Plenarsaal nach oben<\/h2><p>\u00dcber dem Plenarsaal erhebt sich die Glaskuppel des Reichstags.<\/p><\/figcaption><\/figure><\/a><\/div><\/p>","protected":false},"excerpt":{"rendered":"<p>Fotos vom Berliner Reichstag<\/p>\n","protected":false},"author":1,"featured_media":1676,"parent":24,"menu_order":3,"comment_status":"open","ping_status":"open","template":"","meta":[],"_links":{"self":[{"href":"http:\/\/hintz.bplaced.net\/de\/wp-json\/wp\/v2\/pages\/48"}],"collection":[{"href":"http:\/\/hintz.bplaced.net\/de\/wp-json\/wp\/v2\/pages"}],"about":[{"href":"http:\/\/hintz.bplaced.net\/de\/wp-json\/wp\/v2\/types\/page"}],"author":[{"embeddable":true,"href":"http:\/\/hintz.bplaced.net\/de\/wp-json\/wp\/v2\/users\/1"}],"replies":[{"embeddable":true,"href":"http:\/\/hintz.bplaced.net\/de\/wp-json\/wp\/v2\/comments?post=48"}],"version-history":[{"count":9,"href":"http:\/\/hintz.bplaced.net\/de\/wp-json\/wp\/v2\/pages\/48\/revisions"}],"predecessor-version":[{"id":2160,"href":"http:\/\/hintz.bplaced.net\/de\/wp-json\/wp\/v2\/pages\/48\/revisions\/2160"}],"up":[{"embeddable":true,"href":"http:\/\/hintz.bplaced.net\/de\/wp-json\/wp\/v2\/pages\/24"}],"wp:featuredmedia":[{"embeddable":true,"href":"http:\/\/hintz.bplaced.net\/de\/wp-json\/wp\/v2\/media\/1676"}],"wp:attachment":[{"href":"http:\/\/hintz.bplaced.net\/de\/wp-json\/wp\/v2\/media?parent=48"}],"curies":[{"name":"wp","href":"https:\/\/api.w.org\/{rel}","templated":true}]}}