{"id":58,"date":"2011-07-11T21:35:17","date_gmt":"2011-07-11T19:35:17","guid":{"rendered":"http:\/\/hintz.bplaced.net\/?page_id=58"},"modified":"2011-08-07T23:52:35","modified_gmt":"2011-08-07T21:52:35","slug":"licht","status":"publish","type":"page","link":"http:\/\/hintz.bplaced.net\/de\/fotos\/staedte\/berlin\/licht\/","title":{"rendered":"Licht"},"content":{"rendered":"<p><\/p>\n<h1>Auch das ist Berlin<\/h1>\n<p><div class=\"col w8\"><a class=\"col w2\" href=\"http:\/\/hintz.bplaced.net\/de\/fotos\/staedte\/berlin\/licht\/attachment\/fernsehturm-2\/\" data-src=\"http:\/\/hintz.bplaced.net\/images\/2011\/07\/Fernsehturm.jpg\" rel=\"lyteshow-\"><figure><img src=\"http:\/\/hintz.bplaced.net\/images\/2011\/07\/Fernsehturm-140x140.jpg\" width=\"140\" height=\"140\" alt=\"Der Berliner Fernsehturm\"><figcaption><h1>Fernsehturm<\/h1><h2><\/h2><p>Die Aussichtsplattform des Berliner Fernsehturms mit Blau erleuchteten Fenstern bei Nacht und davor das Kreuz und die Kugel der Spitze der Marienkirche.<\/p><\/figcaption><\/figure><\/a><a class=\"col w2\" href=\"http:\/\/hintz.bplaced.net\/de\/fotos\/staedte\/berlin\/licht\/attachment\/pegasus\/\" data-src=\"http:\/\/hintz.bplaced.net\/images\/2011\/07\/pegasus.jpg\" rel=\"lyteshow-\"><figure><img src=\"http:\/\/hintz.bplaced.net\/images\/2011\/07\/pegasus-140x140.jpg\" width=\"140\" height=\"140\"><figcaption><h1>Pegasus<\/h1><h2><\/h2><p><\/p><\/figcaption><\/figure><\/a><a class=\"col w2\" href=\"http:\/\/hintz.bplaced.net\/de\/fotos\/staedte\/berlin\/licht\/attachment\/orgel-2\/\" data-src=\"http:\/\/hintz.bplaced.net\/images\/2011\/07\/orgel1.jpg\" rel=\"lyteshow-\"><figure><img src=\"http:\/\/hintz.bplaced.net\/images\/2011\/07\/orgel1-140x140.jpg\" width=\"140\" height=\"140\" alt=\"Die Orgel der Marienkirche\"><figcaption><h1>Orgel<\/h1><h2><\/h2><p><\/p><\/figcaption><\/figure><\/a><a class=\"col w2\" href=\"http:\/\/hintz.bplaced.net\/de\/fotos\/staedte\/berlin\/licht\/attachment\/muse\/\" data-src=\"http:\/\/hintz.bplaced.net\/images\/2011\/07\/muse.jpg\" rel=\"lyteshow-\"><figure><img src=\"http:\/\/hintz.bplaced.net\/images\/2011\/07\/muse-140x140.jpg\" width=\"140\" height=\"140\" alt=\"Muse am Alten Museum\"><figcaption><h1>Muse<\/h1><h2>Das Alte Museum liegt am Lustgarten neben dem Berliner Dom.<\/h2><p><\/p><\/figcaption><\/figure><\/a><a class=\"col w2\" href=\"http:\/\/hintz.bplaced.net\/de\/fotos\/staedte\/berlin\/licht\/attachment\/moschee1\/\" data-src=\"http:\/\/hintz.bplaced.net\/images\/2011\/07\/moschee1.jpg\" rel=\"lyteshow-\"><figure><img src=\"http:\/\/hintz.bplaced.net\/images\/2011\/07\/moschee1-140x140.jpg\" width=\"140\" height=\"140\"><figcaption><h1>Moschee<\/h1><h2><\/h2><p><\/p><\/figcaption><\/figure><\/a><a class=\"col w2\" href=\"http:\/\/hintz.bplaced.net\/de\/fotos\/staedte\/berlin\/licht\/attachment\/moschee2\/\" data-src=\"http:\/\/hintz.bplaced.net\/images\/2011\/07\/moschee2.jpg\" rel=\"lyteshow-\"><figure><img src=\"http:\/\/hintz.bplaced.net\/images\/2011\/07\/moschee2-140x140.jpg\" width=\"140\" height=\"140\"><figcaption><h1>Moschee<\/h1><h2><\/h2><p><\/p><\/figcaption><\/figure><\/a><a class=\"col w2\" href=\"http:\/\/hintz.bplaced.net\/de\/fotos\/staedte\/berlin\/licht\/attachment\/moschee3\/\" data-src=\"http:\/\/hintz.bplaced.net\/images\/2011\/07\/moschee3.jpg\" rel=\"lyteshow-\"><figure><img src=\"http:\/\/hintz.bplaced.net\/images\/2011\/07\/moschee3-140x140.jpg\" width=\"140\" height=\"140\"><figcaption><h1>Moschee<\/h1><h2><\/h2><p><\/p><\/figcaption><\/figure><\/a><a class=\"col w2\" href=\"http:\/\/hintz.bplaced.net\/de\/fotos\/staedte\/berlin\/licht\/attachment\/wendeltreppe\/\" data-src=\"http:\/\/hintz.bplaced.net\/images\/2011\/07\/wendeltreppe.jpg\" rel=\"lyteshow-\"><figure><img src=\"http:\/\/hintz.bplaced.net\/images\/2011\/07\/wendeltreppe-140x140.jpg\" width=\"140\" height=\"140\"><figcaption><h1>Mendelssohn<\/h1><h2><\/h2><p><\/p><\/figcaption><\/figure><\/a><a class=\"col w2\" href=\"http:\/\/hintz.bplaced.net\/de\/fotos\/staedte\/berlin\/licht\/attachment\/rohre\/\" data-src=\"http:\/\/hintz.bplaced.net\/images\/2011\/07\/rohre.jpg\" rel=\"lyteshow-\"><figure><img src=\"http:\/\/hintz.bplaced.net\/images\/2011\/07\/rohre-140x140.jpg\" width=\"140\" height=\"140\"><figcaption><h1>Rohre<\/h1><h2><\/h2><p><\/p><\/figcaption><\/figure><\/a><a class=\"col w2\" href=\"http:\/\/hintz.bplaced.net\/de\/fotos\/staedte\/berlin\/licht\/attachment\/goldelse\/\" data-src=\"http:\/\/hintz.bplaced.net\/images\/2011\/07\/goldelse.jpg\" rel=\"lyteshow-\"><figure><img src=\"http:\/\/hintz.bplaced.net\/images\/2011\/07\/goldelse-140x140.jpg\" width=\"140\" height=\"140\"><figcaption><h1>Viktoria<\/h1><h2>Die Gold-Else auf der Siegess\u00e4ule<\/h2><p>Die vergoldete Bronzefigur auf der Siegess\u00e4ule symbolisiert die Siegesg\u00f6ttin Viktoria. Viktoria wird dargestellt als ein Engel mit Fl\u00fcgeln.\r\n\r\nIn ihrer rechten Hand h\u00e4lt sie einen Lorbeerkranz empor. Mit der linken Hand h\u00e4lt sie ein Feldzeichen. Dieses Feldzeichen ist ein Stab, mit einem eisernen Kreuz in einem Lorbeerkranz. In der Mitte dieses Kreuzes ist der Buchstabe W und dar\u00fcber eine Krone. Diese Symbole beziehen sich wohl auf Kaiser Wilhelm. \u00dcber dem Lorbeerkranz mit dem eisernen Kreuz hat der Stab noch eine Spitze in der ein Malteserkreuz ist. Unter dem Kranz ist der Stab B\u00e4ndern umwickelt, die seltsamerweise drei und nicht zwei oder vier Enden haben. Die Viktoria tr\u00e4gt auf ihrem Kopf einen Helm auf der eine Adlerfigur mit ausgebreiteten Fl\u00fcgeln sitzt. Wohl aus Gr\u00fcnden der Stablit\u00e4t ist der Helm und der Stab mit einem Drahtb\u00fcgel verbunden.\r\n\r\nDie Viktoria tr\u00e4gt ein langes Kleid mit kurzen \u00c4rmeln. Sie steht mit nackten F\u00fc\u00dfen oben auf der S\u00e4ule. Dabei wird die Figur durch eine zus\u00e4tzliche Stange unter dem Kleid stabilisiert.\r\n\r\nUnterhalb der Figur befindet sich eine Aussichtsplattform in einem achteckigen goldenen K\u00e4fig.\r\n\r\nDas Kapitell der S\u00e4ule besteht aus acht in den Stein gehauhenen Adlerfiguren, deren K\u00f6pfe abwechselnd nach rechts oder links blicken.<\/p><\/figcaption><\/figure><\/a><a class=\"col w2\" href=\"http:\/\/hintz.bplaced.net\/de\/fotos\/staedte\/berlin\/licht\/attachment\/rosenkranz_basilika_kuppel\/\" data-src=\"http:\/\/hintz.bplaced.net\/images\/2011\/07\/rosenkranz_basilika_kuppel.jpg\" rel=\"lyteshow-\"><figure><img src=\"http:\/\/hintz.bplaced.net\/images\/2011\/07\/rosenkranz_basilika_kuppel-140x140.jpg\" width=\"140\" height=\"140\"><figcaption><h1>Kuppel<\/h1><h2><\/h2><p><\/p><\/figcaption><\/figure><\/a><a class=\"col w2\" href=\"http:\/\/hintz.bplaced.net\/de\/fotos\/staedte\/berlin\/licht\/attachment\/rosenkranz_basilika_kuppel_rosette\/\" data-src=\"http:\/\/hintz.bplaced.net\/images\/2011\/07\/rosenkranz_basilika_kuppel_rosette.jpg\" rel=\"lyteshow-\"><figure><img src=\"http:\/\/hintz.bplaced.net\/images\/2011\/07\/rosenkranz_basilika_kuppel_rosette-140x140.jpg\" width=\"140\" height=\"140\"><figcaption><h1>Rosette<\/h1><h2><\/h2><p><\/p><\/figcaption><\/figure><\/a><a class=\"col w2\" href=\"http:\/\/hintz.bplaced.net\/de\/fotos\/staedte\/berlin\/licht\/attachment\/rosenkranz_basilika_geburt\/\" data-src=\"http:\/\/hintz.bplaced.net\/images\/2011\/07\/rosenkranz_basilika_geburt.jpg\" rel=\"lyteshow-\"><figure><img src=\"http:\/\/hintz.bplaced.net\/images\/2011\/07\/rosenkranz_basilika_geburt-140x140.jpg\" width=\"140\" height=\"140\"><figcaption><h1>Geburt<\/h1><h2><\/h2><p><\/p><\/figcaption><\/figure><\/a><a class=\"col w2\" href=\"http:\/\/hintz.bplaced.net\/de\/fotos\/staedte\/berlin\/licht\/attachment\/rosenkranz_basilika_kreuzigung\/\" data-src=\"http:\/\/hintz.bplaced.net\/images\/2011\/07\/rosenkranz_basilika_kreuzigung.jpg\" rel=\"lyteshow-\"><figure><img src=\"http:\/\/hintz.bplaced.net\/images\/2011\/07\/rosenkranz_basilika_kreuzigung-140x140.jpg\" width=\"140\" height=\"140\"><figcaption><h1>Kreuzigung<\/h1><h2><\/h2><p><\/p><\/figcaption><\/figure><\/a><a class=\"col w2\" href=\"http:\/\/hintz.bplaced.net\/de\/fotos\/staedte\/berlin\/licht\/attachment\/rosenkranz_basilika\/\" data-src=\"http:\/\/hintz.bplaced.net\/images\/2011\/07\/rosenkranz_basilika.jpg\" rel=\"lyteshow-\"><figure><img src=\"http:\/\/hintz.bplaced.net\/images\/2011\/07\/rosenkranz_basilika-140x140.jpg\" width=\"140\" height=\"140\"><figcaption><h1>Basilika<\/h1><h2><\/h2><p><\/p><\/figcaption><\/figure><\/a><a class=\"col w2\" href=\"http:\/\/hintz.bplaced.net\/de\/fotos\/staedte\/berlin\/licht\/attachment\/sozialismus\/\" data-src=\"http:\/\/hintz.bplaced.net\/images\/2011\/07\/sozialismus.jpg\" rel=\"lyteshow-\"><figure><img src=\"http:\/\/hintz.bplaced.net\/images\/2011\/07\/sozialismus-140x140.jpg\" width=\"140\" height=\"140\" alt=\"Sozialismus\"><figcaption><h1>Max Lingner<\/h1><h2>Max Lingner<\/h2><p>Dieses Wandbild wurde 1953 von Max Lingner im Auftrag von Otto Grotewohl entworfen. Das Bild besteht aus \u00fcber 1800 bemalten Porzellankacheln, die am ehemaligen Haus der Ministerien, dem heutigen Finanzministerium angebracht sind. Die Herstellung der Kacheln erfolgte in Monate langer Arbeit in Mei\u00dfen.<\/p><\/figcaption><\/figure><\/a><\/div><\/p>","protected":false},"excerpt":{"rendered":"<p>Auch das ist Berlin<\/p>\n","protected":false},"author":1,"featured_media":1687,"parent":24,"menu_order":9,"comment_status":"open","ping_status":"open","template":"","meta":[],"_links":{"self":[{"href":"http:\/\/hintz.bplaced.net\/de\/wp-json\/wp\/v2\/pages\/58"}],"collection":[{"href":"http:\/\/hintz.bplaced.net\/de\/wp-json\/wp\/v2\/pages"}],"about":[{"href":"http:\/\/hintz.bplaced.net\/de\/wp-json\/wp\/v2\/types\/page"}],"author":[{"embeddable":true,"href":"http:\/\/hintz.bplaced.net\/de\/wp-json\/wp\/v2\/users\/1"}],"replies":[{"embeddable":true,"href":"http:\/\/hintz.bplaced.net\/de\/wp-json\/wp\/v2\/comments?post=58"}],"version-history":[{"count":8,"href":"http:\/\/hintz.bplaced.net\/de\/wp-json\/wp\/v2\/pages\/58\/revisions"}],"predecessor-version":[{"id":2373,"href":"http:\/\/hintz.bplaced.net\/de\/wp-json\/wp\/v2\/pages\/58\/revisions\/2373"}],"up":[{"embeddable":true,"href":"http:\/\/hintz.bplaced.net\/de\/wp-json\/wp\/v2\/pages\/24"}],"wp:featuredmedia":[{"embeddable":true,"href":"http:\/\/hintz.bplaced.net\/de\/wp-json\/wp\/v2\/media\/1687"}],"wp:attachment":[{"href":"http:\/\/hintz.bplaced.net\/de\/wp-json\/wp\/v2\/media?parent=58"}],"curies":[{"name":"wp","href":"https:\/\/api.w.org\/{rel}","templated":true}]}}