{"id":83,"date":"2011-07-11T21:35:17","date_gmt":"2011-07-11T19:35:17","guid":{"rendered":"http:\/\/hintz.bplaced.net\/?page_id=83"},"modified":"2011-09-08T00:08:39","modified_gmt":"2011-09-07T22:08:39","slug":"garten","status":"publish","type":"page","link":"http:\/\/hintz.bplaced.net\/de\/fotos\/botanik\/garten\/","title":{"rendered":"G\u00e4rten"},"content":{"rendered":"<p><\/p>\n<h1>Botanische G\u00e4rten und Parks<\/h1>\n<div class=\"col w8\"><a class=\"col w2\" href=\"http:\/\/hintz.bplaced.net\/de\/fotos\/botanik\/garten\/attachment\/freundschaftsinsel\/\" data-src=\"http:\/\/hintz.bplaced.net\/images\/2011\/09\/Freundschaftsinsel.jpg\" rel=\"lyteshow-\"><figure><img src=\"http:\/\/hintz.bplaced.net\/images\/2011\/09\/Freundschaftsinsel-140x140.jpg\" width=\"140\" height=\"140\"><figcaption><h1>Potsdam<\/h1><h2>Freundschaftsinsel<\/h2><p><\/p><\/figcaption><\/figure><\/a><a class=\"col w2\" href=\"http:\/\/hintz.bplaced.net\/de\/fotos\/botanik\/garten\/attachment\/britzer-garten\/\" data-src=\"http:\/\/hintz.bplaced.net\/images\/2011\/09\/Britzer-Garten.jpg\" rel=\"lyteshow-\"><figure><img src=\"http:\/\/hintz.bplaced.net\/images\/2011\/09\/Britzer-Garten-140x140.jpg\" width=\"140\" height=\"140\" alt=\"Der Britzer Garten in Berlin\"><figcaption><h1>Berlin-Britz<\/h1><h2><\/h2><p><\/p><\/figcaption><\/figure><\/a><a class=\"col w2\" href=\"http:\/\/hintz.bplaced.net\/de\/fotos\/botanik\/garten\/attachment\/tulipan-4\/\" data-src=\"http:\/\/hintz.bplaced.net\/images\/2011\/09\/Tulipan.jpg\" rel=\"lyteshow-\"><figure><img src=\"http:\/\/hintz.bplaced.net\/images\/2011\/09\/Tulipan-140x140.jpg\" width=\"140\" height=\"140\" alt=\"Britzer Garten\"><figcaption><h1>Tulipan<\/h1><h2>Tulipan<\/h2><p><\/p><\/figcaption><\/figure><\/a><a class=\"col w2\" href=\"http:\/\/hintz.bplaced.net\/de\/fotos\/botanik\/garten\/attachment\/erholungspark-marzahn\/\" data-src=\"http:\/\/hintz.bplaced.net\/images\/2011\/09\/Erholungspark-Marzahn.jpg\" rel=\"lyteshow-\"><figure><img src=\"http:\/\/hintz.bplaced.net\/images\/2011\/09\/Erholungspark-Marzahn-140x140.jpg\" width=\"140\" height=\"140\"><figcaption><h1>Erholungspark Marzahn<\/h1><h2>Springbrunnen<\/h2><p><\/p><\/figcaption><\/figure><\/a><a class=\"col w2\" href=\"http:\/\/hintz.bplaced.net\/de\/fotos\/botanik\/garten\/attachment\/botanischer_garten_wuppertal\/\" data-src=\"http:\/\/hintz.bplaced.net\/images\/2011\/07\/Botanischer_Garten_Wuppertal.jpg\" rel=\"lyteshow-\"><figure><img src=\"http:\/\/hintz.bplaced.net\/images\/2011\/07\/Botanischer_Garten_Wuppertal-140x140.jpg\" width=\"140\" height=\"140\" alt=\"Der Botanische Garten in Wuppertal\"><figcaption><h1>Wuppertal<\/h1><h2>Der Botanische Garten in Wuppertal ist Teil eines gro\u00dfen Parkes namens Hardt<\/h2><p>Auf einem H\u00fcgel in Wuppertal zwischen den Stadtteilen Elberfeld und Barmen befindet sich ein ausgedehnter Park namens Hardt. Der Botanische Garten von Wuppertal ist ein relativ kleiner abgetrennter Bereich der Hardt.\r\n\r\nEs gibt dort kleine Teiche mit besonderen Seerosen. Eine hinter Glas befindliche Kakteensammlung ist ebenfalls vorhanden. Anfang Fr\u00fchling ist eine Wiese voller Krokusse besonders sch\u00f6n anzusehen.\r\n\r\nDieses Bild zeigt rote Tulpen, wei\u00dfe Narzissen eine bl\u00fchende Magnolie und Obstb\u00e4ume.\r\n<\/p><\/figcaption><\/figure><\/a><a class=\"col w2\" href=\"http:\/\/hintz.bplaced.net\/de\/fotos\/botanik\/garten\/attachment\/botanischer_garten_solingen\/\" data-src=\"http:\/\/hintz.bplaced.net\/images\/2011\/07\/Botanischer_Garten_Solingen.jpg\" rel=\"lyteshow-\"><figure><img src=\"http:\/\/hintz.bplaced.net\/images\/2011\/07\/Botanischer_Garten_Solingen-140x140.jpg\" width=\"140\" height=\"140\" alt=\"Der Botanische Garten in Solingen\"><figcaption><h1>Solingen<\/h1><h2>Der Botanische Garten ist ein angenehmer Platz, um sich dort aufzuhalten.<\/h2><p>Solingen ist eine Stadt in der N\u00e4he der St\u00e4dte Wuppertal, Haan, Hilden und D\u00fcsseldorf. Der botanische Garten in Solingen verf\u00fcgt auch \u00fcber Treibh\u00e4user mit tropischen Pflanzen und einigen sch\u00f6nen Kakteenarten.\r\n<\/p><\/figcaption><\/figure><\/a><a class=\"col w2\" href=\"http:\/\/hintz.bplaced.net\/de\/fotos\/botanik\/garten\/attachment\/grugarosen\/\" data-src=\"http:\/\/hintz.bplaced.net\/images\/2011\/07\/grugarosen.jpg\" rel=\"lyteshow-\"><figure><img src=\"http:\/\/hintz.bplaced.net\/images\/2011\/07\/grugarosen-140x140.jpg\" width=\"140\" height=\"140\" alt=\"Der Grugapark in Essen\"><figcaption><h1>Essen<\/h1><h2>Der Rosengarten im Grugapark Essen<\/h2><p><\/p><\/figcaption><\/figure><\/a><a class=\"col w2\" href=\"http:\/\/hintz.bplaced.net\/de\/fotos\/botanik\/garten\/attachment\/gruga_park_essen\/\" data-src=\"http:\/\/hintz.bplaced.net\/images\/2011\/07\/Gruga_Park_Essen.jpg\" rel=\"lyteshow-\"><figure><img src=\"http:\/\/hintz.bplaced.net\/images\/2011\/07\/Gruga_Park_Essen-140x140.jpg\" width=\"140\" height=\"140\" alt=\"Der Grugapark in Essen\"><figcaption><h1>Essen<\/h1><h2>Dahlenarena<\/h2><p>Dieses Bild gibt einen kleinen Eindruck, wie viele farbenfrohe Dahlien in der Essener Gruga erbl\u00fchen. Die gr\u00f6\u00dften Dahlien, die ich je gesehen habe, wachsen dort.\r\n\r\nDie vielen Blumen sind aber nicht die einzige Attraktion der Gruga. Es gibt unter anderem spezielle H\u00e4user f\u00fcr V\u00f6gel, tropische Pflanzen, Kakteen, Reptilien und Spinnen.<\/p><\/figcaption><\/figure><\/a><a class=\"col w2\" href=\"http:\/\/hintz.bplaced.net\/de\/fotos\/botanik\/garten\/attachment\/floraturm\/\" data-src=\"http:\/\/hintz.bplaced.net\/images\/2011\/07\/floraturm.jpg\" rel=\"lyteshow-\"><figure><img src=\"http:\/\/hintz.bplaced.net\/images\/2011\/07\/floraturm-140x140.jpg\" width=\"140\" height=\"140\" alt=\"Der Grugapark in Essen\"><figcaption><h1>Essen<\/h1><h2>Grugaturm<\/h2><p><\/p><\/figcaption><\/figure><\/a><a class=\"col w2\" href=\"http:\/\/hintz.bplaced.net\/de\/fotos\/botanik\/garten\/attachment\/pyramide\/\" data-src=\"http:\/\/hintz.bplaced.net\/images\/2011\/07\/pyramide.jpg\" rel=\"lyteshow-\"><figure><img src=\"http:\/\/hintz.bplaced.net\/images\/2011\/07\/pyramide-140x140.jpg\" width=\"140\" height=\"140\" alt=\"Der Grugapark in Essen\"><figcaption><h1>Essen<\/h1><h2>Treibhaus Pyramide<\/h2><p><\/p><\/figcaption><\/figure><\/a><a class=\"col w2\" href=\"http:\/\/hintz.bplaced.net\/de\/fotos\/botanik\/garten\/attachment\/botanischer_garten_berlin\/\" data-src=\"http:\/\/hintz.bplaced.net\/images\/2011\/07\/botanischer_garten_berlin.jpg\" rel=\"lyteshow-\"><figure><img src=\"http:\/\/hintz.bplaced.net\/images\/2011\/07\/botanischer_garten_berlin-140x140.jpg\" width=\"140\" height=\"140\" alt=\"Der Botanische Garten in Berlin\"><figcaption><h1>Berlin-Dahlem<\/h1><h2>Ein Treibhaus im botanischen Garten in Berlin-Dahlem<\/h2><p><\/p><\/figcaption><\/figure><\/a><a class=\"col w2\" href=\"http:\/\/hintz.bplaced.net\/de\/fotos\/botanik\/garten\/attachment\/buergerpark1\/\" data-src=\"http:\/\/hintz.bplaced.net\/images\/2011\/07\/buergerpark1.jpg\" rel=\"lyteshow-\"><figure><img src=\"http:\/\/hintz.bplaced.net\/images\/2011\/07\/buergerpark1-140x140.jpg\" width=\"140\" height=\"140\" alt=\"B\u00fcrgerpark Pankow\"><figcaption><h1>Berlin-Pankow<\/h1><h2>Eingangsportal<\/h2><p><\/p><\/figcaption><\/figure><\/a><a class=\"col w2\" href=\"http:\/\/hintz.bplaced.net\/de\/fotos\/botanik\/garten\/attachment\/buergerpark2\/\" data-src=\"http:\/\/hintz.bplaced.net\/images\/2011\/07\/buergerpark2.jpg\" rel=\"lyteshow-\"><figure><img src=\"http:\/\/hintz.bplaced.net\/images\/2011\/07\/buergerpark2-140x140.jpg\" width=\"140\" height=\"140\" alt=\"B\u00fcrgerpark Pankow\"><figcaption><h1>Berlin-Pankow<\/h1><h2>Rosengarten<\/h2><p><\/p><\/figcaption><\/figure><\/a><a class=\"col w2\" href=\"http:\/\/hintz.bplaced.net\/de\/fotos\/botanik\/garten\/attachment\/botanischeanlage\/\" data-src=\"http:\/\/hintz.bplaced.net\/images\/2011\/07\/botanischeanlage.jpg\" rel=\"lyteshow-\"><figure><img src=\"http:\/\/hintz.bplaced.net\/images\/2011\/07\/botanischeanlage-140x140.jpg\" width=\"140\" height=\"140\" alt=\"Botanische Anlage Berlin\"><figcaption><h1>Berlin<\/h1><h2><\/h2><p><\/p><\/figcaption><\/figure><\/a><a class=\"col w2\" href=\"http:\/\/hintz.bplaced.net\/de\/fotos\/botanik\/garten\/attachment\/stiefmuetterchen-2\/\" data-src=\"http:\/\/hintz.bplaced.net\/images\/2011\/07\/stiefmuetterchen.jpg\" rel=\"lyteshow-\"><figure><img src=\"http:\/\/hintz.bplaced.net\/images\/2011\/07\/stiefmuetterchen-140x140.jpg\" width=\"140\" height=\"140\" alt=\"Berlin-Tiergarten\"><figcaption><h1>Berlin-Tiergarten<\/h1><h2>Stiefm\u00fctterchen im Berliner Tiergarten<\/h2><p><\/p><\/figcaption><\/figure><\/a><a class=\"col w2\" href=\"http:\/\/hintz.bplaced.net\/de\/fotos\/botanik\/garten\/attachment\/palmiarnia\/\" data-src=\"http:\/\/hintz.bplaced.net\/images\/2011\/07\/palmiarnia.jpg\" rel=\"lyteshow-\"><figure><img src=\"http:\/\/hintz.bplaced.net\/images\/2011\/07\/palmiarnia-140x140.jpg\" width=\"140\" height=\"140\" alt=\"Das Palmenhaus in Gliwice, Polen\"><figcaption><h1>Gliwice<\/h1><h2><\/h2><p><\/p><\/figcaption><\/figure><\/a><\/div>\n<p>Ein guter Ausgangspunkt um sich n\u00e4her mit Pflanzen zu befassen, sind botanische G\u00e4rten, in denen man mehr \u00fcber Blumen und B\u00e4ume erfahren kann, wie sie aussehen und wie sie hei\u00dfen.<\/p>","protected":false},"excerpt":{"rendered":"<p>Botanische G\u00e4rten und Parks Ein guter Ausgangspunkt um sich n\u00e4her mit Pflanzen zu befassen, sind botanische G\u00e4rten, in denen man mehr \u00fcber Blumen und B\u00e4ume erfahren kann, wie sie aussehen und wie sie hei\u00dfen.<\/p>\n","protected":false},"author":1,"featured_media":631,"parent":60,"menu_order":1,"comment_status":"open","ping_status":"open","template":"","meta":[],"_links":{"self":[{"href":"http:\/\/hintz.bplaced.net\/de\/wp-json\/wp\/v2\/pages\/83"}],"collection":[{"href":"http:\/\/hintz.bplaced.net\/de\/wp-json\/wp\/v2\/pages"}],"about":[{"href":"http:\/\/hintz.bplaced.net\/de\/wp-json\/wp\/v2\/types\/page"}],"author":[{"embeddable":true,"href":"http:\/\/hintz.bplaced.net\/de\/wp-json\/wp\/v2\/users\/1"}],"replies":[{"embeddable":true,"href":"http:\/\/hintz.bplaced.net\/de\/wp-json\/wp\/v2\/comments?post=83"}],"version-history":[{"count":13,"href":"http:\/\/hintz.bplaced.net\/de\/wp-json\/wp\/v2\/pages\/83\/revisions"}],"predecessor-version":[{"id":2428,"href":"http:\/\/hintz.bplaced.net\/de\/wp-json\/wp\/v2\/pages\/83\/revisions\/2428"}],"up":[{"embeddable":true,"href":"http:\/\/hintz.bplaced.net\/de\/wp-json\/wp\/v2\/pages\/60"}],"wp:featuredmedia":[{"embeddable":true,"href":"http:\/\/hintz.bplaced.net\/de\/wp-json\/wp\/v2\/media\/631"}],"wp:attachment":[{"href":"http:\/\/hintz.bplaced.net\/de\/wp-json\/wp\/v2\/media?parent=83"}],"curies":[{"name":"wp","href":"https:\/\/api.w.org\/{rel}","templated":true}]}}