{"id":85,"date":"2011-07-11T21:21:35","date_gmt":"2011-07-11T19:21:35","guid":{"rendered":"http:\/\/hintz.bplaced.net\/?page_id=85"},"modified":"2011-07-30T21:40:11","modified_gmt":"2011-07-30T19:40:11","slug":"kakteen","status":"publish","type":"page","link":"http:\/\/hintz.bplaced.net\/de\/fotos\/botanik\/kakteen\/","title":{"rendered":"Kakteen"},"content":{"rendered":"<p><\/p>\n<h1>Kakteenbl\u00fcten<\/h1>\n<div class=\"col w8\"><a class=\"col w2\" href=\"http:\/\/hintz.bplaced.net\/de\/fotos\/botanik\/kakteen\/attachment\/kaktus_blass_lila\/\" data-src=\"http:\/\/hintz.bplaced.net\/images\/2011\/07\/kaktus_blass_lila.jpg\" rel=\"lyteshow-\"><figure><img src=\"http:\/\/hintz.bplaced.net\/images\/2011\/07\/kaktus_blass_lila-140x140.jpg\" width=\"140\" height=\"140\"><figcaption><h1>Mammillaria<\/h1><h2><\/h2><p><\/p><\/figcaption><\/figure><\/a><a class=\"col w2\" href=\"http:\/\/hintz.bplaced.net\/de\/fotos\/botanik\/kakteen\/attachment\/kaktus_rot_orange\/\" data-src=\"http:\/\/hintz.bplaced.net\/images\/2011\/07\/kaktus_rot_orange.jpg\" rel=\"lyteshow-\"><figure><img src=\"http:\/\/hintz.bplaced.net\/images\/2011\/07\/kaktus_rot_orange-140x140.jpg\" width=\"140\" height=\"140\" alt=\"Feigenkaktus\"><figcaption><h1>Opuntia<\/h1><h2>Opuntia<\/h2><p><\/p><\/figcaption><\/figure><\/a><a class=\"col w2\" href=\"http:\/\/hintz.bplaced.net\/de\/fotos\/botanik\/kakteen\/attachment\/kaktus_rot_violett\/\" data-src=\"http:\/\/hintz.bplaced.net\/images\/2011\/07\/kaktus_rot_violett.jpg\" rel=\"lyteshow-\"><figure><img src=\"http:\/\/hintz.bplaced.net\/images\/2011\/07\/kaktus_rot_violett-140x140.jpg\" width=\"140\" height=\"140\"><figcaption><h1>Mammillaria<\/h1><h2><\/h2><p><\/p><\/figcaption><\/figure><\/a><a class=\"col w2\" href=\"http:\/\/hintz.bplaced.net\/de\/fotos\/botanik\/kakteen\/attachment\/kaktus_lila\/\" data-src=\"http:\/\/hintz.bplaced.net\/images\/2011\/07\/kaktus_lila.jpg\" rel=\"lyteshow-\"><figure><img src=\"http:\/\/hintz.bplaced.net\/images\/2011\/07\/kaktus_lila-140x140.jpg\" width=\"140\" height=\"140\" alt=\"Igels\u00e4ulenkaktus\"><figcaption><h1>Echinocereus<\/h1><h2>Echinocereus blanckii (Pos.) Palm.<\/h2><p>Heimat: Mexico<\/p><\/figcaption><\/figure><\/a><a class=\"col w2\" href=\"http:\/\/hintz.bplaced.net\/de\/fotos\/botanik\/kakteen\/attachment\/kaktus_violett\/\" data-src=\"http:\/\/hintz.bplaced.net\/images\/2011\/07\/kaktus_violett.jpg\" rel=\"lyteshow-\"><figure><img src=\"http:\/\/hintz.bplaced.net\/images\/2011\/07\/kaktus_violett-140x140.jpg\" width=\"140\" height=\"140\" alt=\"Warzenkaktus\"><figcaption><h1>Mammillaria<\/h1><h2>Mammillaria<\/h2><p><\/p><\/figcaption><\/figure><\/a><a class=\"col w2\" href=\"http:\/\/hintz.bplaced.net\/de\/fotos\/botanik\/kakteen\/attachment\/kaktus_gelb2\/\" data-src=\"http:\/\/hintz.bplaced.net\/images\/2011\/07\/kaktus_gelb2.jpg\" rel=\"lyteshow-\"><figure><img src=\"http:\/\/hintz.bplaced.net\/images\/2011\/07\/kaktus_gelb2-140x140.jpg\" width=\"140\" height=\"140\" alt=\"Feigenkaktus\"><figcaption><h1>Opuntia<\/h1><h2>Opuntia<\/h2><p><\/p><\/figcaption><\/figure><\/a><a class=\"col w2\" href=\"http:\/\/hintz.bplaced.net\/de\/fotos\/botanik\/kakteen\/attachment\/kaktus_blassorange\/\" data-src=\"http:\/\/hintz.bplaced.net\/images\/2011\/07\/kaktus_blassorange.jpg\" rel=\"lyteshow-\"><figure><img src=\"http:\/\/hintz.bplaced.net\/images\/2011\/07\/kaktus_blassorange-140x140.jpg\" width=\"140\" height=\"140\" alt=\"Kaktus\"><figcaption><h1>Orange<\/h1><h2><\/h2><p><\/p><\/figcaption><\/figure><\/a><a class=\"col w2\" href=\"http:\/\/hintz.bplaced.net\/de\/fotos\/botanik\/kakteen\/attachment\/kaktus_orange\/\" data-src=\"http:\/\/hintz.bplaced.net\/images\/2011\/07\/kaktus_orange.jpg\" rel=\"lyteshow-\"><figure><img src=\"http:\/\/hintz.bplaced.net\/images\/2011\/07\/kaktus_orange-140x140.jpg\" width=\"140\" height=\"140\" alt=\"Kaktus\"><figcaption><h1>Orange<\/h1><h2><\/h2><p><\/p><\/figcaption><\/figure><\/a><a class=\"col w2\" href=\"http:\/\/hintz.bplaced.net\/de\/fotos\/botanik\/kakteen\/attachment\/kaktus_weiss\/\" data-src=\"http:\/\/hintz.bplaced.net\/images\/2011\/07\/kaktus_weiss.jpg\" rel=\"lyteshow-\"><figure><img src=\"http:\/\/hintz.bplaced.net\/images\/2011\/07\/kaktus_weiss-140x140.jpg\" width=\"140\" height=\"140\"><figcaption><h1>Sukkulent<\/h1><h2><\/h2><p><\/p><\/figcaption><\/figure><\/a><a class=\"col w2\" href=\"http:\/\/hintz.bplaced.net\/de\/fotos\/botanik\/kakteen\/attachment\/kaktus_gelb_rot\/\" data-src=\"http:\/\/hintz.bplaced.net\/images\/2011\/07\/kaktus_gelb_rot.jpg\" rel=\"lyteshow-\"><figure><img src=\"http:\/\/hintz.bplaced.net\/images\/2011\/07\/kaktus_gelb_rot-140x140.jpg\" width=\"140\" height=\"140\"><figcaption><h1>Thelocactus<\/h1><h2>Thelocactus setispinus<\/h2><p><\/p><\/figcaption><\/figure><\/a><a class=\"col w2\" href=\"http:\/\/hintz.bplaced.net\/de\/fotos\/botanik\/kakteen\/attachment\/kaktus_rot\/\" data-src=\"http:\/\/hintz.bplaced.net\/images\/2011\/07\/kaktus_rot.jpg\" rel=\"lyteshow-\"><figure><img src=\"http:\/\/hintz.bplaced.net\/images\/2011\/07\/kaktus_rot-140x140.jpg\" width=\"140\" height=\"140\" alt=\"Kaktus\"><figcaption><h1>Rot<\/h1><h2><\/h2><p><\/p><\/figcaption><\/figure><\/a><a class=\"col w2\" href=\"http:\/\/hintz.bplaced.net\/de\/fotos\/botanik\/kakteen\/attachment\/kaktus_gelb\/\" data-src=\"http:\/\/hintz.bplaced.net\/images\/2011\/07\/kaktus_gelb.jpg\" rel=\"lyteshow-\"><figure><img src=\"http:\/\/hintz.bplaced.net\/images\/2011\/07\/kaktus_gelb-140x140.jpg\" width=\"140\" height=\"140\" alt=\"Kaktus\"><figcaption><h1>Gelb<\/h1><h2><\/h2><p><\/p><\/figcaption><\/figure><\/a><a class=\"col w2\" href=\"http:\/\/hintz.bplaced.net\/de\/fotos\/botanik\/kakteen\/attachment\/kaktus_weiss_rot\/\" data-src=\"http:\/\/hintz.bplaced.net\/images\/2011\/07\/kaktus_weiss_rot.jpg\" rel=\"lyteshow-\"><figure><img src=\"http:\/\/hintz.bplaced.net\/images\/2011\/07\/kaktus_weiss_rot-140x140.jpg\" width=\"140\" height=\"140\" alt=\"Warzenkaktus\"><figcaption><h1>Mammillaria<\/h1><h2>Mammillaria<\/h2><p><\/p><\/figcaption><\/figure><\/a><a class=\"col w2\" href=\"http:\/\/hintz.bplaced.net\/de\/fotos\/botanik\/kakteen\/attachment\/kaktus_weiss_rosa\/\" data-src=\"http:\/\/hintz.bplaced.net\/images\/2011\/07\/kaktus_weiss_rosa.jpg\" rel=\"lyteshow-\"><figure><img src=\"http:\/\/hintz.bplaced.net\/images\/2011\/07\/kaktus_weiss_rosa-140x140.jpg\" width=\"140\" height=\"140\" alt=\"Echinopsis Hybride\"><figcaption><h1>Echinopsis<\/h1><h2><\/h2><p><\/p><\/figcaption><\/figure><\/a><a class=\"col w2\" href=\"http:\/\/hintz.bplaced.net\/de\/fotos\/botanik\/kakteen\/attachment\/kaktus_rosa\/\" data-src=\"http:\/\/hintz.bplaced.net\/images\/2011\/07\/kaktus_rosa.jpg\" rel=\"lyteshow-\"><figure><img src=\"http:\/\/hintz.bplaced.net\/images\/2011\/07\/kaktus_rosa-140x140.jpg\" width=\"140\" height=\"140\" alt=\"Kaktus\"><figcaption><h1>Rosa<\/h1><h2><\/h2><p><\/p><\/figcaption><\/figure><\/a><a class=\"col w2\" href=\"http:\/\/hintz.bplaced.net\/de\/fotos\/botanik\/kakteen\/attachment\/kaktus_orange2\/\" data-src=\"http:\/\/hintz.bplaced.net\/images\/2011\/07\/kaktus_orange2.jpg\" rel=\"lyteshow-\"><figure><img src=\"http:\/\/hintz.bplaced.net\/images\/2011\/07\/kaktus_orange2-140x140.jpg\" width=\"140\" height=\"140\"><figcaption><h1>Parodia<\/h1><h2><\/h2><p><\/p><\/figcaption><\/figure><\/a><a class=\"col w2\" href=\"http:\/\/hintz.bplaced.net\/de\/fotos\/botanik\/kakteen\/attachment\/kaktus_gelb3\/\" data-src=\"http:\/\/hintz.bplaced.net\/images\/2011\/07\/kaktus_gelb3.jpg\" rel=\"lyteshow-\"><figure><img src=\"http:\/\/hintz.bplaced.net\/images\/2011\/07\/kaktus_gelb3-140x140.jpg\" width=\"140\" height=\"140\" alt=\"Feigenkaktus\"><figcaption><h1>Opuntia<\/h1><h2>Opuntia<\/h2><p><\/p><\/figcaption><\/figure><\/a><a class=\"col w2\" href=\"http:\/\/hintz.bplaced.net\/de\/fotos\/botanik\/kakteen\/attachment\/kaktus_blassgelb\/\" data-src=\"http:\/\/hintz.bplaced.net\/images\/2011\/07\/kaktus_blassgelb.jpg\" rel=\"lyteshow-\"><figure><img src=\"http:\/\/hintz.bplaced.net\/images\/2011\/07\/kaktus_blassgelb-140x140.jpg\" width=\"140\" height=\"140\"><figcaption><h1>Notocactus<\/h1><h2>Notocactus ottonis Berg. <\/h2><p>Heimat: S\u00fcd-Brasilien, Uruguay, Argentinien<\/p><\/figcaption><\/figure><\/a><a class=\"col w2\" href=\"http:\/\/hintz.bplaced.net\/de\/fotos\/botanik\/kakteen\/attachment\/kaktus_weiss_rose\/\" data-src=\"http:\/\/hintz.bplaced.net\/images\/2011\/07\/kaktus_weiss_rose.jpg\" rel=\"lyteshow-\"><figure><img src=\"http:\/\/hintz.bplaced.net\/images\/2011\/07\/kaktus_weiss_rose-140x140.jpg\" width=\"140\" height=\"140\" alt=\"Echinopsis Hybride\"><figcaption><h1>Echinopsis<\/h1><h2><\/h2><p><\/p><\/figcaption><\/figure><\/a><a class=\"col w2\" href=\"http:\/\/hintz.bplaced.net\/de\/fotos\/botanik\/kakteen\/attachment\/mammillaria\/\" data-src=\"http:\/\/hintz.bplaced.net\/images\/2011\/07\/mammillaria.jpg\" rel=\"lyteshow-\"><figure><img src=\"http:\/\/hintz.bplaced.net\/images\/2011\/07\/mammillaria-140x140.jpg\" width=\"140\" height=\"140\"><figcaption><h1>Mammillaria<\/h1><h2><\/h2><p><\/p><\/figcaption><\/figure><\/a><a class=\"col w2\" href=\"http:\/\/hintz.bplaced.net\/de\/fotos\/botanik\/kakteen\/attachment\/grandiflora\/\" data-src=\"http:\/\/hintz.bplaced.net\/images\/2011\/07\/grandiflora.jpg\" rel=\"lyteshow-\"><figure><img src=\"http:\/\/hintz.bplaced.net\/images\/2011\/07\/grandiflora-140x140.jpg\" width=\"140\" height=\"140\"><figcaption><h1>Mammillaria<\/h1><h2><\/h2><p><\/p><\/figcaption><\/figure><\/a><a class=\"col w2\" href=\"http:\/\/hintz.bplaced.net\/de\/fotos\/botanik\/kakteen\/attachment\/arachnacantha\/\" data-src=\"http:\/\/hintz.bplaced.net\/images\/2011\/07\/arachnacantha.jpg\" rel=\"lyteshow-\"><figure><img src=\"http:\/\/hintz.bplaced.net\/images\/2011\/07\/arachnacantha-140x140.jpg\" width=\"140\" height=\"140\" alt=\"Lobivia Arachnacantha\"><figcaption><h1>Arachnacantha<\/h1><h2><\/h2><p><\/p><\/figcaption><\/figure><\/a><a class=\"col w2\" href=\"http:\/\/hintz.bplaced.net\/de\/fotos\/botanik\/kakteen\/attachment\/binghamiana\/\" data-src=\"http:\/\/hintz.bplaced.net\/images\/2011\/07\/binghamiana.jpg\" rel=\"lyteshow-\"><figure><img src=\"http:\/\/hintz.bplaced.net\/images\/2011\/07\/binghamiana-140x140.jpg\" width=\"140\" height=\"140\" alt=\"Lobivia Binghamiana\"><figcaption><h1>Binghamiana<\/h1><h2><\/h2><p><\/p><\/figcaption><\/figure><\/a><a class=\"col w2\" href=\"http:\/\/hintz.bplaced.net\/de\/fotos\/botanik\/kakteen\/attachment\/chionocephala\/\" data-src=\"http:\/\/hintz.bplaced.net\/images\/2011\/07\/chionocephala.jpg\" rel=\"lyteshow-\"><figure><img src=\"http:\/\/hintz.bplaced.net\/images\/2011\/07\/chionocephala-140x140.jpg\" width=\"140\" height=\"140\" alt=\"Mammiliaria Chinocephala\"><figcaption><h1>Chinocephala<\/h1><h2><\/h2><p><\/p><\/figcaption><\/figure><\/a><a class=\"col w2\" href=\"http:\/\/hintz.bplaced.net\/de\/fotos\/botanik\/kakteen\/attachment\/compressa\/\" data-src=\"http:\/\/hintz.bplaced.net\/images\/2011\/07\/compressa.jpg\" rel=\"lyteshow-\"><figure><img src=\"http:\/\/hintz.bplaced.net\/images\/2011\/07\/compressa-140x140.jpg\" width=\"140\" height=\"140\" alt=\"Mammiliaria Compressa\"><figcaption><h1>Compressa<\/h1><h2><\/h2><p><\/p><\/figcaption><\/figure><\/a><a class=\"col w2\" href=\"http:\/\/hintz.bplaced.net\/de\/fotos\/botanik\/kakteen\/attachment\/dickblatt\/\" data-src=\"http:\/\/hintz.bplaced.net\/images\/2011\/07\/dickblatt.jpg\" rel=\"lyteshow-\"><figure><img src=\"http:\/\/hintz.bplaced.net\/images\/2011\/07\/dickblatt-140x140.jpg\" width=\"140\" height=\"140\"><figcaption><h1>Sukkulent<\/h1><h2><\/h2><p><\/p><\/figcaption><\/figure><\/a><a class=\"col w2\" href=\"http:\/\/hintz.bplaced.net\/de\/fotos\/botanik\/kakteen\/attachment\/fragrans\/\" data-src=\"http:\/\/hintz.bplaced.net\/images\/2011\/07\/fragrans.jpg\" rel=\"lyteshow-\"><figure><img src=\"http:\/\/hintz.bplaced.net\/images\/2011\/07\/fragrans-140x140.jpg\" width=\"140\" height=\"140\" alt=\"Glottiphyllum Fragans\"><figcaption><h1>Fragans<\/h1><h2>Aizoaceae<\/h2><p><\/p><\/figcaption><\/figure><\/a><a class=\"col w2\" href=\"http:\/\/hintz.bplaced.net\/de\/fotos\/botanik\/kakteen\/attachment\/magnimamma\/\" data-src=\"http:\/\/hintz.bplaced.net\/images\/2011\/07\/magnimamma.jpg\" rel=\"lyteshow-\"><figure><img src=\"http:\/\/hintz.bplaced.net\/images\/2011\/07\/magnimamma-140x140.jpg\" width=\"140\" height=\"140\" alt=\"Mammiliaria Manimamma\"><figcaption><h1>Manimamma<\/h1><h2><\/h2><p><\/p><\/figcaption><\/figure><\/a><a class=\"col w2\" href=\"http:\/\/hintz.bplaced.net\/de\/fotos\/botanik\/kakteen\/attachment\/microsperma\/\" data-src=\"http:\/\/hintz.bplaced.net\/images\/2011\/07\/microsperma.jpg\" rel=\"lyteshow-\"><figure><img src=\"http:\/\/hintz.bplaced.net\/images\/2011\/07\/microsperma-140x140.jpg\" width=\"140\" height=\"140\" alt=\"Parodia Microsperma\"><figcaption><h1>Microsperma<\/h1><h2><\/h2><p><\/p><\/figcaption><\/figure><\/a><a class=\"col w2\" href=\"http:\/\/hintz.bplaced.net\/de\/fotos\/botanik\/kakteen\/attachment\/opuntia\/\" data-src=\"http:\/\/hintz.bplaced.net\/images\/2011\/07\/opuntia.jpg\" rel=\"lyteshow-\"><figure><img src=\"http:\/\/hintz.bplaced.net\/images\/2011\/07\/opuntia-140x140.jpg\" width=\"140\" height=\"140\"><figcaption><h1>Opuntia<\/h1><h2><\/h2><p><\/p><\/figcaption><\/figure><\/a><a class=\"col w2\" href=\"http:\/\/hintz.bplaced.net\/de\/fotos\/botanik\/kakteen\/attachment\/pentalophus\/\" data-src=\"http:\/\/hintz.bplaced.net\/images\/2011\/07\/pentalophus.jpg\" rel=\"lyteshow-\"><figure><img src=\"http:\/\/hintz.bplaced.net\/images\/2011\/07\/pentalophus-140x140.jpg\" width=\"140\" height=\"140\" alt=\"Echinocereus Pentalophus\"><figcaption><h1>Pentalophus<\/h1><h2><\/h2><p><\/p><\/figcaption><\/figure><\/a><a class=\"col w2\" href=\"http:\/\/hintz.bplaced.net\/de\/fotos\/botanik\/kakteen\/attachment\/prolifera\/\" data-src=\"http:\/\/hintz.bplaced.net\/images\/2011\/07\/prolifera.jpg\" rel=\"lyteshow-\"><figure><img src=\"http:\/\/hintz.bplaced.net\/images\/2011\/07\/prolifera-140x140.jpg\" width=\"140\" height=\"140\" alt=\"Mammiliaria Prolifera\"><figcaption><h1>Prolifera<\/h1><h2><\/h2><p><\/p><\/figcaption><\/figure><\/a><a class=\"col w2\" href=\"http:\/\/hintz.bplaced.net\/de\/fotos\/botanik\/kakteen\/attachment\/pseudoperbella\/\" data-src=\"http:\/\/hintz.bplaced.net\/images\/2011\/07\/pseudoperbella.jpg\" rel=\"lyteshow-\"><figure><img src=\"http:\/\/hintz.bplaced.net\/images\/2011\/07\/pseudoperbella-140x140.jpg\" width=\"140\" height=\"140\" alt=\"Mammiliaria Pseudoperbella\"><figcaption><h1>Pseudoperbella<\/h1><h2><\/h2><p><\/p><\/figcaption><\/figure><\/a><a class=\"col w2\" href=\"http:\/\/hintz.bplaced.net\/de\/fotos\/botanik\/kakteen\/attachment\/rosa\/\" data-src=\"http:\/\/hintz.bplaced.net\/images\/2011\/07\/rosa.jpg\" rel=\"lyteshow-\"><figure><img src=\"http:\/\/hintz.bplaced.net\/images\/2011\/07\/rosa-140x140.jpg\" width=\"140\" height=\"140\" alt=\"Kaktus\"><figcaption><h1>Rosa<\/h1><h2><\/h2><p><\/p><\/figcaption><\/figure><\/a><a class=\"col w2\" href=\"http:\/\/hintz.bplaced.net\/de\/fotos\/botanik\/kakteen\/attachment\/spinniflorum\/\" data-src=\"http:\/\/hintz.bplaced.net\/images\/2011\/07\/spinniflorum.jpg\" rel=\"lyteshow-\"><figure><img src=\"http:\/\/hintz.bplaced.net\/images\/2011\/07\/spinniflorum-140x140.jpg\" width=\"140\" height=\"140\" alt=\"Acanthocalycium Spiniflorum\"><figcaption><h1>Spiniflorum<\/h1><h2><\/h2><p><\/p><\/figcaption><\/figure><\/a><\/div>\n<p><strong>Dom\u00e4ne<\/strong>: Eukaryota (Eukaryoten)<\/p>\n<p><strong>Reich<\/strong>: Plantae (Pflanzen)<\/p>\n<p><strong>Unterreich<\/strong>: Tracheobionta (Gef\u00e4\u00dfpflanzen)<\/p>\n<p><strong>\u00dcberabteilung<\/strong>: Spermatophyta (Samenpflanzen)<\/p>\n<p><strong>Abteilung<\/strong>: Magnoliophyta (Bedecktsamer, Bl\u00fctenpflanzen)<\/p>\n<p><strong>Klasse<\/strong>: Rosopsida (Dreifurchenpollen-Zweikeimbl\u00e4ttrige)<\/p>\n<p><strong>Unterklasse<\/strong>: Caryophyllidae (Nelken\u00e4hnliche)<\/p>\n<p><strong>Ordnung<\/strong>: Caryophyllales (Nelkenartige)<\/p>\n<p><strong>Familie<\/strong>: Cactaceae (Kakteen)<\/p>\n<p>Kakteen werden weiter in vier Unterfamilien unterteilt:<br \/>\nPereskioideae (Laubkakteen),<br \/>\nOpuntioideae (Feigenkakteen),<br \/>\nCactoideae (Eigentlichen Kakteen) und Maihuenioideae<\/p>","protected":false},"excerpt":{"rendered":"<p>Kakteenbl\u00fcten Dom\u00e4ne: Eukaryota (Eukaryoten) Reich: Plantae (Pflanzen) Unterreich: Tracheobionta (Gef\u00e4\u00dfpflanzen) \u00dcberabteilung: Spermatophyta (Samenpflanzen) Abteilung: Magnoliophyta (Bedecktsamer, Bl\u00fctenpflanzen) Klasse: Rosopsida (Dreifurchenpollen-Zweikeimbl\u00e4ttrige) Unterklasse: Caryophyllidae (Nelken\u00e4hnliche) Ordnung: Caryophyllales (Nelkenartige) Familie: Cactaceae (Kakteen) Kakteen werden weiter in vier Unterfamilien unterteilt: Pereskioideae (Laubkakteen), Opuntioideae (Feigenkakteen), Cactoideae (Eigentlichen Kakteen) und Maihuenioideae<\/p>\n","protected":false},"author":1,"featured_media":483,"parent":60,"menu_order":2,"comment_status":"open","ping_status":"open","template":"","meta":[],"_links":{"self":[{"href":"http:\/\/hintz.bplaced.net\/de\/wp-json\/wp\/v2\/pages\/85"}],"collection":[{"href":"http:\/\/hintz.bplaced.net\/de\/wp-json\/wp\/v2\/pages"}],"about":[{"href":"http:\/\/hintz.bplaced.net\/de\/wp-json\/wp\/v2\/types\/page"}],"author":[{"embeddable":true,"href":"http:\/\/hintz.bplaced.net\/de\/wp-json\/wp\/v2\/users\/1"}],"replies":[{"embeddable":true,"href":"http:\/\/hintz.bplaced.net\/de\/wp-json\/wp\/v2\/comments?post=85"}],"version-history":[{"count":8,"href":"http:\/\/hintz.bplaced.net\/de\/wp-json\/wp\/v2\/pages\/85\/revisions"}],"predecessor-version":[{"id":2199,"href":"http:\/\/hintz.bplaced.net\/de\/wp-json\/wp\/v2\/pages\/85\/revisions\/2199"}],"up":[{"embeddable":true,"href":"http:\/\/hintz.bplaced.net\/de\/wp-json\/wp\/v2\/pages\/60"}],"wp:featuredmedia":[{"embeddable":true,"href":"http:\/\/hintz.bplaced.net\/de\/wp-json\/wp\/v2\/media\/483"}],"wp:attachment":[{"href":"http:\/\/hintz.bplaced.net\/de\/wp-json\/wp\/v2\/media?parent=85"}],"curies":[{"name":"wp","href":"https:\/\/api.w.org\/{rel}","templated":true}]}}