{"id":87,"date":"2011-07-11T21:21:50","date_gmt":"2011-07-11T19:21:50","guid":{"rendered":"http:\/\/hintz.bplaced.net\/?page_id=87"},"modified":"2011-07-30T21:40:55","modified_gmt":"2011-07-30T19:40:55","slug":"dahlien","status":"publish","type":"page","link":"http:\/\/hintz.bplaced.net\/de\/fotos\/botanik\/dahlien\/","title":{"rendered":"Dahlien"},"content":{"rendered":"<p><\/p>\n<h1>Dahlien<\/h1>\n<div class=\"col w8\"><a class=\"col w2\" href=\"http:\/\/hintz.bplaced.net\/de\/fotos\/botanik\/dahlien\/attachment\/dahlie_blass_orange_gelb3\/\" data-src=\"http:\/\/hintz.bplaced.net\/images\/2011\/07\/dahlie_blass_orange_gelb3.jpg\" rel=\"lyteshow-\"><figure><img src=\"http:\/\/hintz.bplaced.net\/images\/2011\/07\/dahlie_blass_orange_gelb3-140x140.jpg\" width=\"140\" height=\"140\"><figcaption><h1>Blassorange-Gelb<\/h1><h2>Dahlie<\/h2><p><\/p><\/figcaption><\/figure><\/a><a class=\"col w2\" href=\"http:\/\/hintz.bplaced.net\/de\/fotos\/botanik\/dahlien\/attachment\/dahlie_orange_gelb\/\" data-src=\"http:\/\/hintz.bplaced.net\/images\/2011\/07\/dahlie_orange_gelb.jpg\" rel=\"lyteshow-\"><figure><img src=\"http:\/\/hintz.bplaced.net\/images\/2011\/07\/dahlie_orange_gelb-140x140.jpg\" width=\"140\" height=\"140\"><figcaption><h1>Orange-Gelb<\/h1><h2>Dahlie<\/h2><p><\/p><\/figcaption><\/figure><\/a><a class=\"col w2\" href=\"http:\/\/hintz.bplaced.net\/de\/fotos\/botanik\/dahlien\/attachment\/dahlie_blass_lila\/\" data-src=\"http:\/\/hintz.bplaced.net\/images\/2011\/07\/dahlie_blass_lila.jpg\" rel=\"lyteshow-\"><figure><img src=\"http:\/\/hintz.bplaced.net\/images\/2011\/07\/dahlie_blass_lila-140x140.jpg\" width=\"140\" height=\"140\"><figcaption><h1>Blasslila<\/h1><h2>Dahlie<\/h2><p><\/p><\/figcaption><\/figure><\/a><a class=\"col w2\" href=\"http:\/\/hintz.bplaced.net\/de\/fotos\/botanik\/dahlien\/attachment\/dahlie_weiss\/\" data-src=\"http:\/\/hintz.bplaced.net\/images\/2011\/07\/dahlie_weiss.jpg\" rel=\"lyteshow-\"><figure><img src=\"http:\/\/hintz.bplaced.net\/images\/2011\/07\/dahlie_weiss-140x140.jpg\" width=\"140\" height=\"140\"><figcaption><h1>Wei\u00df<\/h1><h2>Dahlie<\/h2><p><\/p><\/figcaption><\/figure><\/a><a class=\"col w2\" href=\"http:\/\/hintz.bplaced.net\/de\/fotos\/botanik\/dahlien\/attachment\/dahlie_blass_orange_gelb\/\" data-src=\"http:\/\/hintz.bplaced.net\/images\/2011\/07\/dahlie_blass_orange_gelb.jpg\" rel=\"lyteshow-\"><figure><img src=\"http:\/\/hintz.bplaced.net\/images\/2011\/07\/dahlie_blass_orange_gelb-140x140.jpg\" width=\"140\" height=\"140\"><figcaption><h1>Blassorange<\/h1><h2>Dahlie<\/h2><p><\/p><\/figcaption><\/figure><\/a><a class=\"col w2\" href=\"http:\/\/hintz.bplaced.net\/de\/fotos\/botanik\/dahlien\/attachment\/dahlie_rot_gelb\/\" data-src=\"http:\/\/hintz.bplaced.net\/images\/2011\/07\/dahlie_rot_gelb.jpg\" rel=\"lyteshow-\"><figure><img src=\"http:\/\/hintz.bplaced.net\/images\/2011\/07\/dahlie_rot_gelb-140x140.jpg\" width=\"140\" height=\"140\"><figcaption><h1>Rot-Gelb<\/h1><h2>Dahlie<\/h2><p><\/p><\/figcaption><\/figure><\/a><a class=\"col w2\" href=\"http:\/\/hintz.bplaced.net\/de\/fotos\/botanik\/dahlien\/attachment\/dahlie_hell_gelb\/\" data-src=\"http:\/\/hintz.bplaced.net\/images\/2011\/07\/dahlie_hell_gelb.jpg\" rel=\"lyteshow-\"><figure><img src=\"http:\/\/hintz.bplaced.net\/images\/2011\/07\/dahlie_hell_gelb-140x140.jpg\" width=\"140\" height=\"140\"><figcaption><h1>Hellgelb<\/h1><h2>Dahlie<\/h2><p><\/p><\/figcaption><\/figure><\/a><a class=\"col w2\" href=\"http:\/\/hintz.bplaced.net\/de\/fotos\/botanik\/dahlien\/attachment\/dahlie_weiss_rot\/\" data-src=\"http:\/\/hintz.bplaced.net\/images\/2011\/07\/dahlie_weiss_rot.jpg\" rel=\"lyteshow-\"><figure><img src=\"http:\/\/hintz.bplaced.net\/images\/2011\/07\/dahlie_weiss_rot-140x140.jpg\" width=\"140\" height=\"140\"><figcaption><h1>Wei\u00df-Rot<\/h1><h2>Dahlie<\/h2><p><\/p><\/figcaption><\/figure><\/a><a class=\"col w2\" href=\"http:\/\/hintz.bplaced.net\/de\/fotos\/botanik\/dahlien\/attachment\/dahlie_dunkel_rot\/\" data-src=\"http:\/\/hintz.bplaced.net\/images\/2011\/07\/dahlie_dunkel_rot.jpg\" rel=\"lyteshow-\"><figure><img src=\"http:\/\/hintz.bplaced.net\/images\/2011\/07\/dahlie_dunkel_rot-140x140.jpg\" width=\"140\" height=\"140\"><figcaption><h1>Dunkelrot<\/h1><h2>Dahlie<\/h2><p><\/p><\/figcaption><\/figure><\/a><a class=\"col w2\" href=\"http:\/\/hintz.bplaced.net\/de\/fotos\/botanik\/dahlien\/attachment\/dahlie_violett\/\" data-src=\"http:\/\/hintz.bplaced.net\/images\/2011\/07\/dahlie_violett.jpg\" rel=\"lyteshow-\"><figure><img src=\"http:\/\/hintz.bplaced.net\/images\/2011\/07\/dahlie_violett-140x140.jpg\" width=\"140\" height=\"140\"><figcaption><h1>Violett<\/h1><h2>Dahlie<\/h2><p><\/p><\/figcaption><\/figure><\/a><a class=\"col w2\" href=\"http:\/\/hintz.bplaced.net\/de\/fotos\/botanik\/dahlien\/attachment\/dahlie_weiss_rot_\/\" data-src=\"http:\/\/hintz.bplaced.net\/images\/2011\/07\/dahlie_weiss_rot_.jpg\" rel=\"lyteshow-\"><figure><img src=\"http:\/\/hintz.bplaced.net\/images\/2011\/07\/dahlie_weiss_rot_-140x140.jpg\" width=\"140\" height=\"140\"><figcaption><h1>Wei\u00df-Rot<\/h1><h2>Dahlie<\/h2><p><\/p><\/figcaption><\/figure><\/a><a class=\"col w2\" href=\"http:\/\/hintz.bplaced.net\/de\/fotos\/botanik\/dahlien\/attachment\/dahlie_lila_gelb\/\" data-src=\"http:\/\/hintz.bplaced.net\/images\/2011\/07\/dahlie_lila_gelb.jpg\" rel=\"lyteshow-\"><figure><img src=\"http:\/\/hintz.bplaced.net\/images\/2011\/07\/dahlie_lila_gelb-140x140.jpg\" width=\"140\" height=\"140\"><figcaption><h1>Lila-Gelb<\/h1><h2>Dahlie<\/h2><p><\/p><\/figcaption><\/figure><\/a><a class=\"col w2\" href=\"http:\/\/hintz.bplaced.net\/de\/fotos\/botanik\/dahlien\/attachment\/dahlie_blass_orange\/\" data-src=\"http:\/\/hintz.bplaced.net\/images\/2011\/07\/dahlie_blass_orange.jpg\" rel=\"lyteshow-\"><figure><img src=\"http:\/\/hintz.bplaced.net\/images\/2011\/07\/dahlie_blass_orange-140x140.jpg\" width=\"140\" height=\"140\"><figcaption><h1>Blassorange<\/h1><h2>Dahlie<\/h2><p><\/p><\/figcaption><\/figure><\/a><a class=\"col w2\" href=\"http:\/\/hintz.bplaced.net\/de\/fotos\/botanik\/dahlien\/attachment\/dahlie_rosa_gelb\/\" data-src=\"http:\/\/hintz.bplaced.net\/images\/2011\/07\/dahlie_rosa_gelb.jpg\" rel=\"lyteshow-\"><figure><img src=\"http:\/\/hintz.bplaced.net\/images\/2011\/07\/dahlie_rosa_gelb-140x140.jpg\" width=\"140\" height=\"140\"><figcaption><h1>Rosa-Gelb<\/h1><h2>Dahlie<\/h2><p><\/p><\/figcaption><\/figure><\/a><a class=\"col w2\" href=\"http:\/\/hintz.bplaced.net\/de\/fotos\/botanik\/dahlien\/attachment\/dahlie_gelb_fransen\/\" data-src=\"http:\/\/hintz.bplaced.net\/images\/2011\/07\/dahlie_gelb_fransen.jpg\" rel=\"lyteshow-\"><figure><img src=\"http:\/\/hintz.bplaced.net\/images\/2011\/07\/dahlie_gelb_fransen-140x140.jpg\" width=\"140\" height=\"140\"><figcaption><h1>Gelb<\/h1><h2>Dahlie<\/h2><p><\/p><\/figcaption><\/figure><\/a><a class=\"col w2\" href=\"http:\/\/hintz.bplaced.net\/de\/fotos\/botanik\/dahlien\/attachment\/dahlie_rot_tropfen\/\" data-src=\"http:\/\/hintz.bplaced.net\/images\/2011\/07\/dahlie_rot_tropfen.jpg\" rel=\"lyteshow-\"><figure><img src=\"http:\/\/hintz.bplaced.net\/images\/2011\/07\/dahlie_rot_tropfen-140x140.jpg\" width=\"140\" height=\"140\"><figcaption><h1>Rot<\/h1><h2>Dahlie<\/h2><p><\/p><\/figcaption><\/figure><\/a><a class=\"col w2\" href=\"http:\/\/hintz.bplaced.net\/de\/fotos\/botanik\/dahlien\/attachment\/dahlie_blass_gelb\/\" data-src=\"http:\/\/hintz.bplaced.net\/images\/2011\/07\/dahlie_blass_gelb.jpg\" rel=\"lyteshow-\"><figure><img src=\"http:\/\/hintz.bplaced.net\/images\/2011\/07\/dahlie_blass_gelb-140x140.jpg\" width=\"140\" height=\"140\"><figcaption><h1>Blassgelb<\/h1><h2>Dahlie<\/h2><p><\/p><\/figcaption><\/figure><\/a><a class=\"col w2\" href=\"http:\/\/hintz.bplaced.net\/de\/fotos\/botanik\/dahlien\/attachment\/dahlie_rot_spitz\/\" data-src=\"http:\/\/hintz.bplaced.net\/images\/2011\/07\/dahlie_rot_spitz.jpg\" rel=\"lyteshow-\"><figure><img src=\"http:\/\/hintz.bplaced.net\/images\/2011\/07\/dahlie_rot_spitz-140x140.jpg\" width=\"140\" height=\"140\"><figcaption><h1>Rot<\/h1><h2>Dahlie<\/h2><p><\/p><\/figcaption><\/figure><\/a><a class=\"col w2\" href=\"http:\/\/hintz.bplaced.net\/de\/fotos\/botanik\/dahlien\/attachment\/dahlie_rosarot\/\" data-src=\"http:\/\/hintz.bplaced.net\/images\/2011\/07\/dahlie_rosarot.jpg\" rel=\"lyteshow-\"><figure><img src=\"http:\/\/hintz.bplaced.net\/images\/2011\/07\/dahlie_rosarot-140x140.jpg\" width=\"140\" height=\"140\"><figcaption><h1>Rosarot<\/h1><h2>Dahlie<\/h2><p><\/p><\/figcaption><\/figure><\/a><a class=\"col w2\" href=\"http:\/\/hintz.bplaced.net\/de\/fotos\/botanik\/dahlien\/attachment\/dahlie_orange_rot_gelb\/\" data-src=\"http:\/\/hintz.bplaced.net\/images\/2011\/07\/dahlie_orange_rot_gelb.jpg\" rel=\"lyteshow-\"><figure><img src=\"http:\/\/hintz.bplaced.net\/images\/2011\/07\/dahlie_orange_rot_gelb-140x140.jpg\" width=\"140\" height=\"140\"><figcaption><h1>Orange-Rot-Gelb<\/h1><h2>Dahlie<\/h2><p><\/p><\/figcaption><\/figure><\/a><a class=\"col w2\" href=\"http:\/\/hintz.bplaced.net\/de\/fotos\/botanik\/dahlien\/attachment\/dahlie_orange\/\" data-src=\"http:\/\/hintz.bplaced.net\/images\/2011\/07\/dahlie_orange.jpg\" rel=\"lyteshow-\"><figure><img src=\"http:\/\/hintz.bplaced.net\/images\/2011\/07\/dahlie_orange-140x140.jpg\" width=\"140\" height=\"140\"><figcaption><h1>Orange<\/h1><h2>Dahlie<\/h2><p><\/p><\/figcaption><\/figure><\/a><a class=\"col w2\" href=\"http:\/\/hintz.bplaced.net\/de\/fotos\/botanik\/dahlien\/attachment\/dahlie_hell_violett\/\" data-src=\"http:\/\/hintz.bplaced.net\/images\/2011\/07\/dahlie_hell_violett.jpg\" rel=\"lyteshow-\"><figure><img src=\"http:\/\/hintz.bplaced.net\/images\/2011\/07\/dahlie_hell_violett-140x140.jpg\" width=\"140\" height=\"140\"><figcaption><h1>Hellviolett<\/h1><h2>Dahlie<\/h2><p><\/p><\/figcaption><\/figure><\/a><a class=\"col w2\" href=\"http:\/\/hintz.bplaced.net\/de\/fotos\/botanik\/dahlien\/attachment\/dahlie_gelb\/\" data-src=\"http:\/\/hintz.bplaced.net\/images\/2011\/07\/dahlie_gelb.jpg\" rel=\"lyteshow-\"><figure><img src=\"http:\/\/hintz.bplaced.net\/images\/2011\/07\/dahlie_gelb-140x140.jpg\" width=\"140\" height=\"140\"><figcaption><h1>Gelb<\/h1><h2>Dahlie<\/h2><p><\/p><\/figcaption><\/figure><\/a><a class=\"col w2\" href=\"http:\/\/hintz.bplaced.net\/de\/fotos\/botanik\/dahlien\/attachment\/dahlie_rot\/\" data-src=\"http:\/\/hintz.bplaced.net\/images\/2011\/07\/dahlie_rot.jpg\" rel=\"lyteshow-\"><figure><img src=\"http:\/\/hintz.bplaced.net\/images\/2011\/07\/dahlie_rot-140x140.jpg\" width=\"140\" height=\"140\"><figcaption><h1>Rot<\/h1><h2>Dahlie<\/h2><p><\/p><\/figcaption><\/figure><\/a><a class=\"col w2\" href=\"http:\/\/hintz.bplaced.net\/de\/fotos\/botanik\/dahlien\/attachment\/dahlie_blass_orange_gelb2\/\" data-src=\"http:\/\/hintz.bplaced.net\/images\/2011\/07\/dahlie_blass_orange_gelb2.jpg\" rel=\"lyteshow-\"><figure><img src=\"http:\/\/hintz.bplaced.net\/images\/2011\/07\/dahlie_blass_orange_gelb2-140x140.jpg\" width=\"140\" height=\"140\"><figcaption><h1>Blassorangegelb<\/h1><h2>Dahlie<\/h2><p><\/p><\/figcaption><\/figure><\/a><a class=\"col w2\" href=\"http:\/\/hintz.bplaced.net\/de\/fotos\/botanik\/dahlien\/attachment\/dahlie_rot2\/\" data-src=\"http:\/\/hintz.bplaced.net\/images\/2011\/07\/dahlie_rot2.jpg\" rel=\"lyteshow-\"><figure><img src=\"http:\/\/hintz.bplaced.net\/images\/2011\/07\/dahlie_rot2-140x140.jpg\" width=\"140\" height=\"140\"><figcaption><h1>Rot<\/h1><h2>Dahlie<\/h2><p><\/p><\/figcaption><\/figure><\/a><a class=\"col w2\" href=\"http:\/\/hintz.bplaced.net\/de\/fotos\/botanik\/dahlien\/attachment\/dahlie_weiss_rot_gelb\/\" data-src=\"http:\/\/hintz.bplaced.net\/images\/2011\/07\/dahlie_weiss_rot_gelb.jpg\" rel=\"lyteshow-\"><figure><img src=\"http:\/\/hintz.bplaced.net\/images\/2011\/07\/dahlie_weiss_rot_gelb-140x140.jpg\" width=\"140\" height=\"140\"><figcaption><h1>Wei\u00df-Rot-Gelb<\/h1><h2>Dahlie<\/h2><p><\/p><\/figcaption><\/figure><\/a><a class=\"col w2\" href=\"http:\/\/hintz.bplaced.net\/de\/fotos\/botanik\/dahlien\/attachment\/dahlie_rot_weiss\/\" data-src=\"http:\/\/hintz.bplaced.net\/images\/2011\/07\/dahlie_rot_weiss.jpg\" rel=\"lyteshow-\"><figure><img src=\"http:\/\/hintz.bplaced.net\/images\/2011\/07\/dahlie_rot_weiss-140x140.jpg\" width=\"140\" height=\"140\"><figcaption><h1>Rot-Wei\u00df<\/h1><h2>Dahlie<\/h2><p><\/p><\/figcaption><\/figure><\/a><a class=\"col w2\" href=\"http:\/\/hintz.bplaced.net\/de\/fotos\/botanik\/dahlien\/attachment\/dahlie_lila_weiss\/\" data-src=\"http:\/\/hintz.bplaced.net\/images\/2011\/07\/dahlie_lila_weiss.jpg\" rel=\"lyteshow-\"><figure><img src=\"http:\/\/hintz.bplaced.net\/images\/2011\/07\/dahlie_lila_weiss-140x140.jpg\" width=\"140\" height=\"140\"><figcaption><h1>Lila-Wei\u00df<\/h1><h2>Dahlie<\/h2><p><\/p><\/figcaption><\/figure><\/a><a class=\"col w2\" href=\"http:\/\/hintz.bplaced.net\/de\/fotos\/botanik\/dahlien\/attachment\/dahlie_lila_gelb_schwarz\/\" data-src=\"http:\/\/hintz.bplaced.net\/images\/2011\/07\/dahlie_lila_gelb_schwarz.jpg\" rel=\"lyteshow-\"><figure><img src=\"http:\/\/hintz.bplaced.net\/images\/2011\/07\/dahlie_lila_gelb_schwarz-140x140.jpg\" width=\"140\" height=\"140\"><figcaption><h1>Lila-Gelb-Schwarz<\/h1><h2>Dahlie<\/h2><p><\/p><\/figcaption><\/figure><\/a><a class=\"col w2\" href=\"http:\/\/hintz.bplaced.net\/de\/fotos\/botanik\/dahlien\/attachment\/dahlie_rotviolett\/\" data-src=\"http:\/\/hintz.bplaced.net\/images\/2011\/07\/dahlie_rotviolett.jpg\" rel=\"lyteshow-\"><figure><img src=\"http:\/\/hintz.bplaced.net\/images\/2011\/07\/dahlie_rotviolett-140x140.jpg\" width=\"140\" height=\"140\"><figcaption><h1>Rotviolett<\/h1><h2>Dahlie<\/h2><p><\/p><\/figcaption><\/figure><\/a><a class=\"col w2\" href=\"http:\/\/hintz.bplaced.net\/de\/fotos\/botanik\/dahlien\/attachment\/dahlie_gelb_lila\/\" data-src=\"http:\/\/hintz.bplaced.net\/images\/2011\/07\/dahlie_gelb_lila.jpg\" rel=\"lyteshow-\"><figure><img src=\"http:\/\/hintz.bplaced.net\/images\/2011\/07\/dahlie_gelb_lila-140x140.jpg\" width=\"140\" height=\"140\"><figcaption><h1>Gelb-Lila<\/h1><h2>Dahlie<\/h2><p><\/p><\/figcaption><\/figure><\/a><a class=\"col w2\" href=\"http:\/\/hintz.bplaced.net\/de\/fotos\/botanik\/dahlien\/attachment\/dahlie_fransig\/\" data-src=\"http:\/\/hintz.bplaced.net\/images\/2011\/07\/dahlie_fransig.jpg\" rel=\"lyteshow-\"><figure><img src=\"http:\/\/hintz.bplaced.net\/images\/2011\/07\/dahlie_fransig-140x140.jpg\" width=\"140\" height=\"140\"><figcaption><h1>Fransig<\/h1><h2>Dahlie<\/h2><p><\/p><\/figcaption><\/figure><\/a><a class=\"col w2\" href=\"http:\/\/hintz.bplaced.net\/de\/fotos\/botanik\/dahlien\/attachment\/flammendrot\/\" data-src=\"http:\/\/hintz.bplaced.net\/images\/2011\/07\/flammendrot.jpg\" rel=\"lyteshow-\"><figure><img src=\"http:\/\/hintz.bplaced.net\/images\/2011\/07\/flammendrot-140x140.jpg\" width=\"140\" height=\"140\"><figcaption><h1>Rot<\/h1><h2>Dahlie<\/h2><p><\/p><\/figcaption><\/figure><\/a><a class=\"col w2\" href=\"http:\/\/hintz.bplaced.net\/de\/fotos\/botanik\/dahlien\/attachment\/rotgelb-3\/\" data-src=\"http:\/\/hintz.bplaced.net\/images\/2011\/07\/rotgelb2.jpg\" rel=\"lyteshow-\"><figure><img src=\"http:\/\/hintz.bplaced.net\/images\/2011\/07\/rotgelb2-140x140.jpg\" width=\"140\" height=\"140\"><figcaption><h1>Rot-Gelb<\/h1><h2>Dahlie<\/h2><p><\/p><\/figcaption><\/figure><\/a><a class=\"col w2\" href=\"http:\/\/hintz.bplaced.net\/de\/fotos\/botanik\/dahlien\/attachment\/rotgelbknospe\/\" data-src=\"http:\/\/hintz.bplaced.net\/images\/2011\/07\/rotgelbknospe.jpg\" rel=\"lyteshow-\"><figure><img src=\"http:\/\/hintz.bplaced.net\/images\/2011\/07\/rotgelbknospe-140x140.jpg\" width=\"140\" height=\"140\"><figcaption><h1>Rot-Gelb<\/h1><h2>Dahlie<\/h2><p><\/p><\/figcaption><\/figure><\/a><a class=\"col w2\" href=\"http:\/\/hintz.bplaced.net\/de\/fotos\/botanik\/dahlien\/attachment\/zartrosagelb\/\" data-src=\"http:\/\/hintz.bplaced.net\/images\/2011\/07\/zartrosagelb.jpg\" rel=\"lyteshow-\"><figure><img src=\"http:\/\/hintz.bplaced.net\/images\/2011\/07\/zartrosagelb-140x140.jpg\" width=\"140\" height=\"140\"><figcaption><h1>Rosa-Gelb<\/h1><h2>Dahlie<\/h2><p><\/p><\/figcaption><\/figure><\/a><a class=\"col w2\" href=\"http:\/\/hintz.bplaced.net\/de\/fotos\/botanik\/dahlien\/attachment\/apricot\/\" data-src=\"http:\/\/hintz.bplaced.net\/images\/2011\/07\/apricot.jpg\" rel=\"lyteshow-\"><figure><img src=\"http:\/\/hintz.bplaced.net\/images\/2011\/07\/apricot-140x140.jpg\" width=\"140\" height=\"140\"><figcaption><h1>Orange<\/h1><h2>Dahlie<\/h2><p><\/p><\/figcaption><\/figure><\/a><a class=\"col w2\" href=\"http:\/\/hintz.bplaced.net\/de\/fotos\/botanik\/dahlien\/attachment\/rotweissgestreift\/\" data-src=\"http:\/\/hintz.bplaced.net\/images\/2011\/07\/rotweissgestreift.jpg\" rel=\"lyteshow-\"><figure><img src=\"http:\/\/hintz.bplaced.net\/images\/2011\/07\/rotweissgestreift-140x140.jpg\" width=\"140\" height=\"140\"><figcaption><h1>Rot-Wei\u00df<\/h1><h2>Dahlie<\/h2><p><\/p><\/figcaption><\/figure><\/a><a class=\"col w2\" href=\"http:\/\/hintz.bplaced.net\/de\/fotos\/botanik\/dahlien\/attachment\/rotroehren\/\" data-src=\"http:\/\/hintz.bplaced.net\/images\/2011\/07\/rotroehren.jpg\" rel=\"lyteshow-\"><figure><img src=\"http:\/\/hintz.bplaced.net\/images\/2011\/07\/rotroehren-140x140.jpg\" width=\"140\" height=\"140\"><figcaption><h1>Rot<\/h1><h2>Dahlie<\/h2><p><\/p><\/figcaption><\/figure><\/a><a class=\"col w2\" href=\"http:\/\/hintz.bplaced.net\/de\/fotos\/botanik\/dahlien\/attachment\/weissroehren\/\" data-src=\"http:\/\/hintz.bplaced.net\/images\/2011\/07\/weissroehren.jpg\" rel=\"lyteshow-\"><figure><img src=\"http:\/\/hintz.bplaced.net\/images\/2011\/07\/weissroehren-140x140.jpg\" width=\"140\" height=\"140\"><figcaption><h1>Wei\u00df<\/h1><h2>Dahlie<\/h2><p><\/p><\/figcaption><\/figure><\/a><a class=\"col w2\" href=\"http:\/\/hintz.bplaced.net\/de\/fotos\/botanik\/dahlien\/attachment\/weissspitz\/\" data-src=\"http:\/\/hintz.bplaced.net\/images\/2011\/07\/weissspitz.jpg\" rel=\"lyteshow-\"><figure><img src=\"http:\/\/hintz.bplaced.net\/images\/2011\/07\/weissspitz-140x140.jpg\" width=\"140\" height=\"140\"><figcaption><h1>Wei\u00df<\/h1><h2>Dahlie<\/h2><p><\/p><\/figcaption><\/figure><\/a><\/div>\n<p><strong>Dom\u00e4ne<\/strong>: Eukaryota (Eukaryoten)<\/p>\n<p><strong>Reich<\/strong>: Plantae (Pflanzen)<\/p>\n<p><strong>Unterreich<\/strong>: Tracheobionta (Gef\u00e4\u00dfpflanzen)<\/p>\n<p><strong>\u00dcberabteilung<\/strong>: Spermatophyta (Samenpflanzen)<\/p>\n<p><strong>Abteilung<\/strong>: Magnoliophyta (Bedecktsamer, Bl\u00fctenpflanzen)<\/p>\n<p><strong>Klasse<\/strong>: Rosopsida (Dreifurchenpollen-Zweikeimbl\u00e4ttrige)<\/p>\n<p><strong>Unterklasse<\/strong>: Asteridae (Astern\u00e4hnliche)<\/p>\n<p><strong>Ordnung<\/strong>: Asterales (Asternartige)<\/p>\n<p><strong>Familie<\/strong>: Asteraceae (Korbbl\u00fctler)<\/p>\n<p><strong>Gattung<\/strong>: Dahlia (Dahlie)<\/p>","protected":false},"excerpt":{"rendered":"<p>Dahlien Dom\u00e4ne: Eukaryota (Eukaryoten) Reich: Plantae (Pflanzen) Unterreich: Tracheobionta (Gef\u00e4\u00dfpflanzen) \u00dcberabteilung: Spermatophyta (Samenpflanzen) Abteilung: Magnoliophyta (Bedecktsamer, Bl\u00fctenpflanzen) Klasse: Rosopsida (Dreifurchenpollen-Zweikeimbl\u00e4ttrige) Unterklasse: Asteridae (Astern\u00e4hnliche) Ordnung: Asterales (Asternartige) Familie: Asteraceae (Korbbl\u00fctler) Gattung: Dahlia (Dahlie)<\/p>\n","protected":false},"author":1,"featured_media":1612,"parent":60,"menu_order":3,"comment_status":"open","ping_status":"open","template":"","meta":[],"_links":{"self":[{"href":"http:\/\/hintz.bplaced.net\/de\/wp-json\/wp\/v2\/pages\/87"}],"collection":[{"href":"http:\/\/hintz.bplaced.net\/de\/wp-json\/wp\/v2\/pages"}],"about":[{"href":"http:\/\/hintz.bplaced.net\/de\/wp-json\/wp\/v2\/types\/page"}],"author":[{"embeddable":true,"href":"http:\/\/hintz.bplaced.net\/de\/wp-json\/wp\/v2\/users\/1"}],"replies":[{"embeddable":true,"href":"http:\/\/hintz.bplaced.net\/de\/wp-json\/wp\/v2\/comments?post=87"}],"version-history":[{"count":10,"href":"http:\/\/hintz.bplaced.net\/de\/wp-json\/wp\/v2\/pages\/87\/revisions"}],"predecessor-version":[{"id":2200,"href":"http:\/\/hintz.bplaced.net\/de\/wp-json\/wp\/v2\/pages\/87\/revisions\/2200"}],"up":[{"embeddable":true,"href":"http:\/\/hintz.bplaced.net\/de\/wp-json\/wp\/v2\/pages\/60"}],"wp:featuredmedia":[{"embeddable":true,"href":"http:\/\/hintz.bplaced.net\/de\/wp-json\/wp\/v2\/media\/1612"}],"wp:attachment":[{"href":"http:\/\/hintz.bplaced.net\/de\/wp-json\/wp\/v2\/media?parent=87"}],"curies":[{"name":"wp","href":"https:\/\/api.w.org\/{rel}","templated":true}]}}