{"id":136,"date":"2011-07-12T21:24:06","date_gmt":"2011-07-12T19:24:06","guid":{"rendered":"http:\/\/hintz.bplaced.net\/?page_id=136"},"modified":"2011-07-31T19:07:15","modified_gmt":"2011-07-31T17:07:15","slug":"wuppertal","status":"publish","type":"page","link":"http:\/\/hintz.bplaced.net\/en\/photos\/germany\/wuppertal\/","title":{"rendered":"Wuppertal"},"content":{"rendered":"<p><\/p>\n<h1>Photos of Wuppertal<\/h1>\n<p><div class=\"col w8\"><a class=\"col w2\" href=\"http:\/\/hintz.bplaced.net\/en\/photos\/germany\/wuppertal\/attachment\/kaiserwagen\/\" data-src=\"http:\/\/hintz.bplaced.net\/images\/2011\/07\/kaiserwagen.jpg\" rel=\"lyteshow-\"><figure><img src=\"http:\/\/hintz.bplaced.net\/images\/2011\/07\/kaiserwagen-140x140.jpg\" width=\"140\" height=\"140\" alt=\"Wuppertaler Schwebebahn\"><figcaption><h1>Schwebebahn<\/h1><h2>Kaiserwagen<\/h2><p>In diesem Wagen ist Kaiser Wilhelm II am 24.10.1900 mit der Wuppertaler Schwebebahn gefahren.\r\n\r\nFotografiert im Jahre 2005.<\/p><\/figcaption><\/figure><\/a><a class=\"col w2\" href=\"http:\/\/hintz.bplaced.net\/en\/photos\/germany\/wuppertal\/attachment\/elisenturm\/\" data-src=\"http:\/\/hintz.bplaced.net\/images\/2011\/07\/elisenturm.jpg\" rel=\"lyteshow-\"><figure><img src=\"http:\/\/hintz.bplaced.net\/images\/2011\/07\/elisenturm-140x140.jpg\" width=\"140\" height=\"140\"><figcaption><h1>Elisenturm<\/h1><h2><\/h2><p>Der Elisenturm steht im Botanischen Garten auf der Hardt in Wuppertal.<\/p><\/figcaption><\/figure><\/a><a class=\"col w2\" href=\"http:\/\/hintz.bplaced.net\/en\/photos\/germany\/wuppertal\/attachment\/saurenhaus1\/\" data-src=\"http:\/\/hintz.bplaced.net\/images\/2011\/07\/Saurenhaus1.jpg\" rel=\"lyteshow-\"><figure><img src=\"http:\/\/hintz.bplaced.net\/images\/2011\/07\/Saurenhaus1-140x140.jpg\" width=\"140\" height=\"140\" alt=\"Vorher\"><figcaption><h1>Umwelt vorher<\/h1><h2>Ein einzigartiges Haus am Rande der Bauarbeiten f\u00fcr die Autobahnstrecke Wuppertal - Essen im Bereich der jetzigen Ausfahrt Saurenhaus.<\/h2><p>Der Kontrast zwischen dem idyllischen H\u00e4uschen, umrahmt von m\u00e4chtigen B\u00e4umen bei strahlenden Sonnenschein und dem ganz und gar nicht idyllischem Bagger inspirierte mich zu dieser Aufnahme, ohne zu ahnen, dass ich dieses Haus zum allerletzten Mal sah.<\/p><\/figcaption><\/figure><\/a><a class=\"col w2\" href=\"http:\/\/hintz.bplaced.net\/en\/photos\/germany\/wuppertal\/attachment\/saurenhaus2\/\" data-src=\"http:\/\/hintz.bplaced.net\/images\/2011\/07\/Saurenhaus2.jpg\" rel=\"lyteshow-\"><figure><img src=\"http:\/\/hintz.bplaced.net\/images\/2011\/07\/Saurenhaus2-140x140.jpg\" width=\"140\" height=\"140\" alt=\"Nachher\"><figcaption><h1>Umwelt nachher<\/h1><h2>Bereits wenige Tage sp\u00e4ter war das Haus verschwunden.<\/h2><p>Wenige Tage sp\u00e4ter kam ich wieder an der gleichen Stelle vorbei und musste best\u00fcrzt feststellen, dass das kleine Haus, das mir so gut gefallen hatte, buchst\u00e4blich vom Erdboden verschwunden war. Und das obwohl es so weit von der im Bau befindlichen Autobahntrasse lag, dass es h\u00e4tte stehen bleiben k\u00f6nnen.\r\n\r\nDas kleine Haus war aber sicher nicht das einzige Opfer, das f\u00fcr die Autobahn gebracht wurde. Ganze H\u00fcgel sind von ihr tief durchschnitten worden ohne R\u00fccksicht auf Vegetation, Tierwelt und Wasserhaushalt.<\/p><\/figcaption><\/figure><\/a><a class=\"col w2\" href=\"http:\/\/hintz.bplaced.net\/en\/photos\/germany\/wuppertal\/attachment\/wuppertal-elberfeld\/\" data-src=\"http:\/\/hintz.bplaced.net\/images\/2011\/07\/Wuppertal-Elberfeld.jpg\" rel=\"lyteshow-\"><figure><img src=\"http:\/\/hintz.bplaced.net\/images\/2011\/07\/Wuppertal-Elberfeld-140x140.jpg\" width=\"140\" height=\"140\" alt=\"Panorama von Wuppertal-Elberfeld\"><figcaption><h1>Panorama<\/h1><h2><\/h2><p><\/p><\/figcaption><\/figure><\/a><\/div><\/p>","protected":false},"excerpt":{"rendered":"<p>Photos of Wuppertal<\/p>\n","protected":false},"author":1,"featured_media":572,"parent":39,"menu_order":6,"comment_status":"open","ping_status":"open","template":"","meta":[],"_links":{"self":[{"href":"http:\/\/hintz.bplaced.net\/en\/wp-json\/wp\/v2\/pages\/136"}],"collection":[{"href":"http:\/\/hintz.bplaced.net\/en\/wp-json\/wp\/v2\/pages"}],"about":[{"href":"http:\/\/hintz.bplaced.net\/en\/wp-json\/wp\/v2\/types\/page"}],"author":[{"embeddable":true,"href":"http:\/\/hintz.bplaced.net\/en\/wp-json\/wp\/v2\/users\/1"}],"replies":[{"embeddable":true,"href":"http:\/\/hintz.bplaced.net\/en\/wp-json\/wp\/v2\/comments?post=136"}],"version-history":[{"count":9,"href":"http:\/\/hintz.bplaced.net\/en\/wp-json\/wp\/v2\/pages\/136\/revisions"}],"predecessor-version":[{"id":2249,"href":"http:\/\/hintz.bplaced.net\/en\/wp-json\/wp\/v2\/pages\/136\/revisions\/2249"}],"up":[{"embeddable":true,"href":"http:\/\/hintz.bplaced.net\/en\/wp-json\/wp\/v2\/pages\/39"}],"wp:featuredmedia":[{"embeddable":true,"href":"http:\/\/hintz.bplaced.net\/en\/wp-json\/wp\/v2\/media\/572"}],"wp:attachment":[{"href":"http:\/\/hintz.bplaced.net\/en\/wp-json\/wp\/v2\/media?parent=136"}],"curies":[{"name":"wp","href":"https:\/\/api.w.org\/{rel}","templated":true}]}}