{"id":162,"date":"2011-07-12T21:35:28","date_gmt":"2011-07-12T19:35:28","guid":{"rendered":"http:\/\/hintz.bplaced.net\/?page_id=162"},"modified":"2011-08-06T14:26:19","modified_gmt":"2011-08-06T12:26:19","slug":"petrus-und-paulus","status":"publish","type":"page","link":"http:\/\/hintz.bplaced.net\/en\/photos\/poland\/gliwice\/peter-und-paul\/","title":{"rendered":"Peter und Paul"},"content":{"rendered":"<p><\/p>\n<h1>Apostel Saint Peter and Paul Cathedral<\/h1>\n<div class=\"col w8\"><a class=\"col w2\" href=\"http:\/\/hintz.bplaced.net\/en\/photos\/poland\/gliwice\/peter-und-paul\/attachment\/peterpaul\/\" data-src=\"http:\/\/hintz.bplaced.net\/images\/2011\/07\/peterpaul.jpg\" rel=\"lyteshow-\"><figure><img src=\"http:\/\/hintz.bplaced.net\/images\/2011\/07\/peterpaul-140x140.jpg\" width=\"140\" height=\"140\" alt=\"Apostel Sankt Petrus und Paulus Kathedrale\"><figcaption><h1>Petrus und Paulus<\/h1><h2><\/h2><p><\/p><\/figcaption><\/figure><\/a><a class=\"col w2\" href=\"http:\/\/hintz.bplaced.net\/en\/photos\/poland\/gliwice\/peter-und-paul\/attachment\/gewoelbe-2\/\" data-src=\"http:\/\/hintz.bplaced.net\/images\/2011\/07\/gewoelbe1.jpg\" rel=\"lyteshow-\"><figure><img src=\"http:\/\/hintz.bplaced.net\/images\/2011\/07\/gewoelbe1-140x140.jpg\" width=\"140\" height=\"140\"><figcaption><h1>Gew\u00f6lbe<\/h1><h2><\/h2><p><\/p><\/figcaption><\/figure><\/a><a class=\"col w2\" href=\"http:\/\/hintz.bplaced.net\/en\/photos\/poland\/gliwice\/peter-und-paul\/attachment\/altar-6\/\" data-src=\"http:\/\/hintz.bplaced.net\/images\/2011\/07\/altar5.jpg\" rel=\"lyteshow-\"><figure><img src=\"http:\/\/hintz.bplaced.net\/images\/2011\/07\/altar5-140x140.jpg\" width=\"140\" height=\"140\"><figcaption><h1>Altar<\/h1><h2><\/h2><p><\/p><\/figcaption><\/figure><\/a><a class=\"col w2\" href=\"http:\/\/hintz.bplaced.net\/en\/photos\/poland\/gliwice\/peter-und-paul\/attachment\/fenster-5\/\" data-src=\"http:\/\/hintz.bplaced.net\/images\/2011\/07\/fenster4.jpg\" rel=\"lyteshow-\"><figure><img src=\"http:\/\/hintz.bplaced.net\/images\/2011\/07\/fenster4-140x140.jpg\" width=\"140\" height=\"140\"><figcaption><h1>Fenster<\/h1><h2><\/h2><p><\/p><\/figcaption><\/figure><\/a><a class=\"col w2\" href=\"http:\/\/hintz.bplaced.net\/en\/photos\/poland\/gliwice\/peter-und-paul\/attachment\/kanzel\/\" data-src=\"http:\/\/hintz.bplaced.net\/images\/2011\/07\/kanzel.jpg\" rel=\"lyteshow-\"><figure><img src=\"http:\/\/hintz.bplaced.net\/images\/2011\/07\/kanzel-140x140.jpg\" width=\"140\" height=\"140\"><figcaption><h1>Kanzel<\/h1><h2><\/h2><p><\/p><\/figcaption><\/figure><\/a><a class=\"col w2\" href=\"http:\/\/hintz.bplaced.net\/en\/photos\/poland\/gliwice\/peter-und-paul\/attachment\/eingang-3\/\" data-src=\"http:\/\/hintz.bplaced.net\/images\/2011\/07\/eingang2.jpg\" rel=\"lyteshow-\"><figure><img src=\"http:\/\/hintz.bplaced.net\/images\/2011\/07\/eingang2-140x140.jpg\" width=\"140\" height=\"140\" alt=\"Fenster \u00fcber dem Eingang\"><figcaption><h1>Eingang<\/h1><h2><\/h2><p><\/p><\/figcaption><\/figure><\/a><a class=\"col w2\" href=\"http:\/\/hintz.bplaced.net\/en\/photos\/poland\/gliwice\/peter-und-paul\/attachment\/halle\/\" data-src=\"http:\/\/hintz.bplaced.net\/images\/2011\/07\/halle.jpg\" rel=\"lyteshow-\"><figure><img src=\"http:\/\/hintz.bplaced.net\/images\/2011\/07\/halle-140x140.jpg\" width=\"140\" height=\"140\"><figcaption><h1>Halle<\/h1><h2><\/h2><p><\/p><\/figcaption><\/figure><\/a><a class=\"col w2\" href=\"http:\/\/hintz.bplaced.net\/en\/photos\/poland\/gliwice\/peter-und-paul\/attachment\/petruspaulus\/\" data-src=\"http:\/\/hintz.bplaced.net\/images\/2011\/07\/petruspaulus.jpg\" rel=\"lyteshow-\"><figure><img src=\"http:\/\/hintz.bplaced.net\/images\/2011\/07\/petruspaulus-140x140.jpg\" width=\"140\" height=\"140\"><figcaption><h1>Kathedrale<\/h1><h2><\/h2><p><\/p><\/figcaption><\/figure><\/a><a class=\"col w2\" href=\"http:\/\/hintz.bplaced.net\/en\/photos\/poland\/gliwice\/peter-und-paul\/attachment\/petrus_paulus\/\" data-src=\"http:\/\/hintz.bplaced.net\/images\/2011\/07\/petrus_paulus.jpg\" rel=\"lyteshow-\"><figure><img src=\"http:\/\/hintz.bplaced.net\/images\/2011\/07\/petrus_paulus-140x140.jpg\" width=\"140\" height=\"140\"><figcaption><h1>Apostel<\/h1><h2><\/h2><p><\/p><\/figcaption><\/figure><\/a><a class=\"col w2\" href=\"http:\/\/hintz.bplaced.net\/en\/photos\/poland\/gliwice\/peter-und-paul\/attachment\/gebet\/\" data-src=\"http:\/\/hintz.bplaced.net\/images\/2011\/07\/gebet.jpg\" rel=\"lyteshow-\"><figure><img src=\"http:\/\/hintz.bplaced.net\/images\/2011\/07\/gebet-140x140.jpg\" width=\"140\" height=\"140\"><figcaption><h1>Grablichter<\/h1><h2><\/h2><p><\/p><\/figcaption><\/figure><\/a><a class=\"col w2\" href=\"http:\/\/hintz.bplaced.net\/en\/photos\/poland\/gliwice\/peter-und-paul\/attachment\/grablichter-2\/\" data-src=\"http:\/\/hintz.bplaced.net\/images\/2011\/07\/grablichter1.jpg\" rel=\"lyteshow-\"><figure><img src=\"http:\/\/hintz.bplaced.net\/images\/2011\/07\/grablichter1-140x140.jpg\" width=\"140\" height=\"140\"><figcaption><h1>Grablichter<\/h1><h2><\/h2><p><\/p><\/figcaption><\/figure><\/a><a class=\"col w2\" href=\"http:\/\/hintz.bplaced.net\/en\/photos\/poland\/gliwice\/peter-und-paul\/attachment\/nacht-2\/\" data-src=\"http:\/\/hintz.bplaced.net\/images\/2011\/07\/nacht.jpg\" rel=\"lyteshow-\"><figure><img src=\"http:\/\/hintz.bplaced.net\/images\/2011\/07\/nacht-140x140.jpg\" width=\"140\" height=\"140\"><figcaption><h1>Nacht<\/h1><h2><\/h2><p><\/p><\/figcaption><\/figure><\/a><a class=\"col w2\" href=\"http:\/\/hintz.bplaced.net\/en\/photos\/poland\/gliwice\/peter-und-paul\/attachment\/turm-2\/\" data-src=\"http:\/\/hintz.bplaced.net\/images\/2011\/07\/turm3.jpg\" rel=\"lyteshow-\"><figure><img src=\"http:\/\/hintz.bplaced.net\/images\/2011\/07\/turm3-140x140.jpg\" width=\"140\" height=\"140\"><figcaption><h1>Turm<\/h1><h2><\/h2><p><\/p><\/figcaption><\/figure><\/a><\/div>\n<p>Parafia katedralna \u015aw. Aposto\u0142\u00f3w Piotra i Paw\u0142a<\/p>","protected":false},"excerpt":{"rendered":"<p>Apostel Saint Peter and Paul Cathedral Parafia katedralna \u015aw. Aposto\u0142\u00f3w Piotra i Paw\u0142a<\/p>\n","protected":false},"author":1,"featured_media":1809,"parent":152,"menu_order":5,"comment_status":"open","ping_status":"open","template":"","meta":[],"_links":{"self":[{"href":"http:\/\/hintz.bplaced.net\/en\/wp-json\/wp\/v2\/pages\/162"}],"collection":[{"href":"http:\/\/hintz.bplaced.net\/en\/wp-json\/wp\/v2\/pages"}],"about":[{"href":"http:\/\/hintz.bplaced.net\/en\/wp-json\/wp\/v2\/types\/page"}],"author":[{"embeddable":true,"href":"http:\/\/hintz.bplaced.net\/en\/wp-json\/wp\/v2\/users\/1"}],"replies":[{"embeddable":true,"href":"http:\/\/hintz.bplaced.net\/en\/wp-json\/wp\/v2\/comments?post=162"}],"version-history":[{"count":7,"href":"http:\/\/hintz.bplaced.net\/en\/wp-json\/wp\/v2\/pages\/162\/revisions"}],"predecessor-version":[{"id":2300,"href":"http:\/\/hintz.bplaced.net\/en\/wp-json\/wp\/v2\/pages\/162\/revisions\/2300"}],"up":[{"embeddable":true,"href":"http:\/\/hintz.bplaced.net\/en\/wp-json\/wp\/v2\/pages\/152"}],"wp:featuredmedia":[{"embeddable":true,"href":"http:\/\/hintz.bplaced.net\/en\/wp-json\/wp\/v2\/media\/1809"}],"wp:attachment":[{"href":"http:\/\/hintz.bplaced.net\/en\/wp-json\/wp\/v2\/media?parent=162"}],"curies":[{"name":"wp","href":"https:\/\/api.w.org\/{rel}","templated":true}]}}