{"id":164,"date":"2011-07-12T21:35:51","date_gmt":"2011-07-12T19:35:51","guid":{"rendered":"http:\/\/hintz.bplaced.net\/?page_id=164"},"modified":"2011-07-30T21:26:14","modified_gmt":"2011-07-30T19:26:14","slug":"allerheiligen","status":"publish","type":"page","link":"http:\/\/hintz.bplaced.net\/en\/photos\/poland\/gliwice\/all-saints\/","title":{"rendered":"All Saints"},"content":{"rendered":"<p><\/p>\n<h1>All Saints Church<\/h1>\n<div class=\"col w8\"><a class=\"col w2\" href=\"http:\/\/hintz.bplaced.net\/en\/photos\/poland\/gliwice\/all-saints\/attachment\/allerheiligen-2\/\" data-src=\"http:\/\/hintz.bplaced.net\/images\/2011\/07\/allerheiligen.jpg\" rel=\"lyteshow-\"><figure><img src=\"http:\/\/hintz.bplaced.net\/images\/2011\/07\/allerheiligen-140x140.jpg\" width=\"140\" height=\"140\"><figcaption><h1>Allerheiligen<\/h1><h2><\/h2><p><\/p><\/figcaption><\/figure><\/a><a class=\"col w2\" href=\"http:\/\/hintz.bplaced.net\/en\/photos\/poland\/gliwice\/all-saints\/attachment\/laternen\/\" data-src=\"http:\/\/hintz.bplaced.net\/images\/2011\/07\/laternen.jpg\" rel=\"lyteshow-\"><figure><img src=\"http:\/\/hintz.bplaced.net\/images\/2011\/07\/laternen-140x140.jpg\" width=\"140\" height=\"140\"><figcaption><h1>Laternen<\/h1><h2><\/h2><p><\/p><\/figcaption><\/figure><\/a><a class=\"col w2\" href=\"http:\/\/hintz.bplaced.net\/en\/photos\/poland\/gliwice\/all-saints\/attachment\/kreuz\/\" data-src=\"http:\/\/hintz.bplaced.net\/images\/2011\/07\/kreuz.jpg\" rel=\"lyteshow-\"><figure><img src=\"http:\/\/hintz.bplaced.net\/images\/2011\/07\/kreuz-140x140.jpg\" width=\"140\" height=\"140\"><figcaption><h1>Kreuz<\/h1><h2><\/h2><p><\/p><\/figcaption><\/figure><\/a><a class=\"col w2\" href=\"http:\/\/hintz.bplaced.net\/en\/photos\/poland\/gliwice\/all-saints\/attachment\/altar-4\/\" data-src=\"http:\/\/hintz.bplaced.net\/images\/2011\/07\/altar3.jpg\" rel=\"lyteshow-\"><figure><img src=\"http:\/\/hintz.bplaced.net\/images\/2011\/07\/altar3-140x140.jpg\" width=\"140\" height=\"140\"><figcaption><h1>Altar<\/h1><h2><\/h2><p><\/p><\/figcaption><\/figure><\/a><\/div>\n<p><a href=\"http:\/\/www.um.gliwice.pl\/index.php?id=419\/1\" target=\"_blank\">Ko\u015bci\u00f3\u0142 Wszystkich \u015awi\u0119tych<\/a><\/p>","protected":false},"excerpt":{"rendered":"<p>All Saints Church Ko\u015bci\u00f3\u0142 Wszystkich \u015awi\u0119tych<\/p>\n","protected":false},"author":1,"featured_media":930,"parent":152,"menu_order":6,"comment_status":"open","ping_status":"open","template":"","meta":[],"_links":{"self":[{"href":"http:\/\/hintz.bplaced.net\/en\/wp-json\/wp\/v2\/pages\/164"}],"collection":[{"href":"http:\/\/hintz.bplaced.net\/en\/wp-json\/wp\/v2\/pages"}],"about":[{"href":"http:\/\/hintz.bplaced.net\/en\/wp-json\/wp\/v2\/types\/page"}],"author":[{"embeddable":true,"href":"http:\/\/hintz.bplaced.net\/en\/wp-json\/wp\/v2\/users\/1"}],"replies":[{"embeddable":true,"href":"http:\/\/hintz.bplaced.net\/en\/wp-json\/wp\/v2\/comments?post=164"}],"version-history":[{"count":6,"href":"http:\/\/hintz.bplaced.net\/en\/wp-json\/wp\/v2\/pages\/164\/revisions"}],"predecessor-version":[{"id":2178,"href":"http:\/\/hintz.bplaced.net\/en\/wp-json\/wp\/v2\/pages\/164\/revisions\/2178"}],"up":[{"embeddable":true,"href":"http:\/\/hintz.bplaced.net\/en\/wp-json\/wp\/v2\/pages\/152"}],"wp:featuredmedia":[{"embeddable":true,"href":"http:\/\/hintz.bplaced.net\/en\/wp-json\/wp\/v2\/media\/930"}],"wp:attachment":[{"href":"http:\/\/hintz.bplaced.net\/en\/wp-json\/wp\/v2\/media?parent=164"}],"curies":[{"name":"wp","href":"https:\/\/api.w.org\/{rel}","templated":true}]}}