{"id":166,"date":"2011-07-12T21:36:23","date_gmt":"2011-07-12T19:36:23","guid":{"rendered":"http:\/\/hintz.bplaced.net\/?page_id=166"},"modified":"2011-07-30T21:26:35","modified_gmt":"2011-07-30T19:26:35","slug":"bartholomaus","status":"publish","type":"page","link":"http:\/\/hintz.bplaced.net\/en\/photos\/poland\/gliwice\/bartholomeus\/","title":{"rendered":"Bartholomeus"},"content":{"rendered":"<p><\/p>\n<h1>Saint Bartholomeus<\/h1>\n<div class=\"col w8\"><a class=\"col w2\" href=\"http:\/\/hintz.bplaced.net\/en\/photos\/poland\/gliwice\/bartholomeus\/attachment\/bartholomeus\/\" data-src=\"http:\/\/hintz.bplaced.net\/images\/2011\/07\/bartholomeus.jpg\" rel=\"lyteshow-\"><figure><img src=\"http:\/\/hintz.bplaced.net\/images\/2011\/07\/bartholomeus-140x140.jpg\" width=\"140\" height=\"140\" alt=\"Rektoratskirche Sankt Bartholom\u00e4us\"><figcaption><h1>Bartholom\u00e4us<\/h1><h2><\/h2><p><\/p><\/figcaption><\/figure><\/a><a class=\"col w2\" href=\"http:\/\/hintz.bplaced.net\/en\/photos\/poland\/gliwice\/bartholomeus\/attachment\/inri\/\" data-src=\"http:\/\/hintz.bplaced.net\/images\/2011\/07\/inri.jpg\" rel=\"lyteshow-\"><figure><img src=\"http:\/\/hintz.bplaced.net\/images\/2011\/07\/inri-140x140.jpg\" width=\"140\" height=\"140\"><figcaption><h1>INRI<\/h1><h2><\/h2><p><\/p><\/figcaption><\/figure><\/a><\/div>\n<p>\u015aw. Bart\u0142omieja &#8211; Ko\u015bci\u00f3\u0142 rektorski<\/p>","protected":false},"excerpt":{"rendered":"<p>Saint Bartholomeus \u015aw. Bart\u0142omieja &#8211; Ko\u015bci\u00f3\u0142 rektorski<\/p>\n","protected":false},"author":1,"featured_media":924,"parent":152,"menu_order":7,"comment_status":"open","ping_status":"open","template":"","meta":[],"_links":{"self":[{"href":"http:\/\/hintz.bplaced.net\/en\/wp-json\/wp\/v2\/pages\/166"}],"collection":[{"href":"http:\/\/hintz.bplaced.net\/en\/wp-json\/wp\/v2\/pages"}],"about":[{"href":"http:\/\/hintz.bplaced.net\/en\/wp-json\/wp\/v2\/types\/page"}],"author":[{"embeddable":true,"href":"http:\/\/hintz.bplaced.net\/en\/wp-json\/wp\/v2\/users\/1"}],"replies":[{"embeddable":true,"href":"http:\/\/hintz.bplaced.net\/en\/wp-json\/wp\/v2\/comments?post=166"}],"version-history":[{"count":6,"href":"http:\/\/hintz.bplaced.net\/en\/wp-json\/wp\/v2\/pages\/166\/revisions"}],"predecessor-version":[{"id":2179,"href":"http:\/\/hintz.bplaced.net\/en\/wp-json\/wp\/v2\/pages\/166\/revisions\/2179"}],"up":[{"embeddable":true,"href":"http:\/\/hintz.bplaced.net\/en\/wp-json\/wp\/v2\/pages\/152"}],"wp:featuredmedia":[{"embeddable":true,"href":"http:\/\/hintz.bplaced.net\/en\/wp-json\/wp\/v2\/media\/924"}],"wp:attachment":[{"href":"http:\/\/hintz.bplaced.net\/en\/wp-json\/wp\/v2\/media?parent=166"}],"curies":[{"name":"wp","href":"https:\/\/api.w.org\/{rel}","templated":true}]}}