{"id":195,"date":"2011-07-13T09:00:49","date_gmt":"2011-07-13T07:00:49","guid":{"rendered":"http:\/\/hintz.bplaced.net\/?page_id=195"},"modified":"2011-07-31T19:16:14","modified_gmt":"2011-07-31T17:16:14","slug":"schrift","status":"publish","type":"page","link":"http:\/\/hintz.bplaced.net\/en\/photos\/graffiti\/berlin\/styles\/","title":{"rendered":"Styles"},"content":{"rendered":"<p><\/p>\n<h1>Graffiti Styles in\u00a0Berlin,\u00a0Germany<\/h1>\n<p><div class=\"col w8\"><a class=\"col w2\" href=\"http:\/\/hintz.bplaced.net\/en\/photos\/graffiti\/berlin\/styles\/attachment\/dauntaitdischen\/\" data-src=\"http:\/\/hintz.bplaced.net\/images\/2011\/07\/dauntaitdischen.jpg\" rel=\"lyteshow-\"><figure><img src=\"http:\/\/hintz.bplaced.net\/images\/2011\/07\/dauntaitdischen-140x140.jpg\" width=\"140\" height=\"140\" alt=\"Die Unterirdischen\"><figcaption><h1>Unterirdische<\/h1><h2>\"Da Untaitdischen!\"<\/h2><p>Ray<\/p><\/figcaption><\/figure><\/a><a class=\"col w2\" href=\"http:\/\/hintz.bplaced.net\/en\/photos\/graffiti\/berlin\/styles\/attachment\/groovey\/\" data-src=\"http:\/\/hintz.bplaced.net\/images\/2011\/07\/groovey.jpg\" rel=\"lyteshow-\"><figure><img src=\"http:\/\/hintz.bplaced.net\/images\/2011\/07\/groovey-140x140.jpg\" width=\"140\" height=\"140\" alt=\"Groovey Riderz\"><figcaption><h1>Groovey<\/h1><h2><\/h2><p><\/p><\/figcaption><\/figure><\/a><a class=\"col w2\" href=\"http:\/\/hintz.bplaced.net\/en\/photos\/graffiti\/berlin\/styles\/attachment\/pinkblue\/\" data-src=\"http:\/\/hintz.bplaced.net\/images\/2011\/07\/pinkblue.jpg\" rel=\"lyteshow-\"><figure><img src=\"http:\/\/hintz.bplaced.net\/images\/2011\/07\/pinkblue-140x140.jpg\" width=\"140\" height=\"140\"><figcaption><h1>Rosa, Blau<\/h1><h2><\/h2><p><\/p><\/figcaption><\/figure><\/a><a class=\"col w2\" href=\"http:\/\/hintz.bplaced.net\/en\/photos\/graffiti\/berlin\/styles\/attachment\/pts\/\" data-src=\"http:\/\/hintz.bplaced.net\/images\/2011\/07\/pts.jpg\" rel=\"lyteshow-\"><figure><img src=\"http:\/\/hintz.bplaced.net\/images\/2011\/07\/pts-140x128.jpg\" width=\"140\" height=\"128\"><figcaption><h1>Foto<\/h1><h2><\/h2><p><\/p><\/figcaption><\/figure><\/a><a class=\"col w2\" href=\"http:\/\/hintz.bplaced.net\/en\/photos\/graffiti\/berlin\/styles\/attachment\/zoe\/\" data-src=\"http:\/\/hintz.bplaced.net\/images\/2011\/07\/zoe.jpg\" rel=\"lyteshow-\"><figure><img src=\"http:\/\/hintz.bplaced.net\/images\/2011\/07\/zoe-140x140.jpg\" width=\"140\" height=\"140\" alt=\"Zoe - Kube\"><figcaption><h1>Zoe<\/h1><h2><\/h2><p><\/p><\/figcaption><\/figure><\/a><a class=\"col w2\" href=\"http:\/\/hintz.bplaced.net\/en\/photos\/graffiti\/berlin\/styles\/attachment\/afk\/\" data-src=\"http:\/\/hintz.bplaced.net\/images\/2011\/07\/afk.jpg\" rel=\"lyteshow-\"><figure><img src=\"http:\/\/hintz.bplaced.net\/images\/2011\/07\/afk-140x140.jpg\" width=\"140\" height=\"140\"><figcaption><h1>AFK<\/h1><h2><\/h2><p><\/p><\/figcaption><\/figure><\/a><a class=\"col w2\" href=\"http:\/\/hintz.bplaced.net\/en\/photos\/graffiti\/berlin\/styles\/attachment\/aran\/\" data-src=\"http:\/\/hintz.bplaced.net\/images\/2011\/07\/aran.jpg\" rel=\"lyteshow-\"><figure><img src=\"http:\/\/hintz.bplaced.net\/images\/2011\/07\/aran-140x140.jpg\" width=\"140\" height=\"140\"><figcaption><h1>Hass<\/h1><h2><\/h2><p><\/p><\/figcaption><\/figure><\/a><a class=\"col w2\" href=\"http:\/\/hintz.bplaced.net\/en\/photos\/graffiti\/berlin\/styles\/attachment\/cantbeimitate\/\" data-src=\"http:\/\/hintz.bplaced.net\/images\/2011\/07\/cantbeimitate.jpg\" rel=\"lyteshow-\"><figure><img src=\"http:\/\/hintz.bplaced.net\/images\/2011\/07\/cantbeimitate-140x140.jpg\" width=\"140\" height=\"140\"><figcaption><h1>Dike<\/h1><h2>Can not be imitate<\/h2><p><\/p><\/figcaption><\/figure><\/a><a class=\"col w2\" href=\"http:\/\/hintz.bplaced.net\/en\/photos\/graffiti\/berlin\/styles\/attachment\/grips\/\" data-src=\"http:\/\/hintz.bplaced.net\/images\/2011\/07\/grips.jpg\" rel=\"lyteshow-\"><figure><img src=\"http:\/\/hintz.bplaced.net\/images\/2011\/07\/grips-140x140.jpg\" width=\"140\" height=\"140\"><figcaption><h1>Grips<\/h1><h2><\/h2><p><\/p><\/figcaption><\/figure><\/a><a class=\"col w2\" href=\"http:\/\/hintz.bplaced.net\/en\/photos\/graffiti\/berlin\/styles\/attachment\/lacrimas\/\" data-src=\"http:\/\/hintz.bplaced.net\/images\/2011\/07\/lacrimas.jpg\" rel=\"lyteshow-\"><figure><img src=\"http:\/\/hintz.bplaced.net\/images\/2011\/07\/lacrimas-140x140.jpg\" width=\"140\" height=\"140\"><figcaption><h1>Lacrimas<\/h1><h2><\/h2><p><\/p><\/figcaption><\/figure><\/a><a class=\"col w2\" href=\"http:\/\/hintz.bplaced.net\/en\/photos\/graffiti\/berlin\/styles\/attachment\/loneraider\/\" data-src=\"http:\/\/hintz.bplaced.net\/images\/2011\/07\/loneraider.jpg\" rel=\"lyteshow-\"><figure><img src=\"http:\/\/hintz.bplaced.net\/images\/2011\/07\/loneraider-140x140.jpg\" width=\"140\" height=\"140\"><figcaption><h1>Lone Raiders<\/h1><h2>Suke<\/h2><p><\/p><\/figcaption><\/figure><\/a><a class=\"col w2\" href=\"http:\/\/hintz.bplaced.net\/en\/photos\/graffiti\/berlin\/styles\/attachment\/mabel\/\" data-src=\"http:\/\/hintz.bplaced.net\/images\/2011\/07\/mabel.jpg\" rel=\"lyteshow-\"><figure><img src=\"http:\/\/hintz.bplaced.net\/images\/2011\/07\/mabel-140x140.jpg\" width=\"140\" height=\"140\"><figcaption><h1>Mabel<\/h1><h2><\/h2><p><\/p><\/figcaption><\/figure><\/a><a class=\"col w2\" href=\"http:\/\/hintz.bplaced.net\/en\/photos\/graffiti\/berlin\/styles\/attachment\/manu\/\" data-src=\"http:\/\/hintz.bplaced.net\/images\/2011\/07\/manu.jpg\" rel=\"lyteshow-\"><figure><img src=\"http:\/\/hintz.bplaced.net\/images\/2011\/07\/manu-140x99.jpg\" width=\"140\" height=\"99\"><figcaption><h1>Manu<\/h1><h2><\/h2><p><\/p><\/figcaption><\/figure><\/a><a class=\"col w2\" href=\"http:\/\/hintz.bplaced.net\/en\/photos\/graffiti\/berlin\/styles\/attachment\/mis\/\" data-src=\"http:\/\/hintz.bplaced.net\/images\/2011\/07\/mis.jpg\" rel=\"lyteshow-\"><figure><img src=\"http:\/\/hintz.bplaced.net\/images\/2011\/07\/mis-140x140.jpg\" width=\"140\" height=\"140\"><figcaption><h1>Buzy<\/h1><h2>Rust<\/h2><p><\/p><\/figcaption><\/figure><\/a><a class=\"col w2\" href=\"http:\/\/hintz.bplaced.net\/en\/photos\/graffiti\/berlin\/styles\/attachment\/missias\/\" data-src=\"http:\/\/hintz.bplaced.net\/images\/2011\/07\/missias.jpg\" rel=\"lyteshow-\"><figure><img src=\"http:\/\/hintz.bplaced.net\/images\/2011\/07\/missias-140x140.jpg\" width=\"140\" height=\"140\"><figcaption><h1>Missias<\/h1><h2>Suke<\/h2><p><\/p><\/figcaption><\/figure><\/a><a class=\"col w2\" href=\"http:\/\/hintz.bplaced.net\/en\/photos\/graffiti\/berlin\/styles\/attachment\/moveinsilence\/\" data-src=\"http:\/\/hintz.bplaced.net\/images\/2011\/07\/moveinsilence.jpg\" rel=\"lyteshow-\"><figure><img src=\"http:\/\/hintz.bplaced.net\/images\/2011\/07\/moveinsilence-140x140.jpg\" width=\"140\" height=\"140\"><figcaption><h1>Move in Silence<\/h1><h2>Suke<\/h2><p><\/p><\/figcaption><\/figure><\/a><a class=\"col w2\" href=\"http:\/\/hintz.bplaced.net\/en\/photos\/graffiti\/berlin\/styles\/attachment\/phas\/\" data-src=\"http:\/\/hintz.bplaced.net\/images\/2011\/07\/phas.jpg\" rel=\"lyteshow-\"><figure><img src=\"http:\/\/hintz.bplaced.net\/images\/2011\/07\/phas-140x140.jpg\" width=\"140\" height=\"140\"><figcaption><h1>Phos<\/h1><h2><\/h2><p>GFA<\/p><\/figcaption><\/figure><\/a><a class=\"col w2\" href=\"http:\/\/hintz.bplaced.net\/en\/photos\/graffiti\/berlin\/styles\/attachment\/sanfrancisco\/\" data-src=\"http:\/\/hintz.bplaced.net\/images\/2011\/07\/sanfrancisco.jpg\" rel=\"lyteshow-\"><figure><img src=\"http:\/\/hintz.bplaced.net\/images\/2011\/07\/sanfrancisco-140x140.jpg\" width=\"140\" height=\"140\"><figcaption><h1>San Francisco<\/h1><h2><\/h2><p><\/p><\/figcaption><\/figure><\/a><a class=\"col w2\" href=\"http:\/\/hintz.bplaced.net\/en\/photos\/graffiti\/berlin\/styles\/attachment\/shone\/\" data-src=\"http:\/\/hintz.bplaced.net\/images\/2011\/07\/shone.jpg\" rel=\"lyteshow-\"><figure><img src=\"http:\/\/hintz.bplaced.net\/images\/2011\/07\/shone-140x140.jpg\" width=\"140\" height=\"140\"><figcaption><h1>Shone<\/h1><h2><\/h2><p><\/p><\/figcaption><\/figure><\/a><a class=\"col w2\" href=\"http:\/\/hintz.bplaced.net\/en\/photos\/graffiti\/berlin\/styles\/attachment\/shyw\/\" data-src=\"http:\/\/hintz.bplaced.net\/images\/2011\/07\/shyw.jpg\" rel=\"lyteshow-\"><figure><img src=\"http:\/\/hintz.bplaced.net\/images\/2011\/07\/shyw-140x140.jpg\" width=\"140\" height=\"140\"><figcaption><h1>Shaw<\/h1><h2><\/h2><p><\/p><\/figcaption><\/figure><\/a><a class=\"col w2\" href=\"http:\/\/hintz.bplaced.net\/en\/photos\/graffiti\/berlin\/styles\/attachment\/smcbremen\/\" data-src=\"http:\/\/hintz.bplaced.net\/images\/2011\/07\/smcbremen.jpg\" rel=\"lyteshow-\"><figure><img src=\"http:\/\/hintz.bplaced.net\/images\/2011\/07\/smcbremen-140x140.jpg\" width=\"140\" height=\"140\"><figcaption><h1>SMG Bremen<\/h1><h2><\/h2><p><\/p><\/figcaption><\/figure><\/a><a class=\"col w2\" href=\"http:\/\/hintz.bplaced.net\/en\/photos\/graffiti\/berlin\/styles\/attachment\/spion3\/\" data-src=\"http:\/\/hintz.bplaced.net\/images\/2011\/07\/spion3.jpg\" rel=\"lyteshow-\"><figure><img src=\"http:\/\/hintz.bplaced.net\/images\/2011\/07\/spion3-140x140.jpg\" width=\"140\" height=\"140\"><figcaption><h1>Spion<\/h1><h2><\/h2><p><\/p><\/figcaption><\/figure><\/a><a class=\"col w2\" href=\"http:\/\/hintz.bplaced.net\/en\/photos\/graffiti\/berlin\/styles\/attachment\/tickbusyboy\/\" data-src=\"http:\/\/hintz.bplaced.net\/images\/2011\/07\/tickbusyboy.jpg\" rel=\"lyteshow-\"><figure><img src=\"http:\/\/hintz.bplaced.net\/images\/2011\/07\/tickbusyboy-140x140.jpg\" width=\"140\" height=\"140\"><figcaption><h1>Tick Busy Boy<\/h1><h2><\/h2><p><\/p><\/figcaption><\/figure><\/a><a class=\"col w2\" href=\"http:\/\/hintz.bplaced.net\/en\/photos\/graffiti\/berlin\/styles\/attachment\/teuteburgerplatzhaus\/\" data-src=\"http:\/\/hintz.bplaced.net\/images\/2011\/07\/teuteburgerplatzhaus.jpg\" rel=\"lyteshow-\"><figure><img src=\"http:\/\/hintz.bplaced.net\/images\/2011\/07\/teuteburgerplatzhaus-140x140.jpg\" width=\"140\" height=\"140\" alt=\"Teuteburger Platzhaus\"><figcaption><h1>Teuteburger<\/h1><h2><\/h2><p><\/p><\/figcaption><\/figure><\/a><a class=\"col w2\" href=\"http:\/\/hintz.bplaced.net\/en\/photos\/graffiti\/berlin\/styles\/attachment\/4t1\/\" data-src=\"http:\/\/hintz.bplaced.net\/images\/2011\/07\/4t1.jpg\" rel=\"lyteshow-\"><figure><img src=\"http:\/\/hintz.bplaced.net\/images\/2011\/07\/4t1-140x140.jpg\" width=\"140\" height=\"140\"><figcaption><h1>4T1<\/h1><h2><\/h2><p><\/p><\/figcaption><\/figure><\/a><a class=\"col w2\" href=\"http:\/\/hintz.bplaced.net\/en\/photos\/graffiti\/berlin\/styles\/attachment\/aok\/\" data-src=\"http:\/\/hintz.bplaced.net\/images\/2011\/07\/aok.jpg\" rel=\"lyteshow-\"><figure><img src=\"http:\/\/hintz.bplaced.net\/images\/2011\/07\/aok-140x140.jpg\" width=\"140\" height=\"140\"><figcaption><h1>AOK<\/h1><h2><\/h2><p><\/p><\/figcaption><\/figure><\/a><a class=\"col w2\" href=\"http:\/\/hintz.bplaced.net\/en\/photos\/graffiti\/berlin\/styles\/attachment\/aura\/\" data-src=\"http:\/\/hintz.bplaced.net\/images\/2011\/07\/aura.jpg\" rel=\"lyteshow-\"><figure><img src=\"http:\/\/hintz.bplaced.net\/images\/2011\/07\/aura-140x140.jpg\" width=\"140\" height=\"140\"><figcaption><h1>Aura<\/h1><h2><\/h2><p><\/p><\/figcaption><\/figure><\/a><a class=\"col w2\" href=\"http:\/\/hintz.bplaced.net\/en\/photos\/graffiti\/berlin\/styles\/attachment\/blumen\/\" data-src=\"http:\/\/hintz.bplaced.net\/images\/2011\/07\/blumen.jpg\" rel=\"lyteshow-\"><figure><img src=\"http:\/\/hintz.bplaced.net\/images\/2011\/07\/blumen-140x140.jpg\" width=\"140\" height=\"140\" alt=\"Sone\"><figcaption><h1>Blumen<\/h1><h2>Blumen gemalt und geschrieben<\/h2><p><\/p><\/figcaption><\/figure><\/a><a class=\"col w2\" href=\"http:\/\/hintz.bplaced.net\/en\/photos\/graffiti\/berlin\/styles\/attachment\/chaos\/\" data-src=\"http:\/\/hintz.bplaced.net\/images\/2011\/07\/chaos.jpg\" rel=\"lyteshow-\"><figure><img src=\"http:\/\/hintz.bplaced.net\/images\/2011\/07\/chaos-140x140.jpg\" width=\"140\" height=\"140\"><figcaption><h1>Rosa, Rot<\/h1><h2><\/h2><p><\/p><\/figcaption><\/figure><\/a><a class=\"col w2\" href=\"http:\/\/hintz.bplaced.net\/en\/photos\/graffiti\/berlin\/styles\/attachment\/cren\/\" data-src=\"http:\/\/hintz.bplaced.net\/images\/2011\/07\/cren.jpg\" rel=\"lyteshow-\"><figure><img src=\"http:\/\/hintz.bplaced.net\/images\/2011\/07\/cren-140x137.jpg\" width=\"140\" height=\"137\"><figcaption><h1>Cren<\/h1><h2><\/h2><p><\/p><\/figcaption><\/figure><\/a><a class=\"col w2\" href=\"http:\/\/hintz.bplaced.net\/en\/photos\/graffiti\/berlin\/styles\/attachment\/cristin\/\" data-src=\"http:\/\/hintz.bplaced.net\/images\/2011\/07\/cristin.jpg\" rel=\"lyteshow-\"><figure><img src=\"http:\/\/hintz.bplaced.net\/images\/2011\/07\/cristin-140x140.jpg\" width=\"140\" height=\"140\"><figcaption><h1>H\u00e4nde<\/h1><h2><\/h2><p><\/p><\/figcaption><\/figure><\/a><a class=\"col w2\" href=\"http:\/\/hintz.bplaced.net\/en\/photos\/graffiti\/berlin\/styles\/attachment\/diepumpe\/\" data-src=\"http:\/\/hintz.bplaced.net\/images\/2011\/07\/diepumpe.jpg\" rel=\"lyteshow-\"><figure><img src=\"http:\/\/hintz.bplaced.net\/images\/2011\/07\/diepumpe-140x140.jpg\" width=\"140\" height=\"140\"><figcaption><h1>Die Pumpe<\/h1><h2><\/h2><p>Neben diesem gro\u00dffl\u00e4chigen Graffiti befindet sich ein ehemaliges Pumpwerk, das inzwischen zum Restaurant \"Alte Pumpe\" umgebaut wurde.\r\n\r\nUm eine riesige historische Pumpe sind Tische, Bar und kleine B\u00fchne gruppiert. Eine enge Wendeltreppe f\u00fchrt hinauf zu einer nachtr\u00e4glich hineinbetonierten Plattform, die von drei Seiten einen Blick von oben auf die Pumpe erm\u00f6glicht und weitere Sitzpl\u00e4tze bietet.<\/p><\/figcaption><\/figure><\/a><a class=\"col w2\" href=\"http:\/\/hintz.bplaced.net\/en\/photos\/graffiti\/berlin\/styles\/attachment\/flammen\/\" data-src=\"http:\/\/hintz.bplaced.net\/images\/2011\/07\/flammen.jpg\" rel=\"lyteshow-\"><figure><img src=\"http:\/\/hintz.bplaced.net\/images\/2011\/07\/flammen-140x140.jpg\" width=\"140\" height=\"140\"><figcaption><h1>Flammen<\/h1><h2><\/h2><p><\/p><\/figcaption><\/figure><\/a><a class=\"col w2\" href=\"http:\/\/hintz.bplaced.net\/en\/photos\/graffiti\/berlin\/styles\/attachment\/graffiti2b00\/\" data-src=\"http:\/\/hintz.bplaced.net\/images\/2011\/07\/graffiti2b00.jpg\" rel=\"lyteshow-\"><figure><img src=\"http:\/\/hintz.bplaced.net\/images\/2011\/07\/graffiti2b00-140x140.jpg\" width=\"140\" height=\"140\"><figcaption><h1>Blau-Gelb<\/h1><h2><\/h2><p><\/p><\/figcaption><\/figure><\/a><a class=\"col w2\" href=\"http:\/\/hintz.bplaced.net\/en\/photos\/graffiti\/berlin\/styles\/attachment\/graffiti2b02\/\" data-src=\"http:\/\/hintz.bplaced.net\/images\/2011\/07\/graffiti2b02.jpg\" rel=\"lyteshow-\"><figure><img src=\"http:\/\/hintz.bplaced.net\/images\/2011\/07\/graffiti2b02-140x95.jpg\" width=\"140\" height=\"95\"><figcaption><h1>Schwarz, Pink<\/h1><h2><\/h2><p><\/p><\/figcaption><\/figure><\/a><a class=\"col w2\" href=\"http:\/\/hintz.bplaced.net\/en\/photos\/graffiti\/berlin\/styles\/attachment\/graffiti2b29\/\" data-src=\"http:\/\/hintz.bplaced.net\/images\/2011\/07\/graffiti2b29.jpg\" rel=\"lyteshow-\"><figure><img src=\"http:\/\/hintz.bplaced.net\/images\/2011\/07\/graffiti2b29-140x140.jpg\" width=\"140\" height=\"140\" alt=\"Kick\"><figcaption><h1>Kick, Bar<\/h1><h2>Bar<\/h2><p><\/p><\/figcaption><\/figure><\/a><a class=\"col w2\" href=\"http:\/\/hintz.bplaced.net\/en\/photos\/graffiti\/berlin\/styles\/attachment\/hasn\/\" data-src=\"http:\/\/hintz.bplaced.net\/images\/2011\/07\/hasn.jpg\" rel=\"lyteshow-\"><figure><img src=\"http:\/\/hintz.bplaced.net\/images\/2011\/07\/hasn-140x140.jpg\" width=\"140\" height=\"140\"><figcaption><h1>Gr\u00fcn<\/h1><h2><\/h2><p><\/p><\/figcaption><\/figure><\/a><a class=\"col w2\" href=\"http:\/\/hintz.bplaced.net\/en\/photos\/graffiti\/berlin\/styles\/attachment\/his\/\" data-src=\"http:\/\/hintz.bplaced.net\/images\/2011\/07\/his.jpg\" rel=\"lyteshow-\"><figure><img src=\"http:\/\/hintz.bplaced.net\/images\/2011\/07\/his-140x140.jpg\" width=\"140\" height=\"140\"><figcaption><h1>Rosa<\/h1><h2><\/h2><p><\/p><\/figcaption><\/figure><\/a><a class=\"col w2\" href=\"http:\/\/hintz.bplaced.net\/en\/photos\/graffiti\/berlin\/styles\/attachment\/jinx\/\" data-src=\"http:\/\/hintz.bplaced.net\/images\/2011\/07\/jinx.jpg\" rel=\"lyteshow-\"><figure><img src=\"http:\/\/hintz.bplaced.net\/images\/2011\/07\/jinx-140x140.jpg\" width=\"140\" height=\"140\"><figcaption><h1>Jinx<\/h1><h2><\/h2><p><\/p><\/figcaption><\/figure><\/a><a class=\"col w2\" href=\"http:\/\/hintz.bplaced.net\/en\/photos\/graffiti\/berlin\/styles\/attachment\/klaks\/\" data-src=\"http:\/\/hintz.bplaced.net\/images\/2011\/07\/klaks.jpg\" rel=\"lyteshow-\"><figure><img src=\"http:\/\/hintz.bplaced.net\/images\/2011\/07\/klaks-140x140.jpg\" width=\"140\" height=\"140\"><figcaption><h1>Klaks<\/h1><h2><\/h2><p><\/p><\/figcaption><\/figure><\/a><a class=\"col w2\" href=\"http:\/\/hintz.bplaced.net\/en\/photos\/graffiti\/berlin\/styles\/attachment\/physy\/\" data-src=\"http:\/\/hintz.bplaced.net\/images\/2011\/07\/physy.jpg\" rel=\"lyteshow-\"><figure><img src=\"http:\/\/hintz.bplaced.net\/images\/2011\/07\/physy-140x140.jpg\" width=\"140\" height=\"140\"><figcaption><h1>Phist<\/h1><h2><\/h2><p><\/p><\/figcaption><\/figure><\/a><a class=\"col w2\" href=\"http:\/\/hintz.bplaced.net\/en\/photos\/graffiti\/berlin\/styles\/attachment\/pobo\/\" data-src=\"http:\/\/hintz.bplaced.net\/images\/2011\/07\/pobo.jpg\" rel=\"lyteshow-\"><figure><img src=\"http:\/\/hintz.bplaced.net\/images\/2011\/07\/pobo-140x140.jpg\" width=\"140\" height=\"140\"><figcaption><h1>Pure<\/h1><h2><\/h2><p><\/p><\/figcaption><\/figure><\/a><a class=\"col w2\" href=\"http:\/\/hintz.bplaced.net\/en\/photos\/graffiti\/berlin\/styles\/attachment\/rockin\/\" data-src=\"http:\/\/hintz.bplaced.net\/images\/2011\/07\/rockin.jpg\" rel=\"lyteshow-\"><figure><img src=\"http:\/\/hintz.bplaced.net\/images\/2011\/07\/rockin-140x140.jpg\" width=\"140\" height=\"140\"><figcaption><h1>Asym<\/h1><h2>Asym Rockin<\/h2><p><\/p><\/figcaption><\/figure><\/a><a class=\"col w2\" href=\"http:\/\/hintz.bplaced.net\/en\/photos\/graffiti\/berlin\/styles\/attachment\/root\/\" data-src=\"http:\/\/hintz.bplaced.net\/images\/2011\/07\/root.jpg\" rel=\"lyteshow-\"><figure><img src=\"http:\/\/hintz.bplaced.net\/images\/2011\/07\/root-140x140.jpg\" width=\"140\" height=\"140\"><figcaption><h1>Blau-Wei\u00df<\/h1><h2><\/h2><p><\/p><\/figcaption><\/figure><\/a><a class=\"col w2\" href=\"http:\/\/hintz.bplaced.net\/en\/photos\/graffiti\/berlin\/styles\/attachment\/sbs\/\" data-src=\"http:\/\/hintz.bplaced.net\/images\/2011\/07\/sbs.jpg\" rel=\"lyteshow-\"><figure><img src=\"http:\/\/hintz.bplaced.net\/images\/2011\/07\/sbs-140x140.jpg\" width=\"140\" height=\"140\"><figcaption><h1>Rosa-Blau<\/h1><h2><\/h2><p><\/p><\/figcaption><\/figure><\/a><a class=\"col w2\" href=\"http:\/\/hintz.bplaced.net\/en\/photos\/graffiti\/berlin\/styles\/attachment\/soney\/\" data-src=\"http:\/\/hintz.bplaced.net\/images\/2011\/07\/soney.jpg\" rel=\"lyteshow-\"><figure><img src=\"http:\/\/hintz.bplaced.net\/images\/2011\/07\/soney-140x140.jpg\" width=\"140\" height=\"140\"><figcaption><h1>Sone<\/h1><h2><\/h2><p><\/p><\/figcaption><\/figure><\/a><a class=\"col w2\" href=\"http:\/\/hintz.bplaced.net\/en\/photos\/graffiti\/berlin\/styles\/attachment\/stronzo\/\" data-src=\"http:\/\/hintz.bplaced.net\/images\/2011\/07\/stronzo.jpg\" rel=\"lyteshow-\"><figure><img src=\"http:\/\/hintz.bplaced.net\/images\/2011\/07\/stronzo-140x140.jpg\" width=\"140\" height=\"140\"><figcaption><h1>Skew<\/h1><h2>Stronzobarners<\/h2><p><\/p><\/figcaption><\/figure><\/a><a class=\"col w2\" href=\"http:\/\/hintz.bplaced.net\/en\/photos\/graffiti\/berlin\/styles\/attachment\/sue\/\" data-src=\"http:\/\/hintz.bplaced.net\/images\/2011\/07\/sue.jpg\" rel=\"lyteshow-\"><figure><img src=\"http:\/\/hintz.bplaced.net\/images\/2011\/07\/sue-140x140.jpg\" width=\"140\" height=\"140\"><figcaption><h1>Sue<\/h1><h2>Gr\u00fcne flammende Schrift vor rotem Hintergrund<\/h2><p><\/p><\/figcaption><\/figure><\/a><a class=\"col w2\" href=\"http:\/\/hintz.bplaced.net\/en\/photos\/graffiti\/berlin\/styles\/attachment\/syr\/\" data-src=\"http:\/\/hintz.bplaced.net\/images\/2011\/07\/syr.jpg\" rel=\"lyteshow-\"><figure><img src=\"http:\/\/hintz.bplaced.net\/images\/2011\/07\/syr-140x140.jpg\" width=\"140\" height=\"140\"><figcaption><h1>Pyro<\/h1><h2><\/h2><p><\/p><\/figcaption><\/figure><\/a><a class=\"col w2\" href=\"http:\/\/hintz.bplaced.net\/en\/photos\/graffiti\/berlin\/styles\/attachment\/teks\/\" data-src=\"http:\/\/hintz.bplaced.net\/images\/2011\/07\/teks.jpg\" rel=\"lyteshow-\"><figure><img src=\"http:\/\/hintz.bplaced.net\/images\/2011\/07\/teks-140x140.jpg\" width=\"140\" height=\"140\"><figcaption><h1>Teks<\/h1><h2><\/h2><p><\/p><\/figcaption><\/figure><\/a><a class=\"col w2\" href=\"http:\/\/hintz.bplaced.net\/en\/photos\/graffiti\/berlin\/styles\/attachment\/vandalen\/\" data-src=\"http:\/\/hintz.bplaced.net\/images\/2011\/07\/vandalen.jpg\" rel=\"lyteshow-\"><figure><img src=\"http:\/\/hintz.bplaced.net\/images\/2011\/07\/vandalen-140x140.jpg\" width=\"140\" height=\"140\"><figcaption><h1>Vandalen<\/h1><h2>Vandalen m\u00fcssen zahlen<\/h2><p><\/p><\/figcaption><\/figure><\/a><a class=\"col w2\" href=\"http:\/\/hintz.bplaced.net\/en\/photos\/graffiti\/berlin\/styles\/attachment\/vision\/\" data-src=\"http:\/\/hintz.bplaced.net\/images\/2011\/07\/vision.jpg\" rel=\"lyteshow-\"><figure><img src=\"http:\/\/hintz.bplaced.net\/images\/2011\/07\/vision-140x140.jpg\" width=\"140\" height=\"140\"><figcaption><h1>Vision<\/h1><h2><\/h2><p><\/p><\/figcaption><\/figure><\/a><a class=\"col w2\" href=\"http:\/\/hintz.bplaced.net\/en\/photos\/graffiti\/berlin\/styles\/attachment\/vtdy\/\" data-src=\"http:\/\/hintz.bplaced.net\/images\/2011\/07\/vtdy.jpg\" rel=\"lyteshow-\"><figure><img src=\"http:\/\/hintz.bplaced.net\/images\/2011\/07\/vtdy-140x140.jpg\" width=\"140\" height=\"140\" alt=\"Stus\"><figcaption><h1>Wei\u00df-Gelb<\/h1><h2><\/h2><p><\/p><\/figcaption><\/figure><\/a><a class=\"col w2\" href=\"http:\/\/hintz.bplaced.net\/en\/photos\/graffiti\/berlin\/styles\/attachment\/wannabee\/\" data-src=\"http:\/\/hintz.bplaced.net\/images\/2011\/07\/wannabee.jpg\" rel=\"lyteshow-\"><figure><img src=\"http:\/\/hintz.bplaced.net\/images\/2011\/07\/wannabee-140x140.jpg\" width=\"140\" height=\"140\"><figcaption><h1>ISOK<\/h1><h2><\/h2><p><\/p><\/figcaption><\/figure><\/a><a class=\"col w2\" href=\"http:\/\/hintz.bplaced.net\/en\/photos\/graffiti\/berlin\/styles\/attachment\/zoop\/\" data-src=\"http:\/\/hintz.bplaced.net\/images\/2011\/07\/zoop.jpg\" rel=\"lyteshow-\"><figure><img src=\"http:\/\/hintz.bplaced.net\/images\/2011\/07\/zoop-140x140.jpg\" width=\"140\" height=\"140\"><figcaption><h1>Skew<\/h1><h2><\/h2><p><\/p><\/figcaption><\/figure><\/a><a class=\"col w2\" href=\"http:\/\/hintz.bplaced.net\/en\/photos\/graffiti\/berlin\/styles\/attachment\/wi\/\" data-src=\"http:\/\/hintz.bplaced.net\/images\/2011\/07\/wi.jpg\" rel=\"lyteshow-\"><figure><img src=\"http:\/\/hintz.bplaced.net\/images\/2011\/07\/wi-140x140.jpg\" width=\"140\" height=\"140\"><figcaption><h1>Witer<\/h1><h2>Witer & Wione for ever<\/h2><p><\/p><\/figcaption><\/figure><\/a><a class=\"col w2\" href=\"http:\/\/hintz.bplaced.net\/en\/photos\/graffiti\/berlin\/styles\/attachment\/z\/\" data-src=\"http:\/\/hintz.bplaced.net\/images\/2011\/07\/z.jpg\" rel=\"lyteshow-\"><figure><img src=\"http:\/\/hintz.bplaced.net\/images\/2011\/07\/z-140x140.jpg\" width=\"140\" height=\"140\"><figcaption><h1>Rot, Blau<\/h1><h2><\/h2><p><\/p><\/figcaption><\/figure><\/a><a class=\"col w2\" href=\"http:\/\/hintz.bplaced.net\/en\/photos\/graffiti\/berlin\/styles\/attachment\/heyjungs\/\" data-src=\"http:\/\/hintz.bplaced.net\/images\/2011\/07\/heyjungs.jpg\" rel=\"lyteshow-\"><figure><img src=\"http:\/\/hintz.bplaced.net\/images\/2011\/07\/heyjungs-140x140.jpg\" width=\"140\" height=\"140\"><figcaption><h1>Hey Jungs \u2026<\/h1><h2><\/h2><p>\"Hey Jungs ich wei\u00df\r\ndie Wand verf\u00fchrt sehr\r\nwas rauf zu malen, ich\r\nbitte euch trotzdem es\r\nnicht zu tun, es ist genug\r\nPlatz f\u00fcr alle da.\r\nDanke\"<\/p><\/figcaption><\/figure><\/a><\/div><\/p>","protected":false},"excerpt":{"rendered":"<p>Graffiti Styles in\u00a0Berlin,\u00a0Germany<\/p>\n","protected":false},"author":1,"featured_media":347,"parent":187,"menu_order":5,"comment_status":"open","ping_status":"open","template":"","meta":[],"_links":{"self":[{"href":"http:\/\/hintz.bplaced.net\/en\/wp-json\/wp\/v2\/pages\/195"}],"collection":[{"href":"http:\/\/hintz.bplaced.net\/en\/wp-json\/wp\/v2\/pages"}],"about":[{"href":"http:\/\/hintz.bplaced.net\/en\/wp-json\/wp\/v2\/types\/page"}],"author":[{"embeddable":true,"href":"http:\/\/hintz.bplaced.net\/en\/wp-json\/wp\/v2\/users\/1"}],"replies":[{"embeddable":true,"href":"http:\/\/hintz.bplaced.net\/en\/wp-json\/wp\/v2\/comments?post=195"}],"version-history":[{"count":7,"href":"http:\/\/hintz.bplaced.net\/en\/wp-json\/wp\/v2\/pages\/195\/revisions"}],"predecessor-version":[{"id":2253,"href":"http:\/\/hintz.bplaced.net\/en\/wp-json\/wp\/v2\/pages\/195\/revisions\/2253"}],"up":[{"embeddable":true,"href":"http:\/\/hintz.bplaced.net\/en\/wp-json\/wp\/v2\/pages\/187"}],"wp:featuredmedia":[{"embeddable":true,"href":"http:\/\/hintz.bplaced.net\/en\/wp-json\/wp\/v2\/media\/347"}],"wp:attachment":[{"href":"http:\/\/hintz.bplaced.net\/en\/wp-json\/wp\/v2\/media?parent=195"}],"curies":[{"name":"wp","href":"https:\/\/api.w.org\/{rel}","templated":true}]}}