{"id":199,"date":"2011-07-13T09:00:49","date_gmt":"2011-07-13T07:00:49","guid":{"rendered":"http:\/\/hintz.bplaced.net\/?page_id=199"},"modified":"2011-07-31T19:18:12","modified_gmt":"2011-07-31T17:18:12","slug":"tacheles","status":"publish","type":"page","link":"http:\/\/hintz.bplaced.net\/en\/photos\/graffiti\/berlin\/tacheles\/","title":{"rendered":"Tacheles"},"content":{"rendered":"<p><\/p>\n<h1>Graffiti on the grounds of the Tacheles Building in Berlin, Germany<\/h1>\n<p><div class=\"col w8\"><a class=\"col w2\" href=\"http:\/\/hintz.bplaced.net\/en\/photos\/graffiti\/berlin\/tacheles\/attachment\/thats-how\/\" data-src=\"http:\/\/hintz.bplaced.net\/images\/2011\/07\/Thats-how.jpg\" rel=\"lyteshow-\"><figure><img src=\"http:\/\/hintz.bplaced.net\/images\/2011\/07\/Thats-how-140x140.jpg\" width=\"140\" height=\"140\" alt=\"That's how we are: Differrent\"><figcaption><h1>That&#8217;s how<\/h1><h2><\/h2><p><\/p><\/figcaption><\/figure><\/a><a class=\"col w2\" href=\"http:\/\/hintz.bplaced.net\/en\/photos\/graffiti\/berlin\/tacheles\/attachment\/the-nasty-boys\/\" data-src=\"http:\/\/hintz.bplaced.net\/images\/2011\/07\/The-Nasty-Boys.jpg\" rel=\"lyteshow-\"><figure><img src=\"http:\/\/hintz.bplaced.net\/images\/2011\/07\/The-Nasty-Boys-140x140.jpg\" width=\"140\" height=\"140\"><figcaption><h1>The Nasty Boys<\/h1><h2><\/h2><p><\/p><\/figcaption><\/figure><\/a><a class=\"col w2\" href=\"http:\/\/hintz.bplaced.net\/en\/photos\/graffiti\/berlin\/tacheles\/attachment\/shokin-hazard\/\" data-src=\"http:\/\/hintz.bplaced.net\/images\/2011\/07\/Shokin-Hazard.jpg\" rel=\"lyteshow-\"><figure><img src=\"http:\/\/hintz.bplaced.net\/images\/2011\/07\/Shokin-Hazard-140x140.jpg\" width=\"140\" height=\"140\"><figcaption><h1>Shokin Hazard<\/h1><h2><\/h2><p><\/p><\/figcaption><\/figure><\/a><a class=\"col w2\" href=\"http:\/\/hintz.bplaced.net\/en\/photos\/graffiti\/berlin\/tacheles\/attachment\/teach-berlin\/\" data-src=\"http:\/\/hintz.bplaced.net\/images\/2011\/07\/Teach-Berlin.jpg\" rel=\"lyteshow-\"><figure><img src=\"http:\/\/hintz.bplaced.net\/images\/2011\/07\/Teach-Berlin-140x140.jpg\" width=\"140\" height=\"140\"><figcaption><h1>Teach Berlin<\/h1><h2><\/h2><p><\/p><\/figcaption><\/figure><\/a><a class=\"col w2\" href=\"http:\/\/hintz.bplaced.net\/en\/photos\/graffiti\/berlin\/tacheles\/attachment\/fear-yourself\/\" data-src=\"http:\/\/hintz.bplaced.net\/images\/2011\/07\/Fear-Yourself.jpg\" rel=\"lyteshow-\"><figure><img src=\"http:\/\/hintz.bplaced.net\/images\/2011\/07\/Fear-Yourself-140x140.jpg\" width=\"140\" height=\"140\"><figcaption><h1>Fear Yourself<\/h1><h2><\/h2><p><\/p><\/figcaption><\/figure><\/a><a class=\"col w2\" href=\"http:\/\/hintz.bplaced.net\/en\/photos\/graffiti\/berlin\/tacheles\/attachment\/hahn\/\" data-src=\"http:\/\/hintz.bplaced.net\/images\/2011\/07\/Hahn.jpg\" rel=\"lyteshow-\"><figure><img src=\"http:\/\/hintz.bplaced.net\/images\/2011\/07\/Hahn-140x140.jpg\" width=\"140\" height=\"140\"><figcaption><h1>Rooster<\/h1><h2><\/h2><p><\/p><\/figcaption><\/figure><\/a><a class=\"col w2\" href=\"http:\/\/hintz.bplaced.net\/en\/photos\/graffiti\/berlin\/tacheles\/attachment\/pixel\/\" data-src=\"http:\/\/hintz.bplaced.net\/images\/2011\/07\/Pixel.jpg\" rel=\"lyteshow-\"><figure><img src=\"http:\/\/hintz.bplaced.net\/images\/2011\/07\/Pixel-140x140.jpg\" width=\"140\" height=\"140\"><figcaption><h1>Pixel<\/h1><h2><\/h2><p><\/p><\/figcaption><\/figure><\/a><a class=\"col w2\" href=\"http:\/\/hintz.bplaced.net\/en\/photos\/graffiti\/berlin\/tacheles\/attachment\/orange-2\/\" data-src=\"http:\/\/hintz.bplaced.net\/images\/2011\/07\/Orange.jpg\" rel=\"lyteshow-\"><figure><img src=\"http:\/\/hintz.bplaced.net\/images\/2011\/07\/Orange-140x140.jpg\" width=\"140\" height=\"140\"><figcaption><h1>Orange<\/h1><h2><\/h2><p><\/p><\/figcaption><\/figure><\/a><a class=\"col w2\" href=\"http:\/\/hintz.bplaced.net\/en\/photos\/graffiti\/berlin\/tacheles\/attachment\/mr-mucho\/\" data-src=\"http:\/\/hintz.bplaced.net\/images\/2011\/07\/Mr.-Mucho.jpg\" rel=\"lyteshow-\"><figure><img src=\"http:\/\/hintz.bplaced.net\/images\/2011\/07\/Mr.-Mucho-140x140.jpg\" width=\"140\" height=\"140\"><figcaption><h1>Mr. Mucho<\/h1><h2><\/h2><p><\/p><\/figcaption><\/figure><\/a><a class=\"col w2\" href=\"http:\/\/hintz.bplaced.net\/en\/photos\/graffiti\/berlin\/tacheles\/attachment\/joga-bonito-2\/\" data-src=\"http:\/\/hintz.bplaced.net\/images\/2011\/07\/Joga-Bonito.jpg\" rel=\"lyteshow-\"><figure><img src=\"http:\/\/hintz.bplaced.net\/images\/2011\/07\/Joga-Bonito-140x140.jpg\" width=\"140\" height=\"140\"><figcaption><h1>Joga Bonito<\/h1><h2><\/h2><p><\/p><\/figcaption><\/figure><\/a><a class=\"col w2\" href=\"http:\/\/hintz.bplaced.net\/en\/photos\/graffiti\/berlin\/tacheles\/attachment\/joga-bonito\/\" data-src=\"http:\/\/hintz.bplaced.net\/images\/2011\/07\/Joga-Bonito-2.jpg\" rel=\"lyteshow-\"><figure><img src=\"http:\/\/hintz.bplaced.net\/images\/2011\/07\/Joga-Bonito-2-140x140.jpg\" width=\"140\" height=\"140\"><figcaption><h1>Joga Bonito<\/h1><h2><\/h2><p>Detail<\/p><\/figcaption><\/figure><\/a><a class=\"col w2\" href=\"http:\/\/hintz.bplaced.net\/en\/photos\/graffiti\/berlin\/tacheles\/attachment\/hip-hop\/\" data-src=\"http:\/\/hintz.bplaced.net\/images\/2011\/07\/Hip-Hop.jpg\" rel=\"lyteshow-\"><figure><img src=\"http:\/\/hintz.bplaced.net\/images\/2011\/07\/Hip-Hop-140x140.jpg\" width=\"140\" height=\"140\"><figcaption><h1>Hip Hop<\/h1><h2><\/h2><p><\/p><\/figcaption><\/figure><\/a><a class=\"col w2\" href=\"http:\/\/hintz.bplaced.net\/en\/photos\/graffiti\/berlin\/tacheles\/attachment\/graffiti-2\/\" data-src=\"http:\/\/hintz.bplaced.net\/images\/2011\/07\/Graffiti.jpg\" rel=\"lyteshow-\"><figure><img src=\"http:\/\/hintz.bplaced.net\/images\/2011\/07\/Graffiti-140x140.jpg\" width=\"140\" height=\"140\"><figcaption><h1>Graffiti<\/h1><h2><\/h2><p><\/p><\/figcaption><\/figure><\/a><a class=\"col w2\" href=\"http:\/\/hintz.bplaced.net\/en\/photos\/graffiti\/berlin\/tacheles\/attachment\/gp\/\" data-src=\"http:\/\/hintz.bplaced.net\/images\/2011\/07\/GP.jpg\" rel=\"lyteshow-\"><figure><img src=\"http:\/\/hintz.bplaced.net\/images\/2011\/07\/GP-140x140.jpg\" width=\"140\" height=\"140\"><figcaption><h1>GP<\/h1><h2><\/h2><p><\/p><\/figcaption><\/figure><\/a><a class=\"col w2\" href=\"http:\/\/hintz.bplaced.net\/en\/photos\/graffiti\/berlin\/tacheles\/attachment\/tacheles_hauswand\/\" data-src=\"http:\/\/hintz.bplaced.net\/images\/2011\/07\/tacheles_hauswand.jpg\" rel=\"lyteshow-\"><figure><img src=\"http:\/\/hintz.bplaced.net\/images\/2011\/07\/tacheles_hauswand-140x140.jpg\" width=\"140\" height=\"140\" alt=\"Tacheles\"><figcaption><h1>Building Wall<\/h1><h2>Eine Hauswand auf dem Gel\u00e4nde des Tacheles<\/h2><p><\/p><\/figcaption><\/figure><\/a><a class=\"col w2\" href=\"http:\/\/hintz.bplaced.net\/en\/photos\/graffiti\/berlin\/tacheles\/attachment\/tacheles_totenkopf\/\" data-src=\"http:\/\/hintz.bplaced.net\/images\/2011\/07\/tacheles_totenkopf.jpg\" rel=\"lyteshow-\"><figure><img src=\"http:\/\/hintz.bplaced.net\/images\/2011\/07\/tacheles_totenkopf-140x140.jpg\" width=\"140\" height=\"140\" alt=\"Tacheles\"><figcaption><h1>Skull<\/h1><h2>Ein Totenkopf, der Berliner Fernsehturm und junge M\u00e4nner mit Hund<\/h2><p>Das Gartenhaus des Tacheles ist im Fr\u00fchling 2000 wenige Wochen, nach dem diese Aufnahmen entstanden, v\u00f6llig abgerissen worden.<\/p><\/figcaption><\/figure><\/a><a class=\"col w2\" href=\"http:\/\/hintz.bplaced.net\/en\/photos\/graffiti\/berlin\/tacheles\/attachment\/tacheles_face\/\" data-src=\"http:\/\/hintz.bplaced.net\/images\/2011\/07\/tacheles_face.jpg\" rel=\"lyteshow-\"><figure><img src=\"http:\/\/hintz.bplaced.net\/images\/2011\/07\/tacheles_face-140x140.jpg\" width=\"140\" height=\"140\" alt=\"Tacheles\"><figcaption><h1>Face<\/h1><h2>Ein Mann mit grimmigen Gesicht, Messer und Hut<\/h2><p>Das Gartenhaus des Tacheles ist im Fr\u00fchling 2000 wenige Wochen, nach dem diese Aufnahmen entstanden, v\u00f6llig abgerissen worden.<\/p><\/figcaption><\/figure><\/a><a class=\"col w2\" href=\"http:\/\/hintz.bplaced.net\/en\/photos\/graffiti\/berlin\/tacheles\/attachment\/tacheles_faces\/\" data-src=\"http:\/\/hintz.bplaced.net\/images\/2011\/07\/tacheles_faces.jpg\" rel=\"lyteshow-\"><figure><img src=\"http:\/\/hintz.bplaced.net\/images\/2011\/07\/tacheles_faces-140x140.jpg\" width=\"140\" height=\"140\" alt=\"Tacheles Gartenhaus\"><figcaption><h1>Faces<\/h1><h2>Die Theke des Gartenhauses<\/h2><p>Das Gartenhaus des Tacheles ist im Fr\u00fchling 2000 wenige Wochen, nach dem diese Aufnahmen entstanden, v\u00f6llig abgerissen worden.<\/p><\/figcaption><\/figure><\/a><a class=\"col w2\" href=\"http:\/\/hintz.bplaced.net\/en\/photos\/graffiti\/berlin\/tacheles\/attachment\/tacheles_vampir_face\/\" data-src=\"http:\/\/hintz.bplaced.net\/images\/2011\/07\/tacheles_vampir_face.jpg\" rel=\"lyteshow-\"><figure><img src=\"http:\/\/hintz.bplaced.net\/images\/2011\/07\/tacheles_vampir_face-140x140.jpg\" width=\"140\" height=\"140\" alt=\"Tacheles\"><figcaption><h1>Vampire<\/h1><h2>Ein l\u00e4chelndes Gesicht einer Frau mit Z\u00f6pfen und Vampirz\u00e4hnen<\/h2><p>Das Gartenhaus des Tacheles ist im Fr\u00fchling 2000 wenige Wochen, nach dem diese Aufnahmen entstanden, v\u00f6llig abgerissen worden.<\/p><\/figcaption><\/figure><\/a><a class=\"col w2\" href=\"http:\/\/hintz.bplaced.net\/en\/photos\/graffiti\/berlin\/tacheles\/attachment\/r-volk\/\" data-src=\"http:\/\/hintz.bplaced.net\/images\/2011\/07\/r-volk.jpg\" rel=\"lyteshow-\"><figure><img src=\"http:\/\/hintz.bplaced.net\/images\/2011\/07\/r-volk-140x140.jpg\" width=\"140\" height=\"140\" alt=\"Tacheles\"><figcaption><h1>R-Volk<\/h1><h2>R-Volk<\/h2><p>\"R-Volk\" ist eine Wortspielerei mit \"Erfolg\" und \"Volk\" Das \"R-Volk\"Symbol ist hier in Form einer Flamme geziert mit einer Unterhose vor einem Hintergrund mit Planeten und Weltall.\r\n\r\nAuch der Raum, der mit diesem Bild bemalt wurde, auf dem Gel\u00e4nde des Tacheles ist im Jahr 2000 wenige Wochen, nach dem diese Aufnahmen entstanden, abgerissen worden.<\/p><\/figcaption><\/figure><\/a><a class=\"col w2\" href=\"http:\/\/hintz.bplaced.net\/en\/photos\/graffiti\/berlin\/tacheles\/attachment\/tacheles_zeit\/\" data-src=\"http:\/\/hintz.bplaced.net\/images\/2011\/07\/tacheles_zeit.jpg\" rel=\"lyteshow-\"><figure><img src=\"http:\/\/hintz.bplaced.net\/images\/2011\/07\/tacheles_zeit-140x140.jpg\" width=\"140\" height=\"140\" alt=\"Tacheles\"><figcaption><h1>Time<\/h1><h2>Time, Clock<\/h2><p><\/p><\/figcaption><\/figure><\/a><a class=\"col w2\" href=\"http:\/\/hintz.bplaced.net\/en\/photos\/graffiti\/berlin\/tacheles\/attachment\/tacheles_soul\/\" data-src=\"http:\/\/hintz.bplaced.net\/images\/2011\/07\/tacheles_soul.jpg\" rel=\"lyteshow-\"><figure><img src=\"http:\/\/hintz.bplaced.net\/images\/2011\/07\/tacheles_soul-140x140.jpg\" width=\"140\" height=\"140\" alt=\"Tacheles\"><figcaption><h1>Soul<\/h1><h2>Soul<\/h2><p>\"Bin\u00e4r 1010001. Nach dem Tod der Spiritualit\u00e4t wird der Mensch seine Seele verlangen. Freie Gesellschaft? Stoppe die neue Weltordnung.\"<\/p><\/figcaption><\/figure><\/a><\/div><\/p>","protected":false},"excerpt":{"rendered":"<p>Graffiti on the grounds of the Tacheles Building in Berlin, Germany<\/p>\n","protected":false},"author":1,"featured_media":334,"parent":187,"menu_order":6,"comment_status":"open","ping_status":"open","template":"","meta":[],"_links":{"self":[{"href":"http:\/\/hintz.bplaced.net\/en\/wp-json\/wp\/v2\/pages\/199"}],"collection":[{"href":"http:\/\/hintz.bplaced.net\/en\/wp-json\/wp\/v2\/pages"}],"about":[{"href":"http:\/\/hintz.bplaced.net\/en\/wp-json\/wp\/v2\/types\/page"}],"author":[{"embeddable":true,"href":"http:\/\/hintz.bplaced.net\/en\/wp-json\/wp\/v2\/users\/1"}],"replies":[{"embeddable":true,"href":"http:\/\/hintz.bplaced.net\/en\/wp-json\/wp\/v2\/comments?post=199"}],"version-history":[{"count":7,"href":"http:\/\/hintz.bplaced.net\/en\/wp-json\/wp\/v2\/pages\/199\/revisions"}],"predecessor-version":[{"id":2255,"href":"http:\/\/hintz.bplaced.net\/en\/wp-json\/wp\/v2\/pages\/199\/revisions\/2255"}],"up":[{"embeddable":true,"href":"http:\/\/hintz.bplaced.net\/en\/wp-json\/wp\/v2\/pages\/187"}],"wp:featuredmedia":[{"embeddable":true,"href":"http:\/\/hintz.bplaced.net\/en\/wp-json\/wp\/v2\/media\/334"}],"wp:attachment":[{"href":"http:\/\/hintz.bplaced.net\/en\/wp-json\/wp\/v2\/media?parent=199"}],"curies":[{"name":"wp","href":"https:\/\/api.w.org\/{rel}","templated":true}]}}