{"id":211,"date":"2011-07-12T22:01:05","date_gmt":"2011-07-12T20:01:05","guid":{"rendered":"http:\/\/hintz.bplaced.net\/?page_id=211"},"modified":"2011-10-01T19:17:08","modified_gmt":"2011-10-01T17:17:08","slug":"oranienburger","status":"publish","type":"page","link":"http:\/\/hintz.bplaced.net\/en\/photos\/graffiti\/berlin\/oranienburger\/","title":{"rendered":"Oranienburger"},"content":{"rendered":"<p><\/p>\n<h1>Oranienburger Stra\u00dfe<\/h1>\n<div class=\"col w8\"><a class=\"col w2\" href=\"http:\/\/hintz.bplaced.net\/en\/photos\/graffiti\/berlin\/oranienburger\/attachment\/straight\/\" data-src=\"http:\/\/hintz.bplaced.net\/images\/2011\/07\/straight.jpg\" rel=\"lyteshow-\"><figure><img src=\"http:\/\/hintz.bplaced.net\/images\/2011\/07\/straight-140x140.jpg\" width=\"140\" height=\"140\"><figcaption><h1>Straight<\/h1><h2>Fossil?<\/h2><p><\/p><\/figcaption><\/figure><\/a><a class=\"col w2\" href=\"http:\/\/hintz.bplaced.net\/en\/photos\/graffiti\/berlin\/oranienburger\/attachment\/car\/\" data-src=\"http:\/\/hintz.bplaced.net\/images\/2011\/07\/car.jpg\" rel=\"lyteshow-\"><figure><img src=\"http:\/\/hintz.bplaced.net\/images\/2011\/07\/car-140x140.jpg\" width=\"140\" height=\"140\"><figcaption><h1>Auto<\/h1><h2><\/h2><p><\/p><\/figcaption><\/figure><\/a><a class=\"col w2\" href=\"http:\/\/hintz.bplaced.net\/en\/photos\/graffiti\/berlin\/oranienburger\/attachment\/verkehrt\/\" data-src=\"http:\/\/hintz.bplaced.net\/images\/2011\/07\/verkehrt.jpg\" rel=\"lyteshow-\"><figure><img src=\"http:\/\/hintz.bplaced.net\/images\/2011\/07\/verkehrt-140x140.jpg\" width=\"140\" height=\"140\" alt=\"S-Bahn verkehrt!\"><figcaption><h1>Verkehrt<\/h1><h2><\/h2><p><\/p><\/figcaption><\/figure><\/a><a class=\"col w2\" href=\"http:\/\/hintz.bplaced.net\/en\/photos\/graffiti\/berlin\/oranienburger\/attachment\/lulu\/\" data-src=\"http:\/\/hintz.bplaced.net\/images\/2011\/07\/lulu.jpg\" rel=\"lyteshow-\"><figure><img src=\"http:\/\/hintz.bplaced.net\/images\/2011\/07\/lulu-140x140.jpg\" width=\"140\" height=\"140\"><figcaption><h1>Lulu<\/h1><h2><\/h2><p><\/p><\/figcaption><\/figure><\/a><a class=\"col w2\" href=\"http:\/\/hintz.bplaced.net\/en\/photos\/graffiti\/berlin\/oranienburger\/attachment\/ichkomm\/\" data-src=\"http:\/\/hintz.bplaced.net\/images\/2011\/07\/ichkomm.jpg\" rel=\"lyteshow-\"><figure><img src=\"http:\/\/hintz.bplaced.net\/images\/2011\/07\/ichkomm-140x140.jpg\" width=\"140\" height=\"140\" alt=\"Ich komm nur in der S-Bahn in Fahrt!\"><figcaption><h1>Ich komme<\/h1><h2><\/h2><p><\/p><\/figcaption><\/figure><\/a><a class=\"col w2\" href=\"http:\/\/hintz.bplaced.net\/en\/photos\/graffiti\/berlin\/oranienburger\/attachment\/limes\/\" data-src=\"http:\/\/hintz.bplaced.net\/images\/2011\/07\/limes.jpg\" rel=\"lyteshow-\"><figure><img src=\"http:\/\/hintz.bplaced.net\/images\/2011\/07\/limes-140x140.jpg\" width=\"140\" height=\"140\"><figcaption><h1>Limes<\/h1><h2><\/h2><p><\/p><\/figcaption><\/figure><\/a><a class=\"col w2\" href=\"http:\/\/hintz.bplaced.net\/en\/photos\/graffiti\/berlin\/oranienburger\/attachment\/dosen\/\" data-src=\"http:\/\/hintz.bplaced.net\/images\/2011\/07\/dosen.jpg\" rel=\"lyteshow-\"><figure><img src=\"http:\/\/hintz.bplaced.net\/images\/2011\/07\/dosen-140x140.jpg\" width=\"140\" height=\"140\"><figcaption><h1>Dosen<\/h1><h2><\/h2><p><\/p><\/figcaption><\/figure><\/a><a class=\"col w2\" href=\"http:\/\/hintz.bplaced.net\/en\/photos\/graffiti\/berlin\/oranienburger\/attachment\/flo\/\" data-src=\"http:\/\/hintz.bplaced.net\/images\/2011\/07\/flo.jpg\" rel=\"lyteshow-\"><figure><img src=\"http:\/\/hintz.bplaced.net\/images\/2011\/07\/flo-140x140.jpg\" width=\"140\" height=\"140\"><figcaption><h1>Flo95<\/h1><h2><\/h2><p><\/p><\/figcaption><\/figure><\/a><a class=\"col w2\" href=\"http:\/\/hintz.bplaced.net\/en\/photos\/graffiti\/berlin\/oranienburger\/attachment\/green\/\" data-src=\"http:\/\/hintz.bplaced.net\/images\/2011\/07\/green.jpg\" rel=\"lyteshow-\"><figure><img src=\"http:\/\/hintz.bplaced.net\/images\/2011\/07\/green-140x140.jpg\" width=\"140\" height=\"140\"><figcaption><h1>Gr\u00fcn<\/h1><h2><\/h2><p><\/p><\/figcaption><\/figure><\/a><a class=\"col w2\" href=\"http:\/\/hintz.bplaced.net\/en\/photos\/graffiti\/berlin\/oranienburger\/attachment\/flo95\/\" data-src=\"http:\/\/hintz.bplaced.net\/images\/2011\/07\/flo95.jpg\" rel=\"lyteshow-\"><figure><img src=\"http:\/\/hintz.bplaced.net\/images\/2011\/07\/flo95-140x140.jpg\" width=\"140\" height=\"140\"><figcaption><h1>Flo95<\/h1><h2><\/h2><p><\/p><\/figcaption><\/figure><\/a><a class=\"col w2\" href=\"http:\/\/hintz.bplaced.net\/en\/photos\/graffiti\/berlin\/oranienburger\/attachment\/geradeaus\/\" data-src=\"http:\/\/hintz.bplaced.net\/images\/2011\/07\/geradeaus.jpg\" rel=\"lyteshow-\"><figure><img src=\"http:\/\/hintz.bplaced.net\/images\/2011\/07\/geradeaus-140x140.jpg\" width=\"140\" height=\"140\"><figcaption><h1>Geradeaus<\/h1><h2><\/h2><p><\/p><\/figcaption><\/figure><\/a><a class=\"col w2\" href=\"http:\/\/hintz.bplaced.net\/en\/photos\/graffiti\/berlin\/oranienburger\/attachment\/zebrastreifen\/\" data-src=\"http:\/\/hintz.bplaced.net\/images\/2011\/07\/zebrastreifen.jpg\" rel=\"lyteshow-\"><figure><img src=\"http:\/\/hintz.bplaced.net\/images\/2011\/07\/zebrastreifen-140x140.jpg\" width=\"140\" height=\"140\"><figcaption><h1>Zebrastreifen<\/h1><h2><\/h2><p><\/p><\/figcaption><\/figure><\/a><a class=\"col w2\" href=\"http:\/\/hintz.bplaced.net\/en\/photos\/graffiti\/berlin\/oranienburger\/attachment\/reifen\/\" data-src=\"http:\/\/hintz.bplaced.net\/images\/2011\/07\/reifen.jpg\" rel=\"lyteshow-\"><figure><img src=\"http:\/\/hintz.bplaced.net\/images\/2011\/07\/reifen-140x140.jpg\" width=\"140\" height=\"140\"><figcaption><h1>Reifen<\/h1><h2><\/h2><p><\/p><\/figcaption><\/figure><\/a><a class=\"col w2\" href=\"http:\/\/hintz.bplaced.net\/en\/photos\/graffiti\/berlin\/oranienburger\/attachment\/tokyo\/\" data-src=\"http:\/\/hintz.bplaced.net\/images\/2011\/07\/tokyo.jpg\" rel=\"lyteshow-\"><figure><img src=\"http:\/\/hintz.bplaced.net\/images\/2011\/07\/tokyo-140x140.jpg\" width=\"140\" height=\"140\"><figcaption><h1>Tokyo \u6771\u4eac<\/h1><h2><\/h2><p><\/p><\/figcaption><\/figure><\/a><a class=\"col w2\" href=\"http:\/\/hintz.bplaced.net\/en\/photos\/graffiti\/berlin\/oranienburger\/attachment\/zunge-2\/\" data-src=\"http:\/\/hintz.bplaced.net\/images\/2011\/07\/zunge1.jpg\" rel=\"lyteshow-\"><figure><img src=\"http:\/\/hintz.bplaced.net\/images\/2011\/07\/zunge1-140x140.jpg\" width=\"140\" height=\"140\"><figcaption><h1>Zunge<\/h1><h2><\/h2><p><\/p><\/figcaption><\/figure><\/a><a class=\"col w2\" href=\"http:\/\/hintz.bplaced.net\/en\/photos\/graffiti\/berlin\/oranienburger\/attachment\/rasta-2\/\" data-src=\"http:\/\/hintz.bplaced.net\/images\/2011\/07\/rasta1.jpg\" rel=\"lyteshow-\"><figure><img src=\"http:\/\/hintz.bplaced.net\/images\/2011\/07\/rasta1-140x140.jpg\" width=\"140\" height=\"140\"><figcaption><h1>Rasta<\/h1><h2><\/h2><p><\/p><\/figcaption><\/figure><\/a><a class=\"col w2\" href=\"http:\/\/hintz.bplaced.net\/en\/photos\/graffiti\/berlin\/oranienburger\/attachment\/fahren\/\" data-src=\"http:\/\/hintz.bplaced.net\/images\/2011\/07\/fahren.jpg\" rel=\"lyteshow-\"><figure><img src=\"http:\/\/hintz.bplaced.net\/images\/2011\/07\/fahren-140x140.jpg\" width=\"140\" height=\"140\" alt=\"Fahren statt Staustehen\"><figcaption><h1>Fahren<\/h1><h2><\/h2><p><\/p><\/figcaption><\/figure><\/a><a class=\"col w2\" href=\"http:\/\/hintz.bplaced.net\/en\/photos\/graffiti\/berlin\/oranienburger\/attachment\/erik\/\" data-src=\"http:\/\/hintz.bplaced.net\/images\/2011\/07\/erik.jpg\" rel=\"lyteshow-\"><figure><img src=\"http:\/\/hintz.bplaced.net\/images\/2011\/07\/erik-140x140.jpg\" width=\"140\" height=\"140\"><figcaption><h1>Erik<\/h1><h2><\/h2><p><\/p><\/figcaption><\/figure><\/a><a class=\"col w2\" href=\"http:\/\/hintz.bplaced.net\/en\/photos\/graffiti\/berlin\/oranienburger\/attachment\/fernsehturm\/\" data-src=\"http:\/\/hintz.bplaced.net\/images\/2011\/07\/fernsehturm.jpg\" rel=\"lyteshow-\"><figure><img src=\"http:\/\/hintz.bplaced.net\/images\/2011\/07\/fernsehturm-140x140.jpg\" width=\"140\" height=\"140\"><figcaption><h1>Fernsehturm<\/h1><h2><\/h2><p><\/p><\/figcaption><\/figure><\/a><a class=\"col w2\" href=\"http:\/\/hintz.bplaced.net\/en\/photos\/graffiti\/berlin\/oranienburger\/attachment\/kiss\/\" data-src=\"http:\/\/hintz.bplaced.net\/images\/2011\/07\/kiss.jpg\" rel=\"lyteshow-\"><figure><img src=\"http:\/\/hintz.bplaced.net\/images\/2011\/07\/kiss-140x140.jpg\" width=\"140\" height=\"140\"><figcaption><h1>Kiss<\/h1><h2><\/h2><p><\/p><\/figcaption><\/figure><\/a><\/div>\n<p>S-Bahn Station Oranienburger Stra\u00dfe &#8211; A shared project of S-Bahn Berlin GmbH and graffiti artists from Berlin.<\/p>\n<p>Art Director: Frank L\u00e4mmer.<\/p>\n<p>With creativity against destruction. A symbol for tolerance and acceptance.<\/p>","protected":false},"excerpt":{"rendered":"<p>Oranienburger Stra\u00dfe S-Bahn Station Oranienburger Stra\u00dfe &#8211; A shared project of S-Bahn Berlin GmbH and graffiti artists from Berlin. Art Director: Frank L\u00e4mmer. With creativity against destruction. A symbol for tolerance and acceptance.<\/p>\n","protected":false},"author":1,"featured_media":1045,"parent":187,"menu_order":11,"comment_status":"open","ping_status":"open","template":"","meta":[],"_links":{"self":[{"href":"http:\/\/hintz.bplaced.net\/en\/wp-json\/wp\/v2\/pages\/211"}],"collection":[{"href":"http:\/\/hintz.bplaced.net\/en\/wp-json\/wp\/v2\/pages"}],"about":[{"href":"http:\/\/hintz.bplaced.net\/en\/wp-json\/wp\/v2\/types\/page"}],"author":[{"embeddable":true,"href":"http:\/\/hintz.bplaced.net\/en\/wp-json\/wp\/v2\/users\/1"}],"replies":[{"embeddable":true,"href":"http:\/\/hintz.bplaced.net\/en\/wp-json\/wp\/v2\/comments?post=211"}],"version-history":[{"count":11,"href":"http:\/\/hintz.bplaced.net\/en\/wp-json\/wp\/v2\/pages\/211\/revisions"}],"predecessor-version":[{"id":2761,"href":"http:\/\/hintz.bplaced.net\/en\/wp-json\/wp\/v2\/pages\/211\/revisions\/2761"}],"up":[{"embeddable":true,"href":"http:\/\/hintz.bplaced.net\/en\/wp-json\/wp\/v2\/pages\/187"}],"wp:featuredmedia":[{"embeddable":true,"href":"http:\/\/hintz.bplaced.net\/en\/wp-json\/wp\/v2\/media\/1045"}],"wp:attachment":[{"href":"http:\/\/hintz.bplaced.net\/en\/wp-json\/wp\/v2\/media?parent=211"}],"curies":[{"name":"wp","href":"https:\/\/api.w.org\/{rel}","templated":true}]}}