{"id":2311,"date":"2011-08-07T10:21:28","date_gmt":"2011-08-07T08:21:28","guid":{"rendered":"http:\/\/hintz.bplaced.net\/?page_id=2311"},"modified":"2011-10-01T19:07:07","modified_gmt":"2011-10-01T17:07:07","slug":"gracograco","status":"publish","type":"page","link":"http:\/\/hintz.bplaced.net\/en\/photos\/graffiti\/berlin\/graco\/graco\/","title":{"rendered":"GRACO"},"content":{"rendered":"<p><\/p>\n<h1>Graffiti Connection in Berlin<\/h1>\n<p><div class=\"col w8\"><a class=\"col w2\" href=\"http:\/\/hintz.bplaced.net\/en\/photos\/graffiti\/berlin\/graco\/graco\/attachment\/graco-2\/\" data-src=\"http:\/\/hintz.bplaced.net\/images\/2011\/07\/graco.jpg\" rel=\"lyteshow-\"><figure><img src=\"http:\/\/hintz.bplaced.net\/images\/2011\/07\/graco-140x140.jpg\" width=\"140\" height=\"140\"><figcaption><h1>GRACO<\/h1><h2>Graffiti Connection<\/h2><p>Das Graffiti-Connection-Logo mit stilisierter Spraydose.\r\nDaisy, Lake, Erik Stek, Massaka, Malte.\r\nGemalt im Juli 1998, fotografiert im Jahr 2000.<\/p><\/figcaption><\/figure><\/a><a class=\"col w2\" href=\"http:\/\/hintz.bplaced.net\/en\/photos\/graffiti\/berlin\/graco\/graco\/attachment\/wellen\/\" data-src=\"http:\/\/hintz.bplaced.net\/images\/2011\/07\/wellen.jpg\" rel=\"lyteshow-\"><figure><img src=\"http:\/\/hintz.bplaced.net\/images\/2011\/07\/wellen-140x140.jpg\" width=\"140\" height=\"140\"><figcaption><h1>Wellen<\/h1><h2><\/h2><p>Nicht alle W\u00e4nde wurden mit Potr\u00e4ts bemalt. Die \u00fcbrigen Fl\u00e4chen sind mit verschiedenen farbigen Wellenstrukturen \u00fcberzogen. Dieses Bild zeigt ein typisches Beispiel.<\/p><\/figcaption><\/figure><\/a><a class=\"col w2\" href=\"http:\/\/hintz.bplaced.net\/en\/photos\/graffiti\/berlin\/graco\/graco\/attachment\/comic\/\" data-src=\"http:\/\/hintz.bplaced.net\/images\/2011\/07\/comic.jpg\" rel=\"lyteshow-\"><figure><img src=\"http:\/\/hintz.bplaced.net\/images\/2011\/07\/comic-140x140.jpg\" width=\"140\" height=\"140\" alt=\"Sailormoon\"><figcaption><h1>Comic<\/h1><h2>Eine Comic-Figur<\/h2><p><\/p><\/figcaption><\/figure><\/a><a class=\"col w2\" href=\"http:\/\/hintz.bplaced.net\/en\/photos\/graffiti\/berlin\/graco\/graco\/attachment\/schmuck\/\" data-src=\"http:\/\/hintz.bplaced.net\/images\/2011\/07\/schmuck.jpg\" rel=\"lyteshow-\"><figure><img src=\"http:\/\/hintz.bplaced.net\/images\/2011\/07\/schmuck-140x140.jpg\" width=\"140\" height=\"140\"><figcaption><h1>Schmuck<\/h1><h2>Ein Mensch mit Kopfschmuck, Halskette und Armreifen<\/h2><p><\/p><\/figcaption><\/figure><\/a><a class=\"col w2\" href=\"http:\/\/hintz.bplaced.net\/en\/photos\/graffiti\/berlin\/graco\/graco\/attachment\/seifenblase\/\" data-src=\"http:\/\/hintz.bplaced.net\/images\/2011\/07\/seifenblase.jpg\" rel=\"lyteshow-\"><figure><img src=\"http:\/\/hintz.bplaced.net\/images\/2011\/07\/seifenblase-140x140.jpg\" width=\"140\" height=\"140\"><figcaption><h1>Seifenblase<\/h1><h2>Eine Seifenblase entsteht.<\/h2><p><\/p><\/figcaption><\/figure><\/a><a class=\"col w2\" href=\"http:\/\/hintz.bplaced.net\/en\/photos\/graffiti\/berlin\/graco\/graco\/attachment\/graco2\/\" data-src=\"http:\/\/hintz.bplaced.net\/images\/2011\/07\/graco2.jpg\" rel=\"lyteshow-\"><figure><img src=\"http:\/\/hintz.bplaced.net\/images\/2011\/07\/graco2-140x140.jpg\" width=\"140\" height=\"140\" alt=\"Graffiti Connection\"><figcaption><h1>GRACO<\/h1><h2>Das GRACO-Logo mit stilisierter Spraydose.  <\/h2><p><\/p><\/figcaption><\/figure><\/a><\/div><\/p>","protected":false},"excerpt":{"rendered":"<p>Graffiti Connection in Berlin<\/p>\n","protected":false},"author":1,"featured_media":1204,"parent":205,"menu_order":1,"comment_status":"open","ping_status":"open","template":"","meta":[],"_links":{"self":[{"href":"http:\/\/hintz.bplaced.net\/en\/wp-json\/wp\/v2\/pages\/2311"}],"collection":[{"href":"http:\/\/hintz.bplaced.net\/en\/wp-json\/wp\/v2\/pages"}],"about":[{"href":"http:\/\/hintz.bplaced.net\/en\/wp-json\/wp\/v2\/types\/page"}],"author":[{"embeddable":true,"href":"http:\/\/hintz.bplaced.net\/en\/wp-json\/wp\/v2\/users\/1"}],"replies":[{"embeddable":true,"href":"http:\/\/hintz.bplaced.net\/en\/wp-json\/wp\/v2\/comments?post=2311"}],"version-history":[{"count":7,"href":"http:\/\/hintz.bplaced.net\/en\/wp-json\/wp\/v2\/pages\/2311\/revisions"}],"predecessor-version":[{"id":2751,"href":"http:\/\/hintz.bplaced.net\/en\/wp-json\/wp\/v2\/pages\/2311\/revisions\/2751"}],"up":[{"embeddable":true,"href":"http:\/\/hintz.bplaced.net\/en\/wp-json\/wp\/v2\/pages\/205"}],"wp:featuredmedia":[{"embeddable":true,"href":"http:\/\/hintz.bplaced.net\/en\/wp-json\/wp\/v2\/media\/1204"}],"wp:attachment":[{"href":"http:\/\/hintz.bplaced.net\/en\/wp-json\/wp\/v2\/media?parent=2311"}],"curies":[{"name":"wp","href":"https:\/\/api.w.org\/{rel}","templated":true}]}}